{"id":23,"date":"2019-07-25T20:11:31","date_gmt":"2019-07-26T00:11:31","guid":{"rendered":"https:\/\/www.ftsgps.com\/?page_id=23"},"modified":"2026-04-24T15:41:43","modified_gmt":"2026-04-24T19:41:43","slug":"aplicacion-de-gestion-de-flotas","status":"publish","type":"page","link":"https:\/\/www.ftsgps.com\/es\/products\/fleet-management-app\/","title":{"rendered":"Monarch"},"content":{"rendered":"","protected":false},"excerpt":{"rendered":"","protected":false},"author":1,"featured_media":0,"parent":15,"menu_order":0,"comment_status":"closed","ping_status":"closed","template":"templates\/products-monarch.php","meta":{"_acf_changed":false,"content-type":"","footnotes":""},"class_list":["post-23","page","type-page","status-publish","hentry"],"acf":[],"yoast_head":"<!-- This site is optimized with the Yoast SEO plugin v27.5 - https:\/\/yoast.com\/product\/yoast-seo-wordpress\/ -->\n<title>Monarch Fleet Management App for Real-Time Tracking | FTSGPS<\/title>\n<meta name=\"description\" content=\"See every vehicle on a live map from your phone. Monarch delivers real-time GPS tracking, driver activity, speed, and stops \u2014 your whole fleet in your pocket.\" \/>\n<meta name=\"robots\" content=\"index, follow, max-snippet:-1, max-image-preview:large, max-video-preview:-1\" \/>\n<link rel=\"canonical\" href=\"https:\/\/www.ftsgps.com\/es\/productos\/aplicacion-de-gestion-de-flotas\/\" \/>\n<meta property=\"og:locale\" content=\"es_MX\" \/>\n<meta property=\"og:type\" content=\"article\" \/>\n<meta property=\"og:title\" content=\"Monarch Fleet Management App for Real-Time Tracking | FTSGPS\" \/>\n<meta property=\"og:description\" content=\"See every vehicle on a live map from your phone. Monarch delivers real-time GPS tracking, driver activity, speed, and stops \u2014 your whole fleet in your pocket.\" \/>\n<meta property=\"og:url\" content=\"https:\/\/www.ftsgps.com\/es\/productos\/aplicacion-de-gestion-de-flotas\/\" \/>\n<meta property=\"og:site_name\" content=\"Forward Thinking Systems\" \/>\n<meta property=\"article:publisher\" content=\"https:\/\/www.facebook.com\/ftsGPS\/\" \/>\n<meta property=\"article:modified_time\" content=\"2026-04-24T19:41:43+00:00\" \/>\n<meta property=\"og:image\" content=\"https:\/\/www.ftsgps.com\/wp-content\/uploads\/2026\/02\/ForwardThinkingSystems.png\" \/>\n\t<meta property=\"og:image:width\" content=\"1200\" \/>\n\t<meta property=\"og:image:height\" content=\"675\" \/>\n\t<meta property=\"og:image:type\" content=\"image\/png\" \/>\n<meta name=\"twitter:card\" content=\"summary_large_image\" \/>\n<meta name=\"twitter:site\" content=\"@FTSGPS\" \/>\n<!-- \/ Yoast SEO plugin. -->","yoast_head_json":{"title":"Aplicaci\u00f3n de Gesti\u00f3n de Flotas Monarch para Rastreo en Tiempo Real | FTSGPS","description":"Visualiza cada veh\u00edculo en un mapa en vivo desde tu tel\u00e9fono. Monarch ofrece seguimiento GPS en tiempo real, actividad del conductor, velocidad y paradas: toda tu flota en tu bolsillo.","robots":{"index":"index","follow":"follow","max-snippet":"max-snippet:-1","max-image-preview":"max-image-preview:large","max-video-preview":"max-video-preview:-1"},"canonical":"https:\/\/www.ftsgps.com\/es\/productos\/aplicacion-de-gestion-de-flotas\/","og_locale":"es_MX","og_type":"article","og_title":"Monarch Fleet Management App for Real-Time Tracking | FTSGPS","og_description":"See every vehicle on a live map from your phone. Monarch delivers real-time GPS tracking, driver activity, speed, and stops \u2014 your whole fleet in your pocket.","og_url":"https:\/\/www.ftsgps.com\/es\/productos\/aplicacion-de-gestion-de-flotas\/","og_site_name":"Forward Thinking Systems","article_publisher":"https:\/\/www.facebook.com\/ftsGPS\/","article_modified_time":"2026-04-24T19:41:43+00:00","og_image":[{"width":1200,"height":675,"url":"https:\/\/www.ftsgps.com\/wp-content\/uploads\/2026\/02\/ForwardThinkingSystems.png","type":"image\/png"}],"twitter_card":"summary_large_image","twitter_site":"@FTSGPS","schema":{"@context":"https:\/\/schema.org","@graph":[{"@type":"WebPage","@id":"https:\/\/www.ftsgps.com\/products\/fleet-management-app\/","url":"https:\/\/www.ftsgps.com\/products\/fleet-management-app\/","name":"Aplicaci\u00f3n de Gesti\u00f3n de Flotas Monarch para Rastreo en Tiempo Real | FTSGPS","isPartOf":{"@id":"https:\/\/www.ftsgps.com\/#website"},"datePublished":"2019-07-26T00:11:31+00:00","dateModified":"2026-04-24T19:41:43+00:00","description":"Visualiza cada veh\u00edculo en un mapa en vivo desde tu tel\u00e9fono. Monarch ofrece seguimiento GPS en tiempo real, actividad del conductor, velocidad y paradas: toda tu flota en tu bolsillo.","breadcrumb":{"@id":"https:\/\/www.ftsgps.com\/products\/fleet-management-app\/#breadcrumb"},"inLanguage":"es","potentialAction":[{"@type":"ReadAction","target":["https:\/\/www.ftsgps.com\/products\/fleet-management-app\/"]}]},{"@type":"BreadcrumbList","@id":"https:\/\/www.ftsgps.com\/products\/fleet-management-app\/#breadcrumb","itemListElement":[{"@type":"ListItem","position":1,"name":"Products","item":"https:\/\/www.ftsgps.com\/products\/"},{"@type":"ListItem","position":2,"name":"Monarch&reg;"}]},{"@type":"WebSite","@id":"https:\/\/www.ftsgps.com\/#website","url":"https:\/\/www.ftsgps.com\/","name":"Sistemas de previsi\u00f3n","description":"Adel\u00e1ntate a los dem\u00e1s","publisher":{"@id":"https:\/\/www.ftsgps.com\/#organization"},"potentialAction":[{"@type":"SearchAction","target":{"@type":"EntryPoint","urlTemplate":"https:\/\/www.ftsgps.com\/?s={search_term_string}"},"query-input":{"@type":"PropertyValueSpecification","valueRequired":true,"valueName":"search_term_string"}}],"inLanguage":"es"},{"@type":"Organization","@id":"https:\/\/www.ftsgps.com\/#organization","name":"Sistemas de previsi\u00f3n","alternateName":"FTSGPS","url":"https:\/\/www.ftsgps.com\/","logo":{"@type":"ImageObject","inLanguage":"es","@id":"https:\/\/www.ftsgps.com\/#\/schema\/logo\/image\/","url":"https:\/\/www.ftsgps.com\/wp-content\/uploads\/2019\/07\/Forward-Thinking-Systems-logo.svg","contentUrl":"https:\/\/www.ftsgps.com\/wp-content\/uploads\/2019\/07\/Forward-Thinking-Systems-logo.svg","width":656,"height":129,"caption":"Forward Thinking Systems"},"image":{"@id":"https:\/\/www.ftsgps.com\/#\/schema\/logo\/image\/"},"sameAs":["https:\/\/www.facebook.com\/ftsGPS\/","https:\/\/x.com\/FTSGPS","https:\/\/www.linkedin.com\/company\/forward-thinking-systems"]}]}},"_links":{"self":[{"href":"https:\/\/www.ftsgps.com\/es\/wp-json\/wp\/v2\/pages\/23","targetHints":{"allow":["GET"]}}],"collection":[{"href":"https:\/\/www.ftsgps.com\/es\/wp-json\/wp\/v2\/pages"}],"about":[{"href":"https:\/\/www.ftsgps.com\/es\/wp-json\/wp\/v2\/types\/page"}],"author":[{"embeddable":true,"href":"https:\/\/www.ftsgps.com\/es\/wp-json\/wp\/v2\/users\/1"}],"replies":[{"embeddable":true,"href":"https:\/\/www.ftsgps.com\/es\/wp-json\/wp\/v2\/comments?post=23"}],"version-history":[{"count":4,"href":"https:\/\/www.ftsgps.com\/es\/wp-json\/wp\/v2\/pages\/23\/revisions"}],"predecessor-version":[{"id":10339,"href":"https:\/\/www.ftsgps.com\/es\/wp-json\/wp\/v2\/pages\/23\/revisions\/10339"}],"up":[{"embeddable":true,"href":"https:\/\/www.ftsgps.com\/es\/wp-json\/wp\/v2\/pages\/15"}],"wp:attachment":[{"href":"https:\/\/www.ftsgps.com\/es\/wp-json\/wp\/v2\/media?parent=23"}],"curies":[{"name":"wp","href":"https:\/\/api.w.org\/{rel}","templated":true}]}}