{"id":359,"date":"2019-09-09T09:30:25","date_gmt":"2019-09-09T13:30:25","guid":{"rendered":"https:\/\/www.ftsgps.com\/?page_id=359"},"modified":"2026-04-23T14:22:17","modified_gmt":"2026-04-23T18:22:17","slug":"cradlepoint-2","status":"publish","type":"page","link":"https:\/\/www.ftsgps.com\/es\/partners\/cradlepoint\/","title":{"rendered":"Rastreo GPS de Ericsson Cradlepoint"},"content":{"rendered":"","protected":false},"excerpt":{"rendered":"","protected":false},"author":1,"featured_media":0,"parent":355,"menu_order":0,"comment_status":"closed","ping_status":"closed","template":"templates\/page-cradelpoint.php","meta":{"_acf_changed":false,"content-type":"","footnotes":""},"class_list":["post-359","page","type-page","status-publish","hentry"],"acf":[],"yoast_head":"<!-- This site is optimized with the Yoast SEO plugin v27.5 - https:\/\/yoast.com\/product\/yoast-seo-wordpress\/ -->\n<title>Ericsson Router &amp; GPS Tracking System | Fleet Management | FTSGPS<\/title>\n<meta name=\"description\" content=\"FTS\u2019s partnership with Ericsson gives you an Automatic Vehicle Location (AVL) solution that includes the best in-vehicle Ericsson routers available on the market.\" \/>\n<meta name=\"robots\" content=\"index, follow, max-snippet:-1, max-image-preview:large, max-video-preview:-1\" \/>\n<link rel=\"canonical\" href=\"https:\/\/www.ftsgps.com\/es\/socios\/cradlepoint-2\/\" \/>\n<meta property=\"og:locale\" content=\"es_MX\" \/>\n<meta property=\"og:type\" content=\"article\" \/>\n<meta property=\"og:title\" content=\"Ericsson Router &amp; GPS Tracking System | Fleet Management | FTSGPS\" \/>\n<meta property=\"og:description\" content=\"FTS\u2019s partnership with Ericsson gives you an Automatic Vehicle Location (AVL) solution that includes the best in-vehicle Ericsson routers available on the market.\" \/>\n<meta property=\"og:url\" content=\"https:\/\/www.ftsgps.com\/es\/socios\/cradlepoint-2\/\" \/>\n<meta property=\"og:site_name\" content=\"Forward Thinking Systems\" \/>\n<meta property=\"article:publisher\" content=\"https:\/\/www.facebook.com\/ftsGPS\/\" \/>\n<meta property=\"article:modified_time\" content=\"2026-04-23T18:22:17+00:00\" \/>\n<meta property=\"og:image\" content=\"https:\/\/www.ftsgps.com\/wp-content\/uploads\/2026\/02\/ForwardThinkingSystems.png\" \/>\n\t<meta property=\"og:image:width\" content=\"1200\" \/>\n\t<meta property=\"og:image:height\" content=\"675\" \/>\n\t<meta property=\"og:image:type\" content=\"image\/png\" \/>\n<meta name=\"twitter:card\" content=\"summary_large_image\" \/>\n<meta name=\"twitter:site\" content=\"@FTSGPS\" \/>\n<!-- \/ Yoast SEO plugin. -->","yoast_head_json":{"title":"Ericsson Router &amp; GPS Tracking System | Gesti\u00f3n de flotas | FTSGPS","description":"La asociaci\u00f3n de FTS con Ericsson le ofrece una soluci\u00f3n de localizaci\u00f3n autom\u00e1tica de veh\u00edculos (AVL) que incluye los mejores routers Ericsson para veh\u00edculos disponibles en el mercado.","robots":{"index":"index","follow":"follow","max-snippet":"max-snippet:-1","max-image-preview":"max-image-preview:large","max-video-preview":"max-video-preview:-1"},"canonical":"https:\/\/www.ftsgps.com\/es\/socios\/cradlepoint-2\/","og_locale":"es_MX","og_type":"article","og_title":"Ericsson Router & GPS Tracking System | Fleet Management | FTSGPS","og_description":"FTS\u2019s partnership with Ericsson gives you an Automatic Vehicle Location (AVL) solution that includes the best in-vehicle Ericsson routers available on the market.","og_url":"https:\/\/www.ftsgps.com\/es\/socios\/cradlepoint-2\/","og_site_name":"Forward Thinking Systems","article_publisher":"https:\/\/www.facebook.com\/ftsGPS\/","article_modified_time":"2026-04-23T18:22:17+00:00","og_image":[{"width":1200,"height":675,"url":"https:\/\/www.ftsgps.com\/wp-content\/uploads\/2026\/02\/ForwardThinkingSystems.png","type":"image\/png"}],"twitter_card":"summary_large_image","twitter_site":"@FTSGPS","schema":{"@context":"https:\/\/schema.org","@graph":[{"@type":"WebPage","@id":"https:\/\/www.ftsgps.com\/partners\/cradlepoint\/","url":"https:\/\/www.ftsgps.com\/partners\/cradlepoint\/","name":"Ericsson Router &amp; GPS Tracking System | Gesti\u00f3n de flotas | FTSGPS","isPartOf":{"@id":"https:\/\/www.ftsgps.com\/#website"},"datePublished":"2019-09-09T13:30:25+00:00","dateModified":"2026-04-23T18:22:17+00:00","description":"La asociaci\u00f3n de FTS con Ericsson le ofrece una soluci\u00f3n de localizaci\u00f3n autom\u00e1tica de veh\u00edculos (AVL) que incluye los mejores routers Ericsson para veh\u00edculos disponibles en el mercado.","breadcrumb":{"@id":"https:\/\/www.ftsgps.com\/partners\/cradlepoint\/#breadcrumb"},"inLanguage":"es","potentialAction":[{"@type":"ReadAction","target":["https:\/\/www.ftsgps.com\/partners\/cradlepoint\/"]}]},{"@type":"BreadcrumbList","@id":"https:\/\/www.ftsgps.com\/partners\/cradlepoint\/#breadcrumb","itemListElement":[{"@type":"ListItem","position":1,"name":"Partners","item":"https:\/\/www.ftsgps.com\/partners\/"},{"@type":"ListItem","position":2,"name":"Ericsson Cradlepoint GPS Tracking"}]},{"@type":"WebSite","@id":"https:\/\/www.ftsgps.com\/#website","url":"https:\/\/www.ftsgps.com\/","name":"Sistemas de previsi\u00f3n","description":"Adel\u00e1ntate a los dem\u00e1s","publisher":{"@id":"https:\/\/www.ftsgps.com\/#organization"},"potentialAction":[{"@type":"SearchAction","target":{"@type":"EntryPoint","urlTemplate":"https:\/\/www.ftsgps.com\/?s={search_term_string}"},"query-input":{"@type":"PropertyValueSpecification","valueRequired":true,"valueName":"search_term_string"}}],"inLanguage":"es"},{"@type":"Organization","@id":"https:\/\/www.ftsgps.com\/#organization","name":"Sistemas de previsi\u00f3n","alternateName":"FTSGPS","url":"https:\/\/www.ftsgps.com\/","logo":{"@type":"ImageObject","inLanguage":"es","@id":"https:\/\/www.ftsgps.com\/#\/schema\/logo\/image\/","url":"https:\/\/www.ftsgps.com\/wp-content\/uploads\/2019\/07\/Forward-Thinking-Systems-logo.svg","contentUrl":"https:\/\/www.ftsgps.com\/wp-content\/uploads\/2019\/07\/Forward-Thinking-Systems-logo.svg","width":656,"height":129,"caption":"Forward Thinking Systems"},"image":{"@id":"https:\/\/www.ftsgps.com\/#\/schema\/logo\/image\/"},"sameAs":["https:\/\/www.facebook.com\/ftsGPS\/","https:\/\/x.com\/FTSGPS","https:\/\/www.linkedin.com\/company\/forward-thinking-systems"]}]}},"_links":{"self":[{"href":"https:\/\/www.ftsgps.com\/es\/wp-json\/wp\/v2\/pages\/359","targetHints":{"allow":["GET"]}}],"collection":[{"href":"https:\/\/www.ftsgps.com\/es\/wp-json\/wp\/v2\/pages"}],"about":[{"href":"https:\/\/www.ftsgps.com\/es\/wp-json\/wp\/v2\/types\/page"}],"author":[{"embeddable":true,"href":"https:\/\/www.ftsgps.com\/es\/wp-json\/wp\/v2\/users\/1"}],"replies":[{"embeddable":true,"href":"https:\/\/www.ftsgps.com\/es\/wp-json\/wp\/v2\/comments?post=359"}],"version-history":[{"count":3,"href":"https:\/\/www.ftsgps.com\/es\/wp-json\/wp\/v2\/pages\/359\/revisions"}],"predecessor-version":[{"id":10225,"href":"https:\/\/www.ftsgps.com\/es\/wp-json\/wp\/v2\/pages\/359\/revisions\/10225"}],"up":[{"embeddable":true,"href":"https:\/\/www.ftsgps.com\/es\/wp-json\/wp\/v2\/pages\/355"}],"wp:attachment":[{"href":"https:\/\/www.ftsgps.com\/es\/wp-json\/wp\/v2\/media?parent=359"}],"curies":[{"name":"wp","href":"https:\/\/api.w.org\/{rel}","templated":true}]}}