{"id":361,"date":"2019-09-09T09:30:38","date_gmt":"2019-09-09T13:30:38","guid":{"rendered":"https:\/\/www.ftsgps.com\/?page_id=361"},"modified":"2023-03-29T03:47:58","modified_gmt":"2023-03-29T07:47:58","slug":"descargas","status":"publish","type":"page","link":"https:\/\/www.ftsgps.com\/es\/downloads\/","title":{"rendered":"Descargas"},"content":{"rendered":"","protected":false},"excerpt":{"rendered":"","protected":false},"author":1,"featured_media":0,"parent":0,"menu_order":0,"comment_status":"closed","ping_status":"closed","template":"templates\/page-download.php","meta":{"_acf_changed":false,"content-type":"","footnotes":""},"class_list":["post-361","page","type-page","status-publish","hentry"],"acf":[],"yoast_head":"<!-- This site is optimized with the Yoast SEO plugin v27.3 - https:\/\/yoast.com\/product\/yoast-seo-wordpress\/ -->\n<title>Download Info About Fleet Management Products &amp; Solutions | FTSGPS<\/title>\n<meta name=\"description\" content=\"Download more information about our fleet management products, vehicle camera systems, workforce management tools, fleet roadside assistance, and more.\" \/>\n<meta name=\"robots\" content=\"index, follow, max-snippet:-1, max-image-preview:large, max-video-preview:-1\" \/>\n<link rel=\"canonical\" href=\"https:\/\/www.ftsgps.com\/es\/descargas\/\" \/>\n<meta property=\"og:locale\" content=\"es_MX\" \/>\n<meta property=\"og:type\" content=\"article\" \/>\n<meta property=\"og:title\" content=\"Download Info About Fleet Management Products &amp; Solutions | FTSGPS\" \/>\n<meta property=\"og:description\" content=\"Download more information about our fleet management products, vehicle camera systems, workforce management tools, fleet roadside assistance, and more.\" \/>\n<meta property=\"og:url\" content=\"https:\/\/www.ftsgps.com\/es\/descargas\/\" \/>\n<meta property=\"og:site_name\" content=\"Forward Thinking Systems\" \/>\n<meta property=\"article:publisher\" content=\"https:\/\/www.facebook.com\/ftsGPS\/\" \/>\n<meta property=\"article:modified_time\" content=\"2023-03-29T07:47:58+00:00\" \/>\n<meta property=\"og:image\" content=\"https:\/\/www.ftsgps.com\/wp-content\/uploads\/2026\/02\/ForwardThinkingSystems.png\" \/>\n\t<meta property=\"og:image:width\" content=\"1200\" \/>\n\t<meta property=\"og:image:height\" content=\"675\" \/>\n\t<meta property=\"og:image:type\" content=\"image\/png\" \/>\n<meta name=\"twitter:card\" content=\"summary_large_image\" \/>\n<meta name=\"twitter:site\" content=\"@FTSGPS\" \/>\n<!-- \/ Yoast SEO plugin. -->","yoast_head_json":{"title":"Descargar informaci\u00f3n sobre productos y soluciones de gesti\u00f3n de flotas | FTSGPS","description":"Descargue m\u00e1s informaci\u00f3n sobre nuestros productos de gesti\u00f3n de flotas, sistemas de c\u00e1maras para veh\u00edculos, herramientas de gesti\u00f3n del personal, asistencia en carretera para flotas y mucho m\u00e1s.","robots":{"index":"index","follow":"follow","max-snippet":"max-snippet:-1","max-image-preview":"max-image-preview:large","max-video-preview":"max-video-preview:-1"},"canonical":"https:\/\/www.ftsgps.com\/es\/descargas\/","og_locale":"es_MX","og_type":"article","og_title":"Download Info About Fleet Management Products & Solutions | FTSGPS","og_description":"Download more information about our fleet management products, vehicle camera systems, workforce management tools, fleet roadside assistance, and more.","og_url":"https:\/\/www.ftsgps.com\/es\/descargas\/","og_site_name":"Forward Thinking Systems","article_publisher":"https:\/\/www.facebook.com\/ftsGPS\/","article_modified_time":"2023-03-29T07:47:58+00:00","og_image":[{"width":1200,"height":675,"url":"https:\/\/www.ftsgps.com\/wp-content\/uploads\/2026\/02\/ForwardThinkingSystems.png","type":"image\/png"}],"twitter_card":"summary_large_image","twitter_site":"@FTSGPS","schema":{"@context":"https:\/\/schema.org","@graph":[{"@type":"WebPage","@id":"https:\/\/www.ftsgps.com\/downloads\/","url":"https:\/\/www.ftsgps.com\/downloads\/","name":"Descargar informaci\u00f3n sobre productos y soluciones de gesti\u00f3n de flotas | FTSGPS","isPartOf":{"@id":"https:\/\/www.ftsgps.com\/#website"},"datePublished":"2019-09-09T13:30:38+00:00","dateModified":"2023-03-29T07:47:58+00:00","description":"Descargue m\u00e1s informaci\u00f3n sobre nuestros productos de gesti\u00f3n de flotas, sistemas de c\u00e1maras para veh\u00edculos, herramientas de gesti\u00f3n del personal, asistencia en carretera para flotas y mucho m\u00e1s.","inLanguage":"es","potentialAction":[{"@type":"ReadAction","target":["https:\/\/www.ftsgps.com\/downloads\/"]}]},{"@type":"WebSite","@id":"https:\/\/www.ftsgps.com\/#website","url":"https:\/\/www.ftsgps.com\/","name":"Sistemas de previsi\u00f3n","description":"Adel\u00e1ntate a los dem\u00e1s","publisher":{"@id":"https:\/\/www.ftsgps.com\/#organization"},"potentialAction":[{"@type":"SearchAction","target":{"@type":"EntryPoint","urlTemplate":"https:\/\/www.ftsgps.com\/?s={search_term_string}"},"query-input":{"@type":"PropertyValueSpecification","valueRequired":true,"valueName":"search_term_string"}}],"inLanguage":"es"},{"@type":"Organization","@id":"https:\/\/www.ftsgps.com\/#organization","name":"Sistemas de previsi\u00f3n","alternateName":"FTSGPS","url":"https:\/\/www.ftsgps.com\/","logo":{"@type":"ImageObject","inLanguage":"es","@id":"https:\/\/www.ftsgps.com\/#\/schema\/logo\/image\/","url":"https:\/\/www.ftsgps.com\/wp-content\/uploads\/2019\/07\/Forward-Thinking-Systems-logo.svg","contentUrl":"https:\/\/www.ftsgps.com\/wp-content\/uploads\/2019\/07\/Forward-Thinking-Systems-logo.svg","width":656,"height":129,"caption":"Forward Thinking Systems"},"image":{"@id":"https:\/\/www.ftsgps.com\/#\/schema\/logo\/image\/"},"sameAs":["https:\/\/www.facebook.com\/ftsGPS\/","https:\/\/x.com\/FTSGPS","https:\/\/www.linkedin.com\/company\/forward-thinking-systems"]}]}},"_links":{"self":[{"href":"https:\/\/www.ftsgps.com\/es\/wp-json\/wp\/v2\/pages\/361","targetHints":{"allow":["GET"]}}],"collection":[{"href":"https:\/\/www.ftsgps.com\/es\/wp-json\/wp\/v2\/pages"}],"about":[{"href":"https:\/\/www.ftsgps.com\/es\/wp-json\/wp\/v2\/types\/page"}],"author":[{"embeddable":true,"href":"https:\/\/www.ftsgps.com\/es\/wp-json\/wp\/v2\/users\/1"}],"replies":[{"embeddable":true,"href":"https:\/\/www.ftsgps.com\/es\/wp-json\/wp\/v2\/comments?post=361"}],"version-history":[{"count":1,"href":"https:\/\/www.ftsgps.com\/es\/wp-json\/wp\/v2\/pages\/361\/revisions"}],"predecessor-version":[{"id":362,"href":"https:\/\/www.ftsgps.com\/es\/wp-json\/wp\/v2\/pages\/361\/revisions\/362"}],"wp:attachment":[{"href":"https:\/\/www.ftsgps.com\/es\/wp-json\/wp\/v2\/media?parent=361"}],"curies":[{"name":"wp","href":"https:\/\/api.w.org\/{rel}","templated":true}]}}