{"id":365,"date":"2019-09-09T09:32:01","date_gmt":"2019-09-09T13:32:01","guid":{"rendered":"https:\/\/www.ftsgps.com\/?page_id=365"},"modified":"2026-04-23T14:17:25","modified_gmt":"2026-04-23T18:17:25","slug":"industrias","status":"publish","type":"page","link":"https:\/\/www.ftsgps.com\/es\/industries\/","title":{"rendered":"Industrias"},"content":{"rendered":"","protected":false},"excerpt":{"rendered":"","protected":false},"author":1,"featured_media":0,"parent":0,"menu_order":0,"comment_status":"closed","ping_status":"closed","template":"templates\/page-industries.php","meta":{"_acf_changed":false,"content-type":"","footnotes":""},"class_list":["post-365","page","type-page","status-publish","hentry"],"acf":[],"yoast_head":"<!-- This site is optimized with the Yoast SEO plugin v27.5 - https:\/\/yoast.com\/product\/yoast-seo-wordpress\/ -->\n<title>Customized Fleet Management &amp; GPS Tracking Solutions Meet Your Needs<\/title>\n<meta name=\"description\" content=\"Customized fleet management solutions for transportation, logistics, construction, heavy equipment, police, first responders, food and beverage, and waste management.\" \/>\n<meta name=\"robots\" content=\"index, follow, max-snippet:-1, max-image-preview:large, max-video-preview:-1\" \/>\n<link rel=\"canonical\" href=\"https:\/\/www.ftsgps.com\/es\/industrias\/\" \/>\n<meta property=\"og:locale\" content=\"es_MX\" \/>\n<meta property=\"og:type\" content=\"article\" \/>\n<meta property=\"og:title\" content=\"Customized Fleet Management &amp; GPS Tracking Solutions Meet Your Needs\" \/>\n<meta property=\"og:description\" content=\"Customized fleet management solutions for transportation, logistics, construction, heavy equipment, police, first responders, food and beverage, and waste management.\" \/>\n<meta property=\"og:url\" content=\"https:\/\/www.ftsgps.com\/es\/industrias\/\" \/>\n<meta property=\"og:site_name\" content=\"Forward Thinking Systems\" \/>\n<meta property=\"article:publisher\" content=\"https:\/\/www.facebook.com\/ftsGPS\/\" \/>\n<meta property=\"article:modified_time\" content=\"2026-04-23T18:17:25+00:00\" \/>\n<meta property=\"og:image\" content=\"https:\/\/www.ftsgps.com\/wp-content\/uploads\/2026\/02\/ForwardThinkingSystems.png\" \/>\n\t<meta property=\"og:image:width\" content=\"1200\" \/>\n\t<meta property=\"og:image:height\" content=\"675\" \/>\n\t<meta property=\"og:image:type\" content=\"image\/png\" \/>\n<meta name=\"twitter:card\" content=\"summary_large_image\" \/>\n<meta name=\"twitter:site\" content=\"@FTSGPS\" \/>\n<!-- \/ Yoast SEO plugin. -->","yoast_head_json":{"title":"Soluciones personalizadas de gesti\u00f3n de flotas y seguimiento por GPS que satisfacen sus necesidades","description":"Soluciones personalizadas de gesti\u00f3n de flotas para transporte, log\u00edstica, construcci\u00f3n, maquinaria pesada, polic\u00eda, primeros intervinientes, alimentaci\u00f3n y bebidas, y gesti\u00f3n de residuos.","robots":{"index":"index","follow":"follow","max-snippet":"max-snippet:-1","max-image-preview":"max-image-preview:large","max-video-preview":"max-video-preview:-1"},"canonical":"https:\/\/www.ftsgps.com\/es\/industrias\/","og_locale":"es_MX","og_type":"article","og_title":"Customized Fleet Management & GPS Tracking Solutions Meet Your Needs","og_description":"Customized fleet management solutions for transportation, logistics, construction, heavy equipment, police, first responders, food and beverage, and waste management.","og_url":"https:\/\/www.ftsgps.com\/es\/industrias\/","og_site_name":"Forward Thinking Systems","article_publisher":"https:\/\/www.facebook.com\/ftsGPS\/","article_modified_time":"2026-04-23T18:17:25+00:00","og_image":[{"width":1200,"height":675,"url":"https:\/\/www.ftsgps.com\/wp-content\/uploads\/2026\/02\/ForwardThinkingSystems.png","type":"image\/png"}],"twitter_card":"summary_large_image","twitter_site":"@FTSGPS","schema":{"@context":"https:\/\/schema.org","@graph":[{"@type":"WebPage","@id":"https:\/\/www.ftsgps.com\/industries\/","url":"https:\/\/www.ftsgps.com\/industries\/","name":"Soluciones personalizadas de gesti\u00f3n de flotas y seguimiento por GPS que satisfacen sus necesidades","isPartOf":{"@id":"https:\/\/www.ftsgps.com\/#website"},"datePublished":"2019-09-09T13:32:01+00:00","dateModified":"2026-04-23T18:17:25+00:00","description":"Soluciones personalizadas de gesti\u00f3n de flotas para transporte, log\u00edstica, construcci\u00f3n, maquinaria pesada, polic\u00eda, primeros intervinientes, alimentaci\u00f3n y bebidas, y gesti\u00f3n de residuos.","inLanguage":"es","potentialAction":[{"@type":"ReadAction","target":["https:\/\/www.ftsgps.com\/industries\/"]}]},{"@type":"WebSite","@id":"https:\/\/www.ftsgps.com\/#website","url":"https:\/\/www.ftsgps.com\/","name":"Sistemas de previsi\u00f3n","description":"Adel\u00e1ntate a los dem\u00e1s","publisher":{"@id":"https:\/\/www.ftsgps.com\/#organization"},"potentialAction":[{"@type":"SearchAction","target":{"@type":"EntryPoint","urlTemplate":"https:\/\/www.ftsgps.com\/?s={search_term_string}"},"query-input":{"@type":"PropertyValueSpecification","valueRequired":true,"valueName":"search_term_string"}}],"inLanguage":"es"},{"@type":"Organization","@id":"https:\/\/www.ftsgps.com\/#organization","name":"Sistemas de previsi\u00f3n","alternateName":"FTSGPS","url":"https:\/\/www.ftsgps.com\/","logo":{"@type":"ImageObject","inLanguage":"es","@id":"https:\/\/www.ftsgps.com\/#\/schema\/logo\/image\/","url":"https:\/\/www.ftsgps.com\/wp-content\/uploads\/2019\/07\/Forward-Thinking-Systems-logo.svg","contentUrl":"https:\/\/www.ftsgps.com\/wp-content\/uploads\/2019\/07\/Forward-Thinking-Systems-logo.svg","width":656,"height":129,"caption":"Forward Thinking Systems"},"image":{"@id":"https:\/\/www.ftsgps.com\/#\/schema\/logo\/image\/"},"sameAs":["https:\/\/www.facebook.com\/ftsGPS\/","https:\/\/x.com\/FTSGPS","https:\/\/www.linkedin.com\/company\/forward-thinking-systems"]}]}},"_links":{"self":[{"href":"https:\/\/www.ftsgps.com\/es\/wp-json\/wp\/v2\/pages\/365","targetHints":{"allow":["GET"]}}],"collection":[{"href":"https:\/\/www.ftsgps.com\/es\/wp-json\/wp\/v2\/pages"}],"about":[{"href":"https:\/\/www.ftsgps.com\/es\/wp-json\/wp\/v2\/types\/page"}],"author":[{"embeddable":true,"href":"https:\/\/www.ftsgps.com\/es\/wp-json\/wp\/v2\/users\/1"}],"replies":[{"embeddable":true,"href":"https:\/\/www.ftsgps.com\/es\/wp-json\/wp\/v2\/comments?post=365"}],"version-history":[{"count":2,"href":"https:\/\/www.ftsgps.com\/es\/wp-json\/wp\/v2\/pages\/365\/revisions"}],"predecessor-version":[{"id":10221,"href":"https:\/\/www.ftsgps.com\/es\/wp-json\/wp\/v2\/pages\/365\/revisions\/10221"}],"wp:attachment":[{"href":"https:\/\/www.ftsgps.com\/es\/wp-json\/wp\/v2\/media?parent=365"}],"curies":[{"name":"wp","href":"https:\/\/api.w.org\/{rel}","templated":true}]}}