{"id":373,"date":"2019-09-09T09:33:40","date_gmt":"2019-09-09T13:33:40","guid":{"rendered":"https:\/\/www.ftsgps.com\/?page_id=373"},"modified":"2023-03-29T03:49:26","modified_gmt":"2023-03-29T07:49:26","slug":"alimentos-bebidas","status":"publish","type":"page","link":"https:\/\/www.ftsgps.com\/es\/industries\/food-beverage\/","title":{"rendered":"Alimentaci\u00f3n y bebidas"},"content":{"rendered":"","protected":false},"excerpt":{"rendered":"","protected":false},"author":1,"featured_media":0,"parent":365,"menu_order":0,"comment_status":"closed","ping_status":"closed","template":"templates\/industries-food-beverage.php","meta":{"_acf_changed":false,"content-type":"","footnotes":""},"class_list":["post-373","page","type-page","status-publish","hentry"],"acf":[],"yoast_head":"<!-- This site is optimized with the Yoast SEO plugin v27.3 - https:\/\/yoast.com\/product\/yoast-seo-wordpress\/ -->\n<title>Fleet Management Software for Food &amp; Beverage Fleets<\/title>\n<meta name=\"description\" content=\"Improve communication and productivity with fleet GPS vehicle tracking software for food and beverage fleets. Real-time alerts, advanced dispatching and digital reports.\" \/>\n<meta name=\"robots\" content=\"index, follow, max-snippet:-1, max-image-preview:large, max-video-preview:-1\" \/>\n<link rel=\"canonical\" href=\"https:\/\/www.ftsgps.com\/es\/industrias\/alimentos-bebidas\/\" \/>\n<meta property=\"og:locale\" content=\"es_MX\" \/>\n<meta property=\"og:type\" content=\"article\" \/>\n<meta property=\"og:title\" content=\"Fleet Management Software for Food &amp; Beverage Fleets\" \/>\n<meta property=\"og:description\" content=\"Improve communication and productivity with fleet GPS vehicle tracking software for food and beverage fleets. Real-time alerts, advanced dispatching and digital reports.\" \/>\n<meta property=\"og:url\" content=\"https:\/\/www.ftsgps.com\/es\/industrias\/alimentos-bebidas\/\" \/>\n<meta property=\"og:site_name\" content=\"Forward Thinking Systems\" \/>\n<meta property=\"article:publisher\" content=\"https:\/\/www.facebook.com\/ftsGPS\/\" \/>\n<meta property=\"article:modified_time\" content=\"2023-03-29T07:49:26+00:00\" \/>\n<meta property=\"og:image\" content=\"https:\/\/www.ftsgps.com\/wp-content\/uploads\/2026\/02\/ForwardThinkingSystems.png\" \/>\n\t<meta property=\"og:image:width\" content=\"1200\" \/>\n\t<meta property=\"og:image:height\" content=\"675\" \/>\n\t<meta property=\"og:image:type\" content=\"image\/png\" \/>\n<meta name=\"twitter:card\" content=\"summary_large_image\" \/>\n<meta name=\"twitter:site\" content=\"@FTSGPS\" \/>\n<!-- \/ Yoast SEO plugin. -->","yoast_head_json":{"title":"Software de gesti\u00f3n de flotas para flotas de alimentaci\u00f3n y bebidas","description":"Mejore la comunicaci\u00f3n y la productividad con el software de seguimiento de veh\u00edculos por GPS para flotas de alimentaci\u00f3n y bebidas. Alertas en tiempo real, env\u00edo avanzado e informes digitales.","robots":{"index":"index","follow":"follow","max-snippet":"max-snippet:-1","max-image-preview":"max-image-preview:large","max-video-preview":"max-video-preview:-1"},"canonical":"https:\/\/www.ftsgps.com\/es\/industrias\/alimentos-bebidas\/","og_locale":"es_MX","og_type":"article","og_title":"Fleet Management Software for Food & Beverage Fleets","og_description":"Improve communication and productivity with fleet GPS vehicle tracking software for food and beverage fleets. Real-time alerts, advanced dispatching and digital reports.","og_url":"https:\/\/www.ftsgps.com\/es\/industrias\/alimentos-bebidas\/","og_site_name":"Forward Thinking Systems","article_publisher":"https:\/\/www.facebook.com\/ftsGPS\/","article_modified_time":"2023-03-29T07:49:26+00:00","og_image":[{"width":1200,"height":675,"url":"https:\/\/www.ftsgps.com\/wp-content\/uploads\/2026\/02\/ForwardThinkingSystems.png","type":"image\/png"}],"twitter_card":"summary_large_image","twitter_site":"@FTSGPS","schema":{"@context":"https:\/\/schema.org","@graph":[{"@type":"WebPage","@id":"https:\/\/www.ftsgps.com\/industries\/food-beverage\/","url":"https:\/\/www.ftsgps.com\/industries\/food-beverage\/","name":"Software de gesti\u00f3n de flotas para flotas de alimentaci\u00f3n y bebidas","isPartOf":{"@id":"https:\/\/www.ftsgps.com\/#website"},"datePublished":"2019-09-09T13:33:40+00:00","dateModified":"2023-03-29T07:49:26+00:00","description":"Mejore la comunicaci\u00f3n y la productividad con el software de seguimiento de veh\u00edculos por GPS para flotas de alimentaci\u00f3n y bebidas. Alertas en tiempo real, env\u00edo avanzado e informes digitales.","breadcrumb":{"@id":"https:\/\/www.ftsgps.com\/industries\/food-beverage\/#breadcrumb"},"inLanguage":"es","potentialAction":[{"@type":"ReadAction","target":["https:\/\/www.ftsgps.com\/industries\/food-beverage\/"]}]},{"@type":"BreadcrumbList","@id":"https:\/\/www.ftsgps.com\/industries\/food-beverage\/#breadcrumb","itemListElement":[{"@type":"ListItem","position":1,"name":"Industries","item":"https:\/\/www.ftsgps.com\/industries\/"},{"@type":"ListItem","position":2,"name":"Food &#038; Beverage"}]},{"@type":"WebSite","@id":"https:\/\/www.ftsgps.com\/#website","url":"https:\/\/www.ftsgps.com\/","name":"Sistemas de previsi\u00f3n","description":"Adel\u00e1ntate a los dem\u00e1s","publisher":{"@id":"https:\/\/www.ftsgps.com\/#organization"},"potentialAction":[{"@type":"SearchAction","target":{"@type":"EntryPoint","urlTemplate":"https:\/\/www.ftsgps.com\/?s={search_term_string}"},"query-input":{"@type":"PropertyValueSpecification","valueRequired":true,"valueName":"search_term_string"}}],"inLanguage":"es"},{"@type":"Organization","@id":"https:\/\/www.ftsgps.com\/#organization","name":"Sistemas de previsi\u00f3n","alternateName":"FTSGPS","url":"https:\/\/www.ftsgps.com\/","logo":{"@type":"ImageObject","inLanguage":"es","@id":"https:\/\/www.ftsgps.com\/#\/schema\/logo\/image\/","url":"https:\/\/www.ftsgps.com\/wp-content\/uploads\/2019\/07\/Forward-Thinking-Systems-logo.svg","contentUrl":"https:\/\/www.ftsgps.com\/wp-content\/uploads\/2019\/07\/Forward-Thinking-Systems-logo.svg","width":656,"height":129,"caption":"Forward Thinking Systems"},"image":{"@id":"https:\/\/www.ftsgps.com\/#\/schema\/logo\/image\/"},"sameAs":["https:\/\/www.facebook.com\/ftsGPS\/","https:\/\/x.com\/FTSGPS","https:\/\/www.linkedin.com\/company\/forward-thinking-systems"]}]}},"_links":{"self":[{"href":"https:\/\/www.ftsgps.com\/es\/wp-json\/wp\/v2\/pages\/373","targetHints":{"allow":["GET"]}}],"collection":[{"href":"https:\/\/www.ftsgps.com\/es\/wp-json\/wp\/v2\/pages"}],"about":[{"href":"https:\/\/www.ftsgps.com\/es\/wp-json\/wp\/v2\/types\/page"}],"author":[{"embeddable":true,"href":"https:\/\/www.ftsgps.com\/es\/wp-json\/wp\/v2\/users\/1"}],"replies":[{"embeddable":true,"href":"https:\/\/www.ftsgps.com\/es\/wp-json\/wp\/v2\/comments?post=373"}],"version-history":[{"count":1,"href":"https:\/\/www.ftsgps.com\/es\/wp-json\/wp\/v2\/pages\/373\/revisions"}],"predecessor-version":[{"id":374,"href":"https:\/\/www.ftsgps.com\/es\/wp-json\/wp\/v2\/pages\/373\/revisions\/374"}],"up":[{"embeddable":true,"href":"https:\/\/www.ftsgps.com\/es\/wp-json\/wp\/v2\/pages\/365"}],"wp:attachment":[{"href":"https:\/\/www.ftsgps.com\/es\/wp-json\/wp\/v2\/media?parent=373"}],"curies":[{"name":"wp","href":"https:\/\/api.w.org\/{rel}","templated":true}]}}