{"id":375,"date":"2019-09-09T09:33:52","date_gmt":"2019-09-09T13:33:52","guid":{"rendered":"https:\/\/www.ftsgps.com\/?page_id=375"},"modified":"2026-04-09T08:41:02","modified_gmt":"2026-04-09T12:41:02","slug":"gestion-de-residuos","status":"publish","type":"page","link":"https:\/\/www.ftsgps.com\/es\/industries\/waste-management\/","title":{"rendered":"Plataforma de verificaci\u00f3n del servicio de recolecci\u00f3n de residuos y de operaciones de flotas"},"content":{"rendered":"","protected":false},"excerpt":{"rendered":"","protected":false},"author":1,"featured_media":8925,"parent":365,"menu_order":0,"comment_status":"closed","ping_status":"closed","template":"templates\/industries-waste-management2.php","meta":{"_acf_changed":false,"content-type":"","footnotes":""},"class_list":["post-375","page","type-page","status-publish","has-post-thumbnail","hentry"],"acf":[],"yoast_head":"<!-- This site is optimized with the Yoast SEO plugin v27.3 - https:\/\/yoast.com\/product\/yoast-seo-wordpress\/ -->\n<title>Waste Collection Verification &amp; Fleet Management | FTSGPS<\/title>\n<meta name=\"description\" content=\"FTSGPS: all-in fleet ops - PTO verification, monitoring, contamination identification, residential area related capabilities and more\" \/>\n<meta name=\"robots\" content=\"index, follow, max-snippet:-1, max-image-preview:large, max-video-preview:-1\" \/>\n<link rel=\"canonical\" href=\"https:\/\/www.ftsgps.com\/es\/industrias\/gestion-de-residuos\/\" \/>\n<meta property=\"og:locale\" content=\"es_MX\" \/>\n<meta property=\"og:type\" content=\"article\" \/>\n<meta property=\"og:title\" content=\"Waste Collection Verification &amp; Fleet Management | FTSGPS\" \/>\n<meta property=\"og:description\" content=\"FTSGPS: all-in fleet ops - PTO verification, monitoring, contamination identification, residential area related capabilities and more\" \/>\n<meta property=\"og:url\" content=\"https:\/\/www.ftsgps.com\/es\/industrias\/gestion-de-residuos\/\" \/>\n<meta property=\"og:site_name\" content=\"Forward Thinking Systems\" \/>\n<meta property=\"article:publisher\" content=\"https:\/\/www.facebook.com\/ftsGPS\/\" \/>\n<meta property=\"article:modified_time\" content=\"2026-04-09T12:41:02+00:00\" \/>\n<meta property=\"og:image\" content=\"https:\/\/www.ftsgps.com\/wp-content\/uploads\/2024\/08\/recycling-truck-gps.png\" \/>\n\t<meta property=\"og:image:width\" content=\"1166\" \/>\n\t<meta property=\"og:image:height\" content=\"696\" \/>\n\t<meta property=\"og:image:type\" content=\"image\/png\" \/>\n<meta name=\"twitter:card\" content=\"summary_large_image\" \/>\n<meta name=\"twitter:site\" content=\"@FTSGPS\" \/>\n<!-- \/ Yoast SEO plugin. -->","yoast_head_json":{"title":"Verificaci\u00f3n de la recolecci\u00f3n de residuos y gesti\u00f3n de flotas | FTSGPS","description":"FTSGPS: operaciones completas de flotas - verificaci\u00f3n de PTO, monitoreo, identificaci\u00f3n de contaminaci\u00f3n, capacidades relacionadas con \u00e1reas residenciales y m\u00e1s","robots":{"index":"index","follow":"follow","max-snippet":"max-snippet:-1","max-image-preview":"max-image-preview:large","max-video-preview":"max-video-preview:-1"},"canonical":"https:\/\/www.ftsgps.com\/es\/industrias\/gestion-de-residuos\/","og_locale":"es_MX","og_type":"article","og_title":"Waste Collection Verification & Fleet Management | FTSGPS","og_description":"FTSGPS: all-in fleet ops - PTO verification, monitoring, contamination identification, residential area related capabilities and more","og_url":"https:\/\/www.ftsgps.com\/es\/industrias\/gestion-de-residuos\/","og_site_name":"Forward Thinking Systems","article_publisher":"https:\/\/www.facebook.com\/ftsGPS\/","article_modified_time":"2026-04-09T12:41:02+00:00","og_image":[{"width":1166,"height":696,"url":"https:\/\/www.ftsgps.com\/wp-content\/uploads\/2024\/08\/recycling-truck-gps.png","type":"image\/png"}],"twitter_card":"summary_large_image","twitter_site":"@FTSGPS","schema":{"@context":"https:\/\/schema.org","@graph":[{"@type":"WebPage","@id":"https:\/\/www.ftsgps.com\/industries\/waste-management\/","url":"https:\/\/www.ftsgps.com\/industries\/waste-management\/","name":"Verificaci\u00f3n de la recolecci\u00f3n de residuos y gesti\u00f3n de flotas | FTSGPS","isPartOf":{"@id":"https:\/\/www.ftsgps.com\/#website"},"primaryImageOfPage":{"@id":"https:\/\/www.ftsgps.com\/industries\/waste-management\/#primaryimage"},"image":{"@id":"https:\/\/www.ftsgps.com\/industries\/waste-management\/#primaryimage"},"thumbnailUrl":"https:\/\/www.ftsgps.com\/wp-content\/uploads\/2024\/08\/recycling-truck-gps.png","datePublished":"2019-09-09T13:33:52+00:00","dateModified":"2026-04-09T12:41:02+00:00","description":"FTSGPS: operaciones completas de flotas - verificaci\u00f3n de PTO, monitoreo, identificaci\u00f3n de contaminaci\u00f3n, capacidades relacionadas con \u00e1reas residenciales y m\u00e1s","breadcrumb":{"@id":"https:\/\/www.ftsgps.com\/industries\/waste-management\/#breadcrumb"},"inLanguage":"es","potentialAction":[{"@type":"ReadAction","target":["https:\/\/www.ftsgps.com\/industries\/waste-management\/"]}]},{"@type":"ImageObject","inLanguage":"es","@id":"https:\/\/www.ftsgps.com\/industries\/waste-management\/#primaryimage","url":"https:\/\/www.ftsgps.com\/wp-content\/uploads\/2024\/08\/recycling-truck-gps.png","contentUrl":"https:\/\/www.ftsgps.com\/wp-content\/uploads\/2024\/08\/recycling-truck-gps.png","width":1166,"height":696,"caption":"Recycling and Waste Management Fleet Tracking Software"},{"@type":"BreadcrumbList","@id":"https:\/\/www.ftsgps.com\/industries\/waste-management\/#breadcrumb","itemListElement":[{"@type":"ListItem","position":1,"name":"Industries","item":"https:\/\/www.ftsgps.com\/industries\/"},{"@type":"ListItem","position":2,"name":"Waste Collection Service Verification &amp; Fleet Operations Platform"}]},{"@type":"WebSite","@id":"https:\/\/www.ftsgps.com\/#website","url":"https:\/\/www.ftsgps.com\/","name":"Sistemas de previsi\u00f3n","description":"Adel\u00e1ntate a los dem\u00e1s","publisher":{"@id":"https:\/\/www.ftsgps.com\/#organization"},"potentialAction":[{"@type":"SearchAction","target":{"@type":"EntryPoint","urlTemplate":"https:\/\/www.ftsgps.com\/?s={search_term_string}"},"query-input":{"@type":"PropertyValueSpecification","valueRequired":true,"valueName":"search_term_string"}}],"inLanguage":"es"},{"@type":"Organization","@id":"https:\/\/www.ftsgps.com\/#organization","name":"Sistemas de previsi\u00f3n","alternateName":"FTSGPS","url":"https:\/\/www.ftsgps.com\/","logo":{"@type":"ImageObject","inLanguage":"es","@id":"https:\/\/www.ftsgps.com\/#\/schema\/logo\/image\/","url":"https:\/\/www.ftsgps.com\/wp-content\/uploads\/2019\/07\/Forward-Thinking-Systems-logo.svg","contentUrl":"https:\/\/www.ftsgps.com\/wp-content\/uploads\/2019\/07\/Forward-Thinking-Systems-logo.svg","width":656,"height":129,"caption":"Forward Thinking Systems"},"image":{"@id":"https:\/\/www.ftsgps.com\/#\/schema\/logo\/image\/"},"sameAs":["https:\/\/www.facebook.com\/ftsGPS\/","https:\/\/x.com\/FTSGPS","https:\/\/www.linkedin.com\/company\/forward-thinking-systems"]}]}},"_links":{"self":[{"href":"https:\/\/www.ftsgps.com\/es\/wp-json\/wp\/v2\/pages\/375","targetHints":{"allow":["GET"]}}],"collection":[{"href":"https:\/\/www.ftsgps.com\/es\/wp-json\/wp\/v2\/pages"}],"about":[{"href":"https:\/\/www.ftsgps.com\/es\/wp-json\/wp\/v2\/types\/page"}],"author":[{"embeddable":true,"href":"https:\/\/www.ftsgps.com\/es\/wp-json\/wp\/v2\/users\/1"}],"replies":[{"embeddable":true,"href":"https:\/\/www.ftsgps.com\/es\/wp-json\/wp\/v2\/comments?post=375"}],"version-history":[{"count":38,"href":"https:\/\/www.ftsgps.com\/es\/wp-json\/wp\/v2\/pages\/375\/revisions"}],"predecessor-version":[{"id":10140,"href":"https:\/\/www.ftsgps.com\/es\/wp-json\/wp\/v2\/pages\/375\/revisions\/10140"}],"up":[{"embeddable":true,"href":"https:\/\/www.ftsgps.com\/es\/wp-json\/wp\/v2\/pages\/365"}],"wp:featuredmedia":[{"embeddable":true,"href":"https:\/\/www.ftsgps.com\/es\/wp-json\/wp\/v2\/media\/8925"}],"wp:attachment":[{"href":"https:\/\/www.ftsgps.com\/es\/wp-json\/wp\/v2\/media?parent=375"}],"curies":[{"name":"wp","href":"https:\/\/api.w.org\/{rel}","templated":true}]}}