{"id":39,"date":"2019-07-25T20:13:32","date_gmt":"2019-07-26T00:13:32","guid":{"rendered":"https:\/\/www.ftsgps.com\/?page_id=39"},"modified":"2026-04-24T15:56:10","modified_gmt":"2026-04-24T19:56:10","slug":"seguimiento-del-mantenimiento-de-flotas","status":"publish","type":"page","link":"https:\/\/www.ftsgps.com\/es\/solutions\/fleet-maintenance-tracking\/","title":{"rendered":"Soluciones de automatizaci\u00f3n del mantenimiento de flotas"},"content":{"rendered":"","protected":false},"excerpt":{"rendered":"","protected":false},"author":1,"featured_media":0,"parent":17,"menu_order":0,"comment_status":"closed","ping_status":"closed","template":"templates\/solutions-maintanance.php","meta":{"_acf_changed":false,"content-type":"","footnotes":""},"class_list":["post-39","page","type-page","status-publish","hentry"],"acf":[],"yoast_head":"<!-- This site is optimized with the Yoast SEO plugin v27.5 - https:\/\/yoast.com\/product\/yoast-seo-wordpress\/ -->\n<title>Fleet Vehicle Maintenance Tracking &amp; Service Reminders | FTSGPS<\/title>\n<meta name=\"description\" content=\"Set maintenance schedules by mileage, engine hours, or date \u2014 IntelliHub sends automated alerts before service is due so vehicles get serviced before they break down.\" \/>\n<meta name=\"robots\" content=\"index, follow, max-snippet:-1, max-image-preview:large, max-video-preview:-1\" \/>\n<link rel=\"canonical\" href=\"https:\/\/www.ftsgps.com\/es\/soluciones\/seguimiento-del-mantenimiento-de-flotas\/\" \/>\n<meta property=\"og:locale\" content=\"es_MX\" \/>\n<meta property=\"og:type\" content=\"article\" \/>\n<meta property=\"og:title\" content=\"Fleet Vehicle Maintenance Tracking &amp; Service Reminders | FTSGPS\" \/>\n<meta property=\"og:description\" content=\"Set maintenance schedules by mileage, engine hours, or date \u2014 IntelliHub sends automated alerts before service is due so vehicles get serviced before they break down.\" \/>\n<meta property=\"og:url\" content=\"https:\/\/www.ftsgps.com\/es\/soluciones\/seguimiento-del-mantenimiento-de-flotas\/\" \/>\n<meta property=\"og:site_name\" content=\"Forward Thinking Systems\" \/>\n<meta property=\"article:publisher\" content=\"https:\/\/www.facebook.com\/ftsGPS\/\" \/>\n<meta property=\"article:modified_time\" content=\"2026-04-24T19:56:10+00:00\" \/>\n<meta property=\"og:image\" content=\"https:\/\/www.ftsgps.com\/wp-content\/uploads\/2026\/02\/ForwardThinkingSystems.png\" \/>\n\t<meta property=\"og:image:width\" content=\"1200\" \/>\n\t<meta property=\"og:image:height\" content=\"675\" \/>\n\t<meta property=\"og:image:type\" content=\"image\/png\" \/>\n<meta name=\"twitter:card\" content=\"summary_large_image\" \/>\n<meta name=\"twitter:site\" content=\"@FTSGPS\" \/>\n<!-- \/ Yoast SEO plugin. -->","yoast_head_json":{"title":"Seguimiento de Mantenimiento de Flotas de Veh\u00edculos y Recordatorios de Servicio | FTSGPS","description":"Establece programas de mantenimiento por kilometraje, horas de motor o fecha. IntelliHub env\u00eda alertas autom\u00e1ticas antes de que el servicio venza, para que los veh\u00edculos se mantengan en servicio antes de que fallen.","robots":{"index":"index","follow":"follow","max-snippet":"max-snippet:-1","max-image-preview":"max-image-preview:large","max-video-preview":"max-video-preview:-1"},"canonical":"https:\/\/www.ftsgps.com\/es\/soluciones\/seguimiento-del-mantenimiento-de-flotas\/","og_locale":"es_MX","og_type":"article","og_title":"Fleet Vehicle Maintenance Tracking & Service Reminders | FTSGPS","og_description":"Set maintenance schedules by mileage, engine hours, or date \u2014 IntelliHub sends automated alerts before service is due so vehicles get serviced before they break down.","og_url":"https:\/\/www.ftsgps.com\/es\/soluciones\/seguimiento-del-mantenimiento-de-flotas\/","og_site_name":"Forward Thinking Systems","article_publisher":"https:\/\/www.facebook.com\/ftsGPS\/","article_modified_time":"2026-04-24T19:56:10+00:00","og_image":[{"width":1200,"height":675,"url":"https:\/\/www.ftsgps.com\/wp-content\/uploads\/2026\/02\/ForwardThinkingSystems.png","type":"image\/png"}],"twitter_card":"summary_large_image","twitter_site":"@FTSGPS","schema":{"@context":"https:\/\/schema.org","@graph":[{"@type":"WebPage","@id":"https:\/\/www.ftsgps.com\/solutions\/fleet-maintenance-tracking\/","url":"https:\/\/www.ftsgps.com\/solutions\/fleet-maintenance-tracking\/","name":"Seguimiento de Mantenimiento de Flotas de Veh\u00edculos y Recordatorios de Servicio | FTSGPS","isPartOf":{"@id":"https:\/\/www.ftsgps.com\/#website"},"datePublished":"2019-07-26T00:13:32+00:00","dateModified":"2026-04-24T19:56:10+00:00","description":"Establece programas de mantenimiento por kilometraje, horas de motor o fecha. IntelliHub env\u00eda alertas autom\u00e1ticas antes de que el servicio venza, para que los veh\u00edculos se mantengan en servicio antes de que fallen.","breadcrumb":{"@id":"https:\/\/www.ftsgps.com\/solutions\/fleet-maintenance-tracking\/#breadcrumb"},"inLanguage":"es","potentialAction":[{"@type":"ReadAction","target":["https:\/\/www.ftsgps.com\/solutions\/fleet-maintenance-tracking\/"]}]},{"@type":"BreadcrumbList","@id":"https:\/\/www.ftsgps.com\/solutions\/fleet-maintenance-tracking\/#breadcrumb","itemListElement":[{"@type":"ListItem","position":1,"name":"Solutions","item":"https:\/\/www.ftsgps.com\/solutions\/"},{"@type":"ListItem","position":2,"name":"Fleet Maintenance Automation Solutions"}]},{"@type":"WebSite","@id":"https:\/\/www.ftsgps.com\/#website","url":"https:\/\/www.ftsgps.com\/","name":"Sistemas de previsi\u00f3n","description":"Adel\u00e1ntate a los dem\u00e1s","publisher":{"@id":"https:\/\/www.ftsgps.com\/#organization"},"potentialAction":[{"@type":"SearchAction","target":{"@type":"EntryPoint","urlTemplate":"https:\/\/www.ftsgps.com\/?s={search_term_string}"},"query-input":{"@type":"PropertyValueSpecification","valueRequired":true,"valueName":"search_term_string"}}],"inLanguage":"es"},{"@type":"Organization","@id":"https:\/\/www.ftsgps.com\/#organization","name":"Sistemas de previsi\u00f3n","alternateName":"FTSGPS","url":"https:\/\/www.ftsgps.com\/","logo":{"@type":"ImageObject","inLanguage":"es","@id":"https:\/\/www.ftsgps.com\/#\/schema\/logo\/image\/","url":"https:\/\/www.ftsgps.com\/wp-content\/uploads\/2019\/07\/Forward-Thinking-Systems-logo.svg","contentUrl":"https:\/\/www.ftsgps.com\/wp-content\/uploads\/2019\/07\/Forward-Thinking-Systems-logo.svg","width":656,"height":129,"caption":"Forward Thinking Systems"},"image":{"@id":"https:\/\/www.ftsgps.com\/#\/schema\/logo\/image\/"},"sameAs":["https:\/\/www.facebook.com\/ftsGPS\/","https:\/\/x.com\/FTSGPS","https:\/\/www.linkedin.com\/company\/forward-thinking-systems"]}]}},"_links":{"self":[{"href":"https:\/\/www.ftsgps.com\/es\/wp-json\/wp\/v2\/pages\/39","targetHints":{"allow":["GET"]}}],"collection":[{"href":"https:\/\/www.ftsgps.com\/es\/wp-json\/wp\/v2\/pages"}],"about":[{"href":"https:\/\/www.ftsgps.com\/es\/wp-json\/wp\/v2\/types\/page"}],"author":[{"embeddable":true,"href":"https:\/\/www.ftsgps.com\/es\/wp-json\/wp\/v2\/users\/1"}],"replies":[{"embeddable":true,"href":"https:\/\/www.ftsgps.com\/es\/wp-json\/wp\/v2\/comments?post=39"}],"version-history":[{"count":3,"href":"https:\/\/www.ftsgps.com\/es\/wp-json\/wp\/v2\/pages\/39\/revisions"}],"predecessor-version":[{"id":10248,"href":"https:\/\/www.ftsgps.com\/es\/wp-json\/wp\/v2\/pages\/39\/revisions\/10248"}],"up":[{"embeddable":true,"href":"https:\/\/www.ftsgps.com\/es\/wp-json\/wp\/v2\/pages\/17"}],"wp:attachment":[{"href":"https:\/\/www.ftsgps.com\/es\/wp-json\/wp\/v2\/media?parent=39"}],"curies":[{"name":"wp","href":"https:\/\/api.w.org\/{rel}","templated":true}]}}