{"id":4509,"date":"2021-09-08T10:21:55","date_gmt":"2021-09-08T14:21:55","guid":{"rendered":"https:\/\/www.ftsgps.com\/?page_id=4509"},"modified":"2026-04-24T15:58:38","modified_gmt":"2026-04-24T19:58:38","slug":"seguimiento-de-activos-2","status":"publish","type":"page","link":"https:\/\/www.ftsgps.com\/es\/solutions\/assets-tracking\/","title":{"rendered":"Seguimiento de activos y equipos"},"content":{"rendered":"","protected":false},"excerpt":{"rendered":"","protected":false},"author":3,"featured_media":0,"parent":17,"menu_order":0,"comment_status":"closed","ping_status":"closed","template":"templates\/solutions-assettracking.php","meta":{"_acf_changed":false,"content-type":"","footnotes":""},"class_list":["post-4509","page","type-page","status-publish","hentry"],"acf":[],"yoast_head":"<!-- This site is optimized with the Yoast SEO plugin v27.5 - https:\/\/yoast.com\/product\/yoast-seo-wordpress\/ -->\n<title>Fleet Asset Tracking &amp; Equipment Location Monitoring | FTSGPS<\/title>\n<meta name=\"description\" content=\"Track trailers, equipment, and non-powered assets with GPS. IntelliHub monitors location, movement, and utilization alongside your vehicles \u2014 one platform, full visibility.\" \/>\n<meta name=\"robots\" content=\"index, follow, max-snippet:-1, max-image-preview:large, max-video-preview:-1\" \/>\n<link rel=\"canonical\" href=\"https:\/\/www.ftsgps.com\/es\/soluciones\/seguimiento-de-activos-2\/\" \/>\n<meta property=\"og:locale\" content=\"es_MX\" \/>\n<meta property=\"og:type\" content=\"article\" \/>\n<meta property=\"og:title\" content=\"Fleet Asset Tracking &amp; Equipment Location Monitoring | FTSGPS\" \/>\n<meta property=\"og:description\" content=\"Track trailers, equipment, and non-powered assets with GPS. IntelliHub monitors location, movement, and utilization alongside your vehicles \u2014 one platform, full visibility.\" \/>\n<meta property=\"og:url\" content=\"https:\/\/www.ftsgps.com\/es\/soluciones\/seguimiento-de-activos-2\/\" \/>\n<meta property=\"og:site_name\" content=\"Forward Thinking Systems\" \/>\n<meta property=\"article:publisher\" content=\"https:\/\/www.facebook.com\/ftsGPS\/\" \/>\n<meta property=\"article:modified_time\" content=\"2026-04-24T19:58:38+00:00\" \/>\n<meta property=\"og:image\" content=\"https:\/\/www.ftsgps.com\/wp-content\/uploads\/2026\/02\/ForwardThinkingSystems.png\" \/>\n\t<meta property=\"og:image:width\" content=\"1200\" \/>\n\t<meta property=\"og:image:height\" content=\"675\" \/>\n\t<meta property=\"og:image:type\" content=\"image\/png\" \/>\n<meta name=\"twitter:card\" content=\"summary_large_image\" \/>\n<meta name=\"twitter:site\" content=\"@FTSGPS\" \/>\n<!-- \/ Yoast SEO plugin. -->","yoast_head_json":{"title":"Rastreo de Activos de Flota y Monitoreo de Ubicaci\u00f3n de Equipos | FTSGPS","description":"Rastree remolques, equipos y activos no motorizados con GPS. IntelliHub monitorea la ubicaci\u00f3n, el movimiento y la utilizaci\u00f3n junto con sus veh\u00edculos: una plataforma, visibilidad total.","robots":{"index":"index","follow":"follow","max-snippet":"max-snippet:-1","max-image-preview":"max-image-preview:large","max-video-preview":"max-video-preview:-1"},"canonical":"https:\/\/www.ftsgps.com\/es\/soluciones\/seguimiento-de-activos-2\/","og_locale":"es_MX","og_type":"article","og_title":"Fleet Asset Tracking & Equipment Location Monitoring | FTSGPS","og_description":"Track trailers, equipment, and non-powered assets with GPS. IntelliHub monitors location, movement, and utilization alongside your vehicles \u2014 one platform, full visibility.","og_url":"https:\/\/www.ftsgps.com\/es\/soluciones\/seguimiento-de-activos-2\/","og_site_name":"Forward Thinking Systems","article_publisher":"https:\/\/www.facebook.com\/ftsGPS\/","article_modified_time":"2026-04-24T19:58:38+00:00","og_image":[{"width":1200,"height":675,"url":"https:\/\/www.ftsgps.com\/wp-content\/uploads\/2026\/02\/ForwardThinkingSystems.png","type":"image\/png"}],"twitter_card":"summary_large_image","twitter_site":"@FTSGPS","schema":{"@context":"https:\/\/schema.org","@graph":[{"@type":"WebPage","@id":"https:\/\/www.ftsgps.com\/solutions\/assets-tracking\/","url":"https:\/\/www.ftsgps.com\/solutions\/assets-tracking\/","name":"Rastreo de Activos de Flota y Monitoreo de Ubicaci\u00f3n de Equipos | FTSGPS","isPartOf":{"@id":"https:\/\/www.ftsgps.com\/#website"},"datePublished":"2021-09-08T14:21:55+00:00","dateModified":"2026-04-24T19:58:38+00:00","description":"Rastree remolques, equipos y activos no motorizados con GPS. IntelliHub monitorea la ubicaci\u00f3n, el movimiento y la utilizaci\u00f3n junto con sus veh\u00edculos: una plataforma, visibilidad total.","breadcrumb":{"@id":"https:\/\/www.ftsgps.com\/solutions\/assets-tracking\/#breadcrumb"},"inLanguage":"es","potentialAction":[{"@type":"ReadAction","target":["https:\/\/www.ftsgps.com\/solutions\/assets-tracking\/"]}]},{"@type":"BreadcrumbList","@id":"https:\/\/www.ftsgps.com\/solutions\/assets-tracking\/#breadcrumb","itemListElement":[{"@type":"ListItem","position":1,"name":"Solutions","item":"https:\/\/www.ftsgps.com\/solutions\/"},{"@type":"ListItem","position":2,"name":"Asset and Equipment Tracking"}]},{"@type":"WebSite","@id":"https:\/\/www.ftsgps.com\/#website","url":"https:\/\/www.ftsgps.com\/","name":"Sistemas de previsi\u00f3n","description":"Adel\u00e1ntate a los dem\u00e1s","publisher":{"@id":"https:\/\/www.ftsgps.com\/#organization"},"potentialAction":[{"@type":"SearchAction","target":{"@type":"EntryPoint","urlTemplate":"https:\/\/www.ftsgps.com\/?s={search_term_string}"},"query-input":{"@type":"PropertyValueSpecification","valueRequired":true,"valueName":"search_term_string"}}],"inLanguage":"es"},{"@type":"Organization","@id":"https:\/\/www.ftsgps.com\/#organization","name":"Sistemas de previsi\u00f3n","alternateName":"FTSGPS","url":"https:\/\/www.ftsgps.com\/","logo":{"@type":"ImageObject","inLanguage":"es","@id":"https:\/\/www.ftsgps.com\/#\/schema\/logo\/image\/","url":"https:\/\/www.ftsgps.com\/wp-content\/uploads\/2019\/07\/Forward-Thinking-Systems-logo.svg","contentUrl":"https:\/\/www.ftsgps.com\/wp-content\/uploads\/2019\/07\/Forward-Thinking-Systems-logo.svg","width":656,"height":129,"caption":"Forward Thinking Systems"},"image":{"@id":"https:\/\/www.ftsgps.com\/#\/schema\/logo\/image\/"},"sameAs":["https:\/\/www.facebook.com\/ftsGPS\/","https:\/\/x.com\/FTSGPS","https:\/\/www.linkedin.com\/company\/forward-thinking-systems"]}]}},"_links":{"self":[{"href":"https:\/\/www.ftsgps.com\/es\/wp-json\/wp\/v2\/pages\/4509","targetHints":{"allow":["GET"]}}],"collection":[{"href":"https:\/\/www.ftsgps.com\/es\/wp-json\/wp\/v2\/pages"}],"about":[{"href":"https:\/\/www.ftsgps.com\/es\/wp-json\/wp\/v2\/types\/page"}],"author":[{"embeddable":true,"href":"https:\/\/www.ftsgps.com\/es\/wp-json\/wp\/v2\/users\/3"}],"replies":[{"embeddable":true,"href":"https:\/\/www.ftsgps.com\/es\/wp-json\/wp\/v2\/comments?post=4509"}],"version-history":[{"count":2,"href":"https:\/\/www.ftsgps.com\/es\/wp-json\/wp\/v2\/pages\/4509\/revisions"}],"predecessor-version":[{"id":10250,"href":"https:\/\/www.ftsgps.com\/es\/wp-json\/wp\/v2\/pages\/4509\/revisions\/10250"}],"up":[{"embeddable":true,"href":"https:\/\/www.ftsgps.com\/es\/wp-json\/wp\/v2\/pages\/17"}],"wp:attachment":[{"href":"https:\/\/www.ftsgps.com\/es\/wp-json\/wp\/v2\/media?parent=4509"}],"curies":[{"name":"wp","href":"https:\/\/api.w.org\/{rel}","templated":true}]}}