{"id":53,"date":"2021-08-25T20:14:00","date_gmt":"2021-08-26T00:14:00","guid":{"rendered":"https:\/\/www.ftsgps.com\/?page_id=53"},"modified":"2026-04-24T15:24:11","modified_gmt":"2026-04-24T19:24:11","slug":"control-del-comportamiento-del-conductor","status":"publish","type":"page","link":"https:\/\/www.ftsgps.com\/es\/solutions\/driver-behavior-monitoring\/","title":{"rendered":"Control del comportamiento del conductor"},"content":{"rendered":"","protected":false},"excerpt":{"rendered":"","protected":false},"author":1,"featured_media":0,"parent":17,"menu_order":0,"comment_status":"closed","ping_status":"closed","template":"templates\/solutions-driverbehavior.php","meta":{"_acf_changed":false,"content-type":"","footnotes":""},"class_list":["post-53","page","type-page","status-publish","hentry"],"acf":[],"yoast_head":"<!-- This site is optimized with the Yoast SEO plugin v27.5 - https:\/\/yoast.com\/product\/yoast-seo-wordpress\/ -->\n<title>Driver Behavior Monitoring &amp; Coaching System | FTSGPS<\/title>\n<meta name=\"description\" content=\"&quot;See every risky driving event across your fleet \u2014 speeding, harsh braking, distraction \u2014 then give drivers scorecards and coaching to self-correct.&quot;\" \/>\n<meta name=\"robots\" content=\"index, follow, max-snippet:-1, max-image-preview:large, max-video-preview:-1\" \/>\n<link rel=\"canonical\" href=\"https:\/\/www.ftsgps.com\/es\/soluciones\/control-del-comportamiento-del-conductor\/\" \/>\n<meta property=\"og:locale\" content=\"es_MX\" \/>\n<meta property=\"og:type\" content=\"article\" \/>\n<meta property=\"og:title\" content=\"Driver Behavior Monitoring &amp; Coaching System | FTSGPS\" \/>\n<meta property=\"og:description\" content=\"&quot;See every risky driving event across your fleet \u2014 speeding, harsh braking, distraction \u2014 then give drivers scorecards and coaching to self-correct.&quot;\" \/>\n<meta property=\"og:url\" content=\"https:\/\/www.ftsgps.com\/es\/soluciones\/control-del-comportamiento-del-conductor\/\" \/>\n<meta property=\"og:site_name\" content=\"Forward Thinking Systems\" \/>\n<meta property=\"article:publisher\" content=\"https:\/\/www.facebook.com\/ftsGPS\/\" \/>\n<meta property=\"article:modified_time\" content=\"2026-04-24T19:24:11+00:00\" \/>\n<meta property=\"og:image\" content=\"https:\/\/www.ftsgps.com\/wp-content\/uploads\/2026\/02\/ForwardThinkingSystems.png\" \/>\n\t<meta property=\"og:image:width\" content=\"1200\" \/>\n\t<meta property=\"og:image:height\" content=\"675\" \/>\n\t<meta property=\"og:image:type\" content=\"image\/png\" \/>\n<meta name=\"twitter:card\" content=\"summary_large_image\" \/>\n<meta name=\"twitter:site\" content=\"@FTSGPS\" \/>\n<!-- \/ Yoast SEO plugin. -->","yoast_head_json":{"title":"Sistema de Monitoreo y Coaching de Comportamiento del Conductor | FTSGPS","description":"\"\\\"Visualiza cada evento de conducci\\u00f3n riesgosa en tu flota \\u2014exceso de velocidad, frenado brusco, distracciones\\u2014 luego proporciona a los conductores tarjetas de puntuaci\\u00f3n y capacitaci\\u00f3n para que se corrijan.\\\"\"","robots":{"index":"index","follow":"follow","max-snippet":"max-snippet:-1","max-image-preview":"max-image-preview:large","max-video-preview":"max-video-preview:-1"},"canonical":"https:\/\/www.ftsgps.com\/es\/soluciones\/control-del-comportamiento-del-conductor\/","og_locale":"es_MX","og_type":"article","og_title":"Driver Behavior Monitoring & Coaching System | FTSGPS","og_description":"\"See every risky driving event across your fleet \u2014 speeding, harsh braking, distraction \u2014 then give drivers scorecards and coaching to self-correct.\"","og_url":"https:\/\/www.ftsgps.com\/es\/soluciones\/control-del-comportamiento-del-conductor\/","og_site_name":"Forward Thinking Systems","article_publisher":"https:\/\/www.facebook.com\/ftsGPS\/","article_modified_time":"2026-04-24T19:24:11+00:00","og_image":[{"width":1200,"height":675,"url":"https:\/\/www.ftsgps.com\/wp-content\/uploads\/2026\/02\/ForwardThinkingSystems.png","type":"image\/png"}],"twitter_card":"summary_large_image","twitter_site":"@FTSGPS","schema":{"@context":"https:\/\/schema.org","@graph":[{"@type":"WebPage","@id":"https:\/\/www.ftsgps.com\/solutions\/driver-behavior-monitoring\/","url":"https:\/\/www.ftsgps.com\/solutions\/driver-behavior-monitoring\/","name":"Sistema de Monitoreo y Coaching de Comportamiento del Conductor | FTSGPS","isPartOf":{"@id":"https:\/\/www.ftsgps.com\/#website"},"datePublished":"2021-08-26T00:14:00+00:00","dateModified":"2026-04-24T19:24:11+00:00","description":"\"\\\"Visualiza cada evento de conducci\\u00f3n riesgosa en tu flota \\u2014exceso de velocidad, frenado brusco, distracciones\\u2014 luego proporciona a los conductores tarjetas de puntuaci\\u00f3n y capacitaci\\u00f3n para que se corrijan.\\\"\"","breadcrumb":{"@id":"https:\/\/www.ftsgps.com\/solutions\/driver-behavior-monitoring\/#breadcrumb"},"inLanguage":"es","potentialAction":[{"@type":"ReadAction","target":["https:\/\/www.ftsgps.com\/solutions\/driver-behavior-monitoring\/"]}]},{"@type":"BreadcrumbList","@id":"https:\/\/www.ftsgps.com\/solutions\/driver-behavior-monitoring\/#breadcrumb","itemListElement":[{"@type":"ListItem","position":1,"name":"Solutions","item":"https:\/\/www.ftsgps.com\/solutions\/"},{"@type":"ListItem","position":2,"name":"Driver Behavior Monitoring"}]},{"@type":"WebSite","@id":"https:\/\/www.ftsgps.com\/#website","url":"https:\/\/www.ftsgps.com\/","name":"Sistemas de previsi\u00f3n","description":"Adel\u00e1ntate a los dem\u00e1s","publisher":{"@id":"https:\/\/www.ftsgps.com\/#organization"},"potentialAction":[{"@type":"SearchAction","target":{"@type":"EntryPoint","urlTemplate":"https:\/\/www.ftsgps.com\/?s={search_term_string}"},"query-input":{"@type":"PropertyValueSpecification","valueRequired":true,"valueName":"search_term_string"}}],"inLanguage":"es"},{"@type":"Organization","@id":"https:\/\/www.ftsgps.com\/#organization","name":"Sistemas de previsi\u00f3n","alternateName":"FTSGPS","url":"https:\/\/www.ftsgps.com\/","logo":{"@type":"ImageObject","inLanguage":"es","@id":"https:\/\/www.ftsgps.com\/#\/schema\/logo\/image\/","url":"https:\/\/www.ftsgps.com\/wp-content\/uploads\/2019\/07\/Forward-Thinking-Systems-logo.svg","contentUrl":"https:\/\/www.ftsgps.com\/wp-content\/uploads\/2019\/07\/Forward-Thinking-Systems-logo.svg","width":656,"height":129,"caption":"Forward Thinking Systems"},"image":{"@id":"https:\/\/www.ftsgps.com\/#\/schema\/logo\/image\/"},"sameAs":["https:\/\/www.facebook.com\/ftsGPS\/","https:\/\/x.com\/FTSGPS","https:\/\/www.linkedin.com\/company\/forward-thinking-systems"]}]}},"_links":{"self":[{"href":"https:\/\/www.ftsgps.com\/es\/wp-json\/wp\/v2\/pages\/53","targetHints":{"allow":["GET"]}}],"collection":[{"href":"https:\/\/www.ftsgps.com\/es\/wp-json\/wp\/v2\/pages"}],"about":[{"href":"https:\/\/www.ftsgps.com\/es\/wp-json\/wp\/v2\/types\/page"}],"author":[{"embeddable":true,"href":"https:\/\/www.ftsgps.com\/es\/wp-json\/wp\/v2\/users\/1"}],"replies":[{"embeddable":true,"href":"https:\/\/www.ftsgps.com\/es\/wp-json\/wp\/v2\/comments?post=53"}],"version-history":[{"count":4,"href":"https:\/\/www.ftsgps.com\/es\/wp-json\/wp\/v2\/pages\/53\/revisions"}],"predecessor-version":[{"id":10237,"href":"https:\/\/www.ftsgps.com\/es\/wp-json\/wp\/v2\/pages\/53\/revisions\/10237"}],"up":[{"embeddable":true,"href":"https:\/\/www.ftsgps.com\/es\/wp-json\/wp\/v2\/pages\/17"}],"wp:attachment":[{"href":"https:\/\/www.ftsgps.com\/es\/wp-json\/wp\/v2\/media?parent=53"}],"curies":[{"name":"wp","href":"https:\/\/api.w.org\/{rel}","templated":true}]}}