{"id":61,"date":"2019-07-25T20:15:25","date_gmt":"2019-07-26T00:15:25","guid":{"rendered":"https:\/\/www.ftsgps.com\/?page_id=61"},"modified":"2023-03-29T03:50:24","modified_gmt":"2023-03-29T07:50:24","slug":"demostracion-en-directo","status":"publish","type":"page","link":"https:\/\/www.ftsgps.com\/es\/live-demo\/","title":{"rendered":"Demostraci\u00f3n en directo"},"content":{"rendered":"","protected":false},"excerpt":{"rendered":"","protected":false},"author":1,"featured_media":0,"parent":0,"menu_order":0,"comment_status":"closed","ping_status":"closed","template":"templates\/page-book-demo.php","meta":{"_acf_changed":false,"content-type":"","footnotes":""},"class_list":["post-61","page","type-page","status-publish","hentry"],"acf":[],"yoast_head":"<!-- This site is optimized with the Yoast SEO plugin v27.5 - https:\/\/yoast.com\/product\/yoast-seo-wordpress\/ -->\n<title>Free Demo | See How Fleet GPS Tracking &amp; Management Solutions Help You<\/title>\n<meta name=\"description\" content=\"Contact us for a live, personalized demo of our fleet tracking and management solutions including fleet camera monitoring, digital forms and DVIRs and ELD systems.\" \/>\n<meta name=\"robots\" content=\"index, follow, max-snippet:-1, max-image-preview:large, max-video-preview:-1\" \/>\n<link rel=\"canonical\" href=\"https:\/\/www.ftsgps.com\/es\/demostracion-en-directo\/\" \/>\n<meta property=\"og:locale\" content=\"es_MX\" \/>\n<meta property=\"og:type\" content=\"article\" \/>\n<meta property=\"og:title\" content=\"Free Demo | See How Fleet GPS Tracking &amp; Management Solutions Help You\" \/>\n<meta property=\"og:description\" content=\"Contact us for a live, personalized demo of our fleet tracking and management solutions including fleet camera monitoring, digital forms and DVIRs and ELD systems.\" \/>\n<meta property=\"og:url\" content=\"https:\/\/www.ftsgps.com\/es\/demostracion-en-directo\/\" \/>\n<meta property=\"og:site_name\" content=\"Forward Thinking Systems\" \/>\n<meta property=\"article:publisher\" content=\"https:\/\/www.facebook.com\/ftsGPS\/\" \/>\n<meta property=\"article:modified_time\" content=\"2023-03-29T07:50:24+00:00\" \/>\n<meta property=\"og:image\" content=\"https:\/\/www.ftsgps.com\/wp-content\/uploads\/2026\/02\/ForwardThinkingSystems.png\" \/>\n\t<meta property=\"og:image:width\" content=\"1200\" \/>\n\t<meta property=\"og:image:height\" content=\"675\" \/>\n\t<meta property=\"og:image:type\" content=\"image\/png\" \/>\n<meta name=\"twitter:card\" content=\"summary_large_image\" \/>\n<meta name=\"twitter:site\" content=\"@FTSGPS\" \/>\n<!-- \/ Yoast SEO plugin. -->","yoast_head_json":{"title":"Demostraci\u00f3n gratuita | Vea c\u00f3mo le ayudan las soluciones de seguimiento y gesti\u00f3n de flotas por GPS","description":"P\u00f3ngase en contacto con nosotros para obtener una demostraci\u00f3n personalizada y en directo de nuestras soluciones de seguimiento y gesti\u00f3n de flotas, incluida la supervisi\u00f3n por c\u00e1mara de flotas, formularios digitales y sistemas DVIR y ELD.","robots":{"index":"index","follow":"follow","max-snippet":"max-snippet:-1","max-image-preview":"max-image-preview:large","max-video-preview":"max-video-preview:-1"},"canonical":"https:\/\/www.ftsgps.com\/es\/demostracion-en-directo\/","og_locale":"es_MX","og_type":"article","og_title":"Free Demo | See How Fleet GPS Tracking & Management Solutions Help You","og_description":"Contact us for a live, personalized demo of our fleet tracking and management solutions including fleet camera monitoring, digital forms and DVIRs and ELD systems.","og_url":"https:\/\/www.ftsgps.com\/es\/demostracion-en-directo\/","og_site_name":"Forward Thinking Systems","article_publisher":"https:\/\/www.facebook.com\/ftsGPS\/","article_modified_time":"2023-03-29T07:50:24+00:00","og_image":[{"width":1200,"height":675,"url":"https:\/\/www.ftsgps.com\/wp-content\/uploads\/2026\/02\/ForwardThinkingSystems.png","type":"image\/png"}],"twitter_card":"summary_large_image","twitter_site":"@FTSGPS","schema":{"@context":"https:\/\/schema.org","@graph":[{"@type":"WebPage","@id":"https:\/\/www.ftsgps.com\/live-demo\/","url":"https:\/\/www.ftsgps.com\/live-demo\/","name":"Demostraci\u00f3n gratuita | Vea c\u00f3mo le ayudan las soluciones de seguimiento y gesti\u00f3n de flotas por GPS","isPartOf":{"@id":"https:\/\/www.ftsgps.com\/#website"},"datePublished":"2019-07-26T00:15:25+00:00","dateModified":"2023-03-29T07:50:24+00:00","description":"P\u00f3ngase en contacto con nosotros para obtener una demostraci\u00f3n personalizada y en directo de nuestras soluciones de seguimiento y gesti\u00f3n de flotas, incluida la supervisi\u00f3n por c\u00e1mara de flotas, formularios digitales y sistemas DVIR y ELD.","inLanguage":"es","potentialAction":[{"@type":"ReadAction","target":["https:\/\/www.ftsgps.com\/live-demo\/"]}]},{"@type":"WebSite","@id":"https:\/\/www.ftsgps.com\/#website","url":"https:\/\/www.ftsgps.com\/","name":"Sistemas de previsi\u00f3n","description":"Adel\u00e1ntate a los dem\u00e1s","publisher":{"@id":"https:\/\/www.ftsgps.com\/#organization"},"potentialAction":[{"@type":"SearchAction","target":{"@type":"EntryPoint","urlTemplate":"https:\/\/www.ftsgps.com\/?s={search_term_string}"},"query-input":{"@type":"PropertyValueSpecification","valueRequired":true,"valueName":"search_term_string"}}],"inLanguage":"es"},{"@type":"Organization","@id":"https:\/\/www.ftsgps.com\/#organization","name":"Sistemas de previsi\u00f3n","alternateName":"FTSGPS","url":"https:\/\/www.ftsgps.com\/","logo":{"@type":"ImageObject","inLanguage":"es","@id":"https:\/\/www.ftsgps.com\/#\/schema\/logo\/image\/","url":"https:\/\/www.ftsgps.com\/wp-content\/uploads\/2019\/07\/Forward-Thinking-Systems-logo.svg","contentUrl":"https:\/\/www.ftsgps.com\/wp-content\/uploads\/2019\/07\/Forward-Thinking-Systems-logo.svg","width":656,"height":129,"caption":"Forward Thinking Systems"},"image":{"@id":"https:\/\/www.ftsgps.com\/#\/schema\/logo\/image\/"},"sameAs":["https:\/\/www.facebook.com\/ftsGPS\/","https:\/\/x.com\/FTSGPS","https:\/\/www.linkedin.com\/company\/forward-thinking-systems"]}]}},"_links":{"self":[{"href":"https:\/\/www.ftsgps.com\/es\/wp-json\/wp\/v2\/pages\/61","targetHints":{"allow":["GET"]}}],"collection":[{"href":"https:\/\/www.ftsgps.com\/es\/wp-json\/wp\/v2\/pages"}],"about":[{"href":"https:\/\/www.ftsgps.com\/es\/wp-json\/wp\/v2\/types\/page"}],"author":[{"embeddable":true,"href":"https:\/\/www.ftsgps.com\/es\/wp-json\/wp\/v2\/users\/1"}],"replies":[{"embeddable":true,"href":"https:\/\/www.ftsgps.com\/es\/wp-json\/wp\/v2\/comments?post=61"}],"version-history":[{"count":1,"href":"https:\/\/www.ftsgps.com\/es\/wp-json\/wp\/v2\/pages\/61\/revisions"}],"predecessor-version":[{"id":62,"href":"https:\/\/www.ftsgps.com\/es\/wp-json\/wp\/v2\/pages\/61\/revisions\/62"}],"wp:attachment":[{"href":"https:\/\/www.ftsgps.com\/es\/wp-json\/wp\/v2\/media?parent=61"}],"curies":[{"name":"wp","href":"https:\/\/api.w.org\/{rel}","templated":true}]}}