{"id":7086,"date":"2023-05-16T08:28:45","date_gmt":"2023-05-16T12:28:45","guid":{"rendered":"https:\/\/www.ftsgps.com\/?page_id=7086"},"modified":"2024-09-12T17:16:28","modified_gmt":"2024-09-12T21:16:28","slug":"t-movil","status":"publish","type":"page","link":"https:\/\/www.ftsgps.com\/es\/t-mobile\/","title":{"rendered":"T-mobile"},"content":{"rendered":"","protected":false},"excerpt":{"rendered":"","protected":false},"author":3,"featured_media":0,"parent":0,"menu_order":0,"comment_status":"closed","ping_status":"closed","template":"templates\/page-tmobile.php","meta":{"_acf_changed":false,"content-type":"","footnotes":""},"class_list":["post-7086","page","type-page","status-publish","hentry"],"acf":[],"yoast_head":"<!-- This site is optimized with the Yoast SEO plugin v27.3 - https:\/\/yoast.com\/product\/yoast-seo-wordpress\/ -->\n<title>T-Mobile - Forward Thinking Systems<\/title>\n<meta name=\"description\" content=\"Explore FTS &amp; T-Mobile&#039;s all-in-one fleet solution for commercial &amp; government fleets. Track, optimize, and boost safety with real-time insights &amp; tools.\" \/>\n<meta name=\"robots\" content=\"index, follow, max-snippet:-1, max-image-preview:large, max-video-preview:-1\" \/>\n<link rel=\"canonical\" href=\"https:\/\/www.ftsgps.com\/es\/t-movil\/\" \/>\n<meta property=\"og:locale\" content=\"es_MX\" \/>\n<meta property=\"og:type\" content=\"article\" \/>\n<meta property=\"og:title\" content=\"T-Mobile - Forward Thinking Systems\" \/>\n<meta property=\"og:description\" content=\"Explore FTS &amp; T-Mobile&#039;s all-in-one fleet solution for commercial &amp; government fleets. Track, optimize, and boost safety with real-time insights &amp; tools.\" \/>\n<meta property=\"og:url\" content=\"https:\/\/www.ftsgps.com\/es\/t-movil\/\" \/>\n<meta property=\"og:site_name\" content=\"Forward Thinking Systems\" \/>\n<meta property=\"article:publisher\" content=\"https:\/\/www.facebook.com\/ftsGPS\/\" \/>\n<meta property=\"article:modified_time\" content=\"2024-09-12T21:16:28+00:00\" \/>\n<meta property=\"og:image\" content=\"https:\/\/www.ftsgps.com\/wp-content\/uploads\/2026\/02\/ForwardThinkingSystems.png\" \/>\n\t<meta property=\"og:image:width\" content=\"1200\" \/>\n\t<meta property=\"og:image:height\" content=\"675\" \/>\n\t<meta property=\"og:image:type\" content=\"image\/png\" \/>\n<meta name=\"twitter:card\" content=\"summary_large_image\" \/>\n<meta name=\"twitter:site\" content=\"@FTSGPS\" \/>\n<!-- \/ Yoast SEO plugin. -->","yoast_head_json":{"title":"T-Mobile - Sistemas de previsi\u00f3n","description":"Explore la soluci\u00f3n todo en uno de FTS y T-Mobile para flotas comerciales y gubernamentales. Rastrea, optimiza y mejora la seguridad con informaci\u00f3n y herramientas en tiempo real.","robots":{"index":"index","follow":"follow","max-snippet":"max-snippet:-1","max-image-preview":"max-image-preview:large","max-video-preview":"max-video-preview:-1"},"canonical":"https:\/\/www.ftsgps.com\/es\/t-movil\/","og_locale":"es_MX","og_type":"article","og_title":"T-Mobile - Forward Thinking Systems","og_description":"Explore FTS & T-Mobile's all-in-one fleet solution for commercial & government fleets. Track, optimize, and boost safety with real-time insights & tools.","og_url":"https:\/\/www.ftsgps.com\/es\/t-movil\/","og_site_name":"Forward Thinking Systems","article_publisher":"https:\/\/www.facebook.com\/ftsGPS\/","article_modified_time":"2024-09-12T21:16:28+00:00","og_image":[{"width":1200,"height":675,"url":"https:\/\/www.ftsgps.com\/wp-content\/uploads\/2026\/02\/ForwardThinkingSystems.png","type":"image\/png"}],"twitter_card":"summary_large_image","twitter_site":"@FTSGPS","schema":{"@context":"https:\/\/schema.org","@graph":[{"@type":"WebPage","@id":"https:\/\/www.ftsgps.com\/t-mobile\/","url":"https:\/\/www.ftsgps.com\/t-mobile\/","name":"T-Mobile - Sistemas de previsi\u00f3n","isPartOf":{"@id":"https:\/\/www.ftsgps.com\/#website"},"datePublished":"2023-05-16T12:28:45+00:00","dateModified":"2024-09-12T21:16:28+00:00","description":"Explore la soluci\u00f3n todo en uno de FTS y T-Mobile para flotas comerciales y gubernamentales. Rastrea, optimiza y mejora la seguridad con informaci\u00f3n y herramientas en tiempo real.","inLanguage":"es","potentialAction":[{"@type":"ReadAction","target":["https:\/\/www.ftsgps.com\/t-mobile\/"]}]},{"@type":"WebSite","@id":"https:\/\/www.ftsgps.com\/#website","url":"https:\/\/www.ftsgps.com\/","name":"Sistemas de previsi\u00f3n","description":"Adel\u00e1ntate a los dem\u00e1s","publisher":{"@id":"https:\/\/www.ftsgps.com\/#organization"},"potentialAction":[{"@type":"SearchAction","target":{"@type":"EntryPoint","urlTemplate":"https:\/\/www.ftsgps.com\/?s={search_term_string}"},"query-input":{"@type":"PropertyValueSpecification","valueRequired":true,"valueName":"search_term_string"}}],"inLanguage":"es"},{"@type":"Organization","@id":"https:\/\/www.ftsgps.com\/#organization","name":"Sistemas de previsi\u00f3n","alternateName":"FTSGPS","url":"https:\/\/www.ftsgps.com\/","logo":{"@type":"ImageObject","inLanguage":"es","@id":"https:\/\/www.ftsgps.com\/#\/schema\/logo\/image\/","url":"https:\/\/www.ftsgps.com\/wp-content\/uploads\/2019\/07\/Forward-Thinking-Systems-logo.svg","contentUrl":"https:\/\/www.ftsgps.com\/wp-content\/uploads\/2019\/07\/Forward-Thinking-Systems-logo.svg","width":656,"height":129,"caption":"Forward Thinking Systems"},"image":{"@id":"https:\/\/www.ftsgps.com\/#\/schema\/logo\/image\/"},"sameAs":["https:\/\/www.facebook.com\/ftsGPS\/","https:\/\/x.com\/FTSGPS","https:\/\/www.linkedin.com\/company\/forward-thinking-systems"]}]}},"_links":{"self":[{"href":"https:\/\/www.ftsgps.com\/es\/wp-json\/wp\/v2\/pages\/7086","targetHints":{"allow":["GET"]}}],"collection":[{"href":"https:\/\/www.ftsgps.com\/es\/wp-json\/wp\/v2\/pages"}],"about":[{"href":"https:\/\/www.ftsgps.com\/es\/wp-json\/wp\/v2\/types\/page"}],"author":[{"embeddable":true,"href":"https:\/\/www.ftsgps.com\/es\/wp-json\/wp\/v2\/users\/3"}],"replies":[{"embeddable":true,"href":"https:\/\/www.ftsgps.com\/es\/wp-json\/wp\/v2\/comments?post=7086"}],"version-history":[{"count":1,"href":"https:\/\/www.ftsgps.com\/es\/wp-json\/wp\/v2\/pages\/7086\/revisions"}],"predecessor-version":[{"id":7087,"href":"https:\/\/www.ftsgps.com\/es\/wp-json\/wp\/v2\/pages\/7086\/revisions\/7087"}],"wp:attachment":[{"href":"https:\/\/www.ftsgps.com\/es\/wp-json\/wp\/v2\/media?parent=7086"}],"curies":[{"name":"wp","href":"https:\/\/api.w.org\/{rel}","templated":true}]}}