{"id":8794,"date":"2024-06-25T09:16:02","date_gmt":"2024-06-25T13:16:02","guid":{"rendered":"https:\/\/www.ftsgps.com\/?page_id=8794"},"modified":"2024-06-28T10:21:42","modified_gmt":"2024-06-28T14:21:42","slug":"accesibilidad","status":"publish","type":"page","link":"https:\/\/www.ftsgps.com\/es\/accessibility\/","title":{"rendered":"Accesibilidad"},"content":{"rendered":"<h1 class=\"wp-block-heading\">Declaraci\u00f3n de accesibilidad de Forward Thinking Systems<\/h1>\n\n\n\n<p>Esta es una declaraci\u00f3n de accesibilidad de Forward Thinking Systems LLC, una sociedad limitada de Nueva York<br>sociedad de responsabilidad limitada (\"Forward Thinking Systems\"). Forward Thinking Systems se compromete a<br>garantizar la accesibilidad web a todas las personas, independientemente de sus capacidades. Estamos profundamente<br>nos comprometemos a ofrecer una experiencia en l\u00ednea integradora a todos nuestros usuarios. Lo hemos conseguido<br>aplicando las normas de accesibilidad de nivel AA descritas en WCAG 2.1, como se indica a continuaci\u00f3n.<\/p>\n\n\n\n<h3 class=\"wp-block-heading\">Medidas de apoyo a la accesibilidad<\/h3>\n\n\n\n<p>Forward Thinking Systems adopta las siguientes medidas para garantizar la accesibilidad de<br>www.ftsgps.com:<\/p>\n\n\n\n<ul class=\"wp-block-list\">\n<li>Asigne objetivos y responsabilidades claros en materia de accesibilidad,<\/li>\n\n\n\n<li>Emplear m\u00e9todos formales de garant\u00eda de calidad de la accesibilidad,<\/li>\n<\/ul>\n\n\n\n<h3 class=\"wp-block-heading\">Estado de conformidad<\/h3>\n\n\n\n<p>Las Pautas de Accesibilidad al Contenido en la Web (WCAG) definen los requisitos para dise\u00f1adores y<br>para mejorar la accesibilidad de las personas con discapacidad. Define tres niveles de<br>conformidad: Nivel A, Nivel AA y Nivel AAA. Forward Thinking Systems es plenamente<br>conforme con el nivel AA de las WCAG 2.1. Totalmente conforme significa que el contenido es totalmente conforme<br>a la norma de accesibilidad sin excepciones.<\/p>\n\n\n\n<h3 class=\"wp-block-heading\">Comentarios<\/h3>\n\n\n\n<p>Agradecemos sus comentarios sobre la accesibilidad de Forward Thinking Systems. H\u00e1ganos llegar<br>si encuentra barreras de accesibilidad en Forward Thinking Systems:<\/p>\n\n\n\n<ul class=\"wp-block-list\">\n<li>Correo electr\u00f3nico: accessibility@ftsgps.com,<\/li>\n\n\n\n<li>Direcci\u00f3n postal: 575 Jericho Turnpike, Suite 301, Jericho NY, 11753,<\/li>\n\n\n\n<li>Intentamos responder a los comentarios en un plazo de 5 d\u00edas laborables,<\/li>\n<\/ul>\n\n\n\n<h3 class=\"wp-block-heading\">Compatibilidad con navegadores y tecnolog\u00edas de asistencia<\/h3>\n\n\n\n<p>Forward Thinking Systems est\u00e1 dise\u00f1ado para ser compatible con las siguientes ayudas<br>tecnolog\u00edas:<\/p>\n\n\n\n<ul class=\"wp-block-list\">\n<li>Navegadores web comunes con tecnolog\u00eda de asistencia (lectores de pantalla, etc.) que admiten <br>HTML, CSS y JavaScript en Windows, MacOS, Linux, iOS y Android<\/li>\n<\/ul>\n\n\n\n<p>Forward Thinking Systems no es compatible con:<\/p>\n\n\n\n<ul class=\"wp-block-list\">\n<li>Los navegadores con m\u00e1s de 3 versiones principales o los sistemas operativos m\u00f3viles con m\u00e1s de 5 a\u00f1os de antig\u00fcedad pueden<br>no ser apoyado<\/li>\n<\/ul>\n\n\n\n<h3 class=\"wp-block-heading\">Especificaciones t\u00e9cnicas<\/h3>\n\n\n\n<p>La accesibilidad de Forward Thinking Systems se basa en las siguientes tecnolog\u00edas para trabajar con el<br>combinaci\u00f3n concreta de navegador web y cualquier tecnolog\u00eda de asistencia o complemento instalado en<br>tu ordenador:<\/p>\n\n\n\n<ul class=\"wp-block-list\">\n<li>HTML<\/li>\n\n\n\n<li>WAI-ARIA<\/li>\n\n\n\n<li>CSS<\/li>\n\n\n\n<li>JavaScript<\/li>\n<\/ul>\n\n\n\n<p>Estas tecnolog\u00edas se basan en la conformidad con las normas de accesibilidad utilizadas.<\/p>\n\n\n\n<h3 class=\"wp-block-heading\">Enfoque de la evaluaci\u00f3n<\/h3>\n\n\n\n<p>Forward Thinking Systems evalu\u00f3 la accesibilidad www.ftsgps.com de la siguiente manera<br>enfoques:<\/p>\n\n\n\n<ul class=\"wp-block-list\">\n<li>Herramientas de control de la accesibilidad de terceros<\/li>\n\n\n\n<li>Informes generados por terceros<\/li>\n\n\n\n<li>Autoevaluaci\u00f3n<\/li>\n<\/ul>\n\n\n\n<h3 class=\"wp-block-heading\">Reclamaciones formales<\/h3>\n\n\n\n<p>Nuestro objetivo es responder a los comentarios sobre accesibilidad en un plazo de 5 d\u00edas laborables y proponer una soluci\u00f3n.<br>en un plazo de 10 d\u00edas h\u00e1biles. Tiene derecho a elevar una reclamaci\u00f3n a la autoridad nacional, en caso de que<br>Si no est\u00e1 satisfecho con la respuesta que le hemos dado.<\/p>\n\n\n\n<h3 class=\"wp-block-heading\">Fecha <\/h3>\n\n\n\n<p>Esta declaraci\u00f3n se cre\u00f3 el 23 de mayo de 2024.<\/p>","protected":false},"excerpt":{"rendered":"<p>Declaraci\u00f3n de accesibilidad de Forward Thinking Systems Esta es una declaraci\u00f3n de accesibilidad de Forward Thinking Systems LLC, una sociedad de responsabilidad limitada de Nueva York (\"Forward Thinking Systems\"). Forward Thinking Systems se compromete a garantizar la accesibilidad web a todas las personas, independientemente de sus capacidades. Estamos profundamente comprometidos a proporcionar una experiencia en l\u00ednea inclusiva para todos nuestros usuarios. Hemos logrado [...]<\/p>","protected":false},"author":3,"featured_media":0,"parent":0,"menu_order":0,"comment_status":"closed","ping_status":"closed","template":"templates\/page-privacy-policy.php","meta":{"_acf_changed":false,"content-type":"","footnotes":""},"class_list":["post-8794","page","type-page","status-publish","hentry"],"acf":[],"yoast_head":"<!-- This site is optimized with the Yoast SEO plugin v27.5 - https:\/\/yoast.com\/product\/yoast-seo-wordpress\/ -->\n<title>Accessibility<\/title>\n<meta name=\"robots\" content=\"index, follow, max-snippet:-1, max-image-preview:large, max-video-preview:-1\" \/>\n<link rel=\"canonical\" href=\"https:\/\/www.ftsgps.com\/es\/accesibilidad\/\" \/>\n<meta property=\"og:locale\" content=\"es_MX\" \/>\n<meta property=\"og:type\" content=\"article\" \/>\n<meta property=\"og:title\" content=\"Accessibility\" \/>\n<meta property=\"og:description\" content=\"Accessibility Statement for Forward Thinking Systems This is an accessibility statement from Forward Thinking Systems LLC, a New York limitedliability company (\u201cForward Thinking Systems\u201d). Forward Thinking Systems is committed toensuring web accessibility to all individuals, regardless of their abilities. We are deeplycommitted to providing an inclusive online experience for all our users. We have achieved&hellip;\" \/>\n<meta property=\"og:url\" content=\"https:\/\/www.ftsgps.com\/es\/accesibilidad\/\" \/>\n<meta property=\"og:site_name\" content=\"Forward Thinking Systems\" \/>\n<meta property=\"article:publisher\" content=\"https:\/\/www.facebook.com\/ftsGPS\/\" \/>\n<meta property=\"article:modified_time\" content=\"2024-06-28T14:21:42+00:00\" \/>\n<meta property=\"og:image\" content=\"https:\/\/www.ftsgps.com\/wp-content\/uploads\/2026\/02\/ForwardThinkingSystems.png\" \/>\n\t<meta property=\"og:image:width\" content=\"1200\" \/>\n\t<meta property=\"og:image:height\" content=\"675\" \/>\n\t<meta property=\"og:image:type\" content=\"image\/png\" \/>\n<meta name=\"twitter:card\" content=\"summary_large_image\" \/>\n<meta name=\"twitter:site\" content=\"@FTSGPS\" \/>\n<meta name=\"twitter:label1\" content=\"Tiempo de lectura\" \/>\n\t<meta name=\"twitter:data1\" content=\"2 minutos\" \/>\n<!-- \/ Yoast SEO plugin. -->","yoast_head_json":{"title":"Accesibilidad","robots":{"index":"index","follow":"follow","max-snippet":"max-snippet:-1","max-image-preview":"max-image-preview:large","max-video-preview":"max-video-preview:-1"},"canonical":"https:\/\/www.ftsgps.com\/es\/accesibilidad\/","og_locale":"es_MX","og_type":"article","og_title":"Accessibility","og_description":"Accessibility Statement for Forward Thinking Systems This is an accessibility statement from Forward Thinking Systems LLC, a New York limitedliability company (\u201cForward Thinking Systems\u201d). Forward Thinking Systems is committed toensuring web accessibility to all individuals, regardless of their abilities. We are deeplycommitted to providing an inclusive online experience for all our users. We have achieved&hellip;","og_url":"https:\/\/www.ftsgps.com\/es\/accesibilidad\/","og_site_name":"Forward Thinking Systems","article_publisher":"https:\/\/www.facebook.com\/ftsGPS\/","article_modified_time":"2024-06-28T14:21:42+00:00","og_image":[{"width":1200,"height":675,"url":"https:\/\/www.ftsgps.com\/wp-content\/uploads\/2026\/02\/ForwardThinkingSystems.png","type":"image\/png"}],"twitter_card":"summary_large_image","twitter_site":"@FTSGPS","twitter_misc":{"Tiempo de lectura":"2 minutos"},"schema":{"@context":"https:\/\/schema.org","@graph":[{"@type":"WebPage","@id":"https:\/\/www.ftsgps.com\/accessibility\/","url":"https:\/\/www.ftsgps.com\/accessibility\/","name":"Accesibilidad","isPartOf":{"@id":"https:\/\/www.ftsgps.com\/#website"},"datePublished":"2024-06-25T13:16:02+00:00","dateModified":"2024-06-28T14:21:42+00:00","inLanguage":"es","potentialAction":[{"@type":"ReadAction","target":["https:\/\/www.ftsgps.com\/accessibility\/"]}]},{"@type":"WebSite","@id":"https:\/\/www.ftsgps.com\/#website","url":"https:\/\/www.ftsgps.com\/","name":"Sistemas de previsi\u00f3n","description":"Adel\u00e1ntate a los dem\u00e1s","publisher":{"@id":"https:\/\/www.ftsgps.com\/#organization"},"potentialAction":[{"@type":"SearchAction","target":{"@type":"EntryPoint","urlTemplate":"https:\/\/www.ftsgps.com\/?s={search_term_string}"},"query-input":{"@type":"PropertyValueSpecification","valueRequired":true,"valueName":"search_term_string"}}],"inLanguage":"es"},{"@type":"Organization","@id":"https:\/\/www.ftsgps.com\/#organization","name":"Sistemas de previsi\u00f3n","alternateName":"FTSGPS","url":"https:\/\/www.ftsgps.com\/","logo":{"@type":"ImageObject","inLanguage":"es","@id":"https:\/\/www.ftsgps.com\/#\/schema\/logo\/image\/","url":"https:\/\/www.ftsgps.com\/wp-content\/uploads\/2019\/07\/Forward-Thinking-Systems-logo.svg","contentUrl":"https:\/\/www.ftsgps.com\/wp-content\/uploads\/2019\/07\/Forward-Thinking-Systems-logo.svg","width":656,"height":129,"caption":"Forward Thinking Systems"},"image":{"@id":"https:\/\/www.ftsgps.com\/#\/schema\/logo\/image\/"},"sameAs":["https:\/\/www.facebook.com\/ftsGPS\/","https:\/\/x.com\/FTSGPS","https:\/\/www.linkedin.com\/company\/forward-thinking-systems"]}]}},"_links":{"self":[{"href":"https:\/\/www.ftsgps.com\/es\/wp-json\/wp\/v2\/pages\/8794","targetHints":{"allow":["GET"]}}],"collection":[{"href":"https:\/\/www.ftsgps.com\/es\/wp-json\/wp\/v2\/pages"}],"about":[{"href":"https:\/\/www.ftsgps.com\/es\/wp-json\/wp\/v2\/types\/page"}],"author":[{"embeddable":true,"href":"https:\/\/www.ftsgps.com\/es\/wp-json\/wp\/v2\/users\/3"}],"replies":[{"embeddable":true,"href":"https:\/\/www.ftsgps.com\/es\/wp-json\/wp\/v2\/comments?post=8794"}],"version-history":[{"count":5,"href":"https:\/\/www.ftsgps.com\/es\/wp-json\/wp\/v2\/pages\/8794\/revisions"}],"predecessor-version":[{"id":8800,"href":"https:\/\/www.ftsgps.com\/es\/wp-json\/wp\/v2\/pages\/8794\/revisions\/8800"}],"wp:attachment":[{"href":"https:\/\/www.ftsgps.com\/es\/wp-json\/wp\/v2\/media?parent=8794"}],"curies":[{"name":"wp","href":"https:\/\/api.w.org\/{rel}","templated":true}]}}