{"id":8936,"date":"2024-08-30T10:47:07","date_gmt":"2024-08-30T14:47:07","guid":{"rendered":"https:\/\/www.ftsgps.com\/?page_id=8936"},"modified":"2024-09-06T10:19:28","modified_gmt":"2024-09-06T14:19:28","slug":"terminos-flow-thru","status":"publish","type":"page","link":"https:\/\/www.ftsgps.com\/es\/legal\/flow-thru-terms\/","title":{"rendered":"Forward Thinking Systems Flow Thru T\u00e9rminos"},"content":{"rendered":"<h2 class=\"wp-block-heading\">Forward Thinking Systems Flow Thru T\u00e9rminos<\/h2>\n\n\n\n<p>Al aceptar las Condiciones de servicio del usuario de Forward Thinking Systems (\"FTS\") (ubicadas en: <a href=\"https:\/\/www.ftsgps.com\/es\/legal\/condiciones-del-servicio\/\">https:\/\/www.ftsgps.com\/legal\/terms-of-service\/<\/a>), el Usuario acepta y reconoce que los Servicios prestados por FTS en virtud del presente pueden estar sujetos a determinados requisitos y t\u00e9rminos de terceros, que pueden ser enmendados, modificados y sustituidos ocasionalmente (dichos requisitos y t\u00e9rminos, en su versi\u00f3n enmendada, modificada o sustituida ocasionalmente, los \"T\u00e9rminos de FlowThru\"). El Usuario acepta cumplir y hacer que todos los Usuarios Autorizados (tal y como se definen en el presente documento) cumplan todos los siguientes T\u00e9rminos de FlowThru. El Usuario har\u00e1 que cada uno de sus Usuarios Autorizados cumpla y acepte los T\u00e9rminos de FlowThru. El Usuario es responsable de cualquier incumplimiento de los T\u00e9rminos de FlowThru por parte de sus Usuarios Autorizados.<\/p>\n\n\n\n<figure class=\"wp-block-table\"><table><tbody><tr><td><strong>Terceros<\/strong><\/td><td><strong>Enlace a las condiciones generales<\/strong><\/td><\/tr><tr><td>Servicios web de Amazon<\/td><td><a href=\"https:\/\/aws.amazon.com\/service-terms\/\">https:\/\/aws.amazon.com\/service-terms\/<\/a><\/td><\/tr><tr><td>D\u00f3nde<\/td><td><a href=\"https:\/\/shop.bewhere.com\/pages\/terms-conditions\">https:\/\/shop.bewhere.com\/pages\/terms-conditions<\/a><\/td><\/tr><tr><td>Cradlepoint<\/td><td><a href=\"https:\/\/cradlepoint.com\/legal\/end-user-agreement\/\">https:\/\/cradlepoint.com\/legal\/end-user-agreement\/<\/a><\/td><\/tr><tr><td>Geotab<\/td><td><a href=\"https:\/\/www.geotab.com\/legal\/end-user-agreement\/\">https:\/\/www.geotab.com\/legal\/end-user-agreement\/<\/a><\/td><\/tr><tr><td>Nube de Google<\/td><td><a href=\"https:\/\/cloud.google.com\/terms\/aup\">https:\/\/cloud.google.com\/terms\/aup<\/a><\/td><\/tr><tr><td>Google Maps<\/td><td><a href=\"https:\/\/cloud.google.com\/maps-platform\/terms\">https:\/\/cloud.google.com\/maps-platform\/terms<\/a><\/td><\/tr><tr><td>Aqu\u00ed Mapas<\/td><td><a href=\"https:\/\/legal.here.com\/us-en\/terms\">https:\/\/legal.here.com\/us-en\/terms<\/a><\/td><\/tr><tr><td>Motionpoint<\/td><td><a href=\"https:\/\/www.motionpoint.com\/company\/terms-and-conditions\/\">https:\/\/www.motionpoint.com\/company\/terms-and-conditions\/<\/a><\/td><\/tr><tr><td>Okta<\/td><td><a href=\"https:\/\/www.okta.com\/terms-of-service\/\">https:\/\/www.okta.com\/terms-of-service\/<\/a><\/td><\/tr><tr><td>Openweather<\/td><td><a href=\"https:\/\/openweathermap.org\/storage\/app\/media\/ow_end_user_license.pdf\">https:\/\/openweathermap.org\/storage\/app\/media\/ow_end_user_license.pdf<\/a><\/td><\/tr><tr><td>Promiles<\/td><td><a href=\"https:\/\/admin.promiles.com\/Company\/Terms.asp\">https:\/\/admin.promiles.com\/Company\/Terms.asp<\/a><\/td><\/tr><tr><td>Raya<\/td><td><a href=\"https:\/\/stripe.com\/legal\/ssa\">https:\/\/stripe.com\/legal\/ssa<\/a><\/td><\/tr><tr><td>Twilio<\/td><td><a href=\"https:\/\/www.twilio.com\/en-us\/legal\/service-country-specific-terms\/email\">https:\/\/www.twilio.com\/en-us\/legal\/service-country-specific-terms\/email<\/a><\/td><\/tr><tr><td>Tecnolog\u00edas Wasabi<\/td><td><a href=\"https:\/\/wasabi.com\/legal\/terms-of-use\">https:\/\/wasabi.com\/legal\/terms-of-use<\/a><\/td><\/tr><\/tbody><\/table><\/figure>\n\n\n\n<div style=\"height:50px\" aria-hidden=\"true\" class=\"wp-block-spacer\"><\/div>\n\n\n\n<h3 class=\"wp-block-heading\"><strong>LOS T\u00c9RMINOS Y CONDICIONES ADICIONALES SE APLICAN SI EL USUARIO UTILIZA WI-FI EN EQUIPOS FTS:<\/strong><\/h3>\n\n\n\n<ol class=\"wp-block-list\">\n<li>El usuario reconoce que la conectividad a Internet disponible a trav\u00e9s de Wi-Fi es proporcionada por nuestros terceros proveedores de comunicaciones inal\u00e1mbricas.<\/li>\n\n\n\n<li>El usuario es el \u00fanico responsable de la configuraci\u00f3n y de todo uso, incapacidad de uso o uso indebido de Wi-Fi, incluyendo sin limitaci\u00f3n la configuraci\u00f3n de los ajustes de seguridad para Wi-Fi, y de cualquier dispositivo conectado mediante Wi-Fi y de todos los datos y materiales que env\u00ede o reciba mediante Wi-Fi.<\/li>\n\n\n\n<li>Si el Usuario permite a cualquier otra persona utilizar Wi-Fi, el Usuario seguir\u00e1 siendo responsable de dicho uso y del cumplimiento de estas condiciones. El Usuario no debe revender Wi-Fi.<\/li>\n\n\n\n<li>El usuario no debe:\n<ol class=\"wp-block-list\" style=\"list-style-type:lower-alpha\">\n<li>hacer mal uso, abusar o utilizar de cualquier otro modo la red Wi-Fi de forma que, directa o indirectamente, cause interrupciones, interferencias, trastornos, p\u00e9rdidas, afecte negativamente a otros o provoque un tr\u00e1fico o una congesti\u00f3n de la red excesivos, irrazonables o desproporcionados;<\/li>\n\n\n\n<li>interferir, violar, infiltrarse o comprometer la integridad o seguridad de cualquier servicio o recurso, incluyendo el acceso o uso no autorizado de cualquier contrase\u00f1a, sistema, dato o informaci\u00f3n;<\/li>\n\n\n\n<li>realizar o simular sondeos de seguridad, escaneos de puertos, brechas de seguridad, ataques de denegaci\u00f3n de servicio o cualquier prueba similar o pirater\u00eda inform\u00e1tica;<\/li>\n\n\n\n<li>transmitir ninguna:\n<ol class=\"wp-block-list\" style=\"list-style-type:lower-roman\">\n<li>material ofensivo, abusivo, fraudulento, amenazador, calumnioso, difamatorio, pornogr\u00e1fico, obsceno o censurable por cualquier otro motivo;<\/li>\n\n\n\n<li>mensaje comercial no solicitado, llamada de voz o fax, salvo en la medida en que haya cumplido todas las leyes aplicables al respecto; o<\/li>\n\n\n\n<li>virus, troyanos, puertas traseras, bots, scripts o elementos similares; o<\/li>\n<\/ol>\n<\/li>\n\n\n\n<li>intentar, o autorizar, causar, permitir o animar a cualquier otra persona a realizar cualquiera de las acciones anteriores.<\/li>\n<\/ol>\n<\/li>\n\n\n\n<li>Si el Usuario utiliza Wi-Fi para conectar cualquier aplicaci\u00f3n o dispositivo que utilice voz a trav\u00e9s de Internet o cualquier protocolo similar, el Usuario entiende y acepta que FTS no es responsable ni tendr\u00e1 responsabilidad alguna por cualquier interrupci\u00f3n o error en las llamadas, incluidas las llamadas al 911 o a cualquier n\u00famero de emergencia similar, ni por proporcionar cualquier informaci\u00f3n de ubicaci\u00f3n en relaci\u00f3n con dichas llamadas.<\/li>\n\n\n\n<li>El Usuario reconoce que el Wi-Fi se proporciona \"tal cual\" y \"seg\u00fan disponibilidad\" y asume todos los riesgos derivados o relacionados con el uso, la incapacidad de uso o el uso indebido del Wi-Fi por parte del Usuario. Sin limitar la generalidad de lo anterior, el Usuario es el \u00fanico responsable de, y FTS no tendr\u00e1 ninguna responsabilidad derivada de o relacionada con:\n<ol class=\"wp-block-list\" style=\"list-style-type:lower-alpha\">\n<li>el fallo o la imposibilidad de utilizar cualquier dispositivo conectado mediante Wi-Fi y utilizado para cumplir la legislaci\u00f3n o la normativa aplicables, incluidos, entre otros, los dispositivos electr\u00f3nicos de registro u otros dispositivos utilizados para cumplir los requisitos de horas de servicio, y los costes, multas o sanciones resultantes; o<\/li>\n\n\n\n<li>la corrupci\u00f3n, interrupci\u00f3n o imposibilidad de enviar o recibir transmisiones o comunicaciones (incluidos, entre otros, los mensajes de correo electr\u00f3nico) a trav\u00e9s de Wi-Fi.<\/li>\n<\/ol>\n<\/li>\n\n\n\n<li>El usuario indemnizar\u00e1 y eximir\u00e1 de responsabilidad a FTS frente a cualquier reclamaci\u00f3n, causa de acci\u00f3n, p\u00e9rdida, gasto, responsabilidad o da\u00f1o que surja o est\u00e9 relacionado, directa o indirectamente, con el uso, mal uso o incapacidad de uso de Wi-Fi por parte del usuario o de un tercero, incluido, entre otros, cualquier incumplimiento de estas condiciones por parte del usuario o de un tercero.<\/li>\n\n\n\n<li>FTS se reserva el derecho a limitar, suspender o cancelar la conexi\u00f3n Wi-Fi sin previo aviso ni responsabilidad alguna: (a) en caso de incumplimiento de estas condiciones; o (b) de acuerdo con nuestras pr\u00e1cticas de gesti\u00f3n de red, incluidas, entre otras, la aplicaci\u00f3n de l\u00edmites de uso de datos o la gesti\u00f3n del ancho de banda.<\/li>\n<\/ol>\n\n\n\n<p class=\"has-small-font-size\">\u00daltima modificaci\u00f3n 31 de julio de 2024<\/p>","protected":false},"excerpt":{"rendered":"<p>Forward Thinking Systems Flow Thru Terms By accepting the Forward Thinking Systems (\u201cFTS\u201d) User Terms of Service (located at: https:\/\/www.ftsgps.com\/legal\/terms-of-service\/), User agrees and acknowledges that the Services provided by FTS hereunder may be subject to certain requirements and terms of third parties, which may be amended, modified, and substituted from time to time (such requirements&hellip;<\/p>","protected":false},"author":3,"featured_media":0,"parent":8470,"menu_order":0,"comment_status":"closed","ping_status":"closed","template":"templates\/page-privacy-policy.php","meta":{"_acf_changed":false,"content-type":"","footnotes":""},"class_list":["post-8936","page","type-page","status-publish","hentry"],"acf":[],"yoast_head":"<!-- This site is optimized with the Yoast SEO plugin v27.5 - https:\/\/yoast.com\/product\/yoast-seo-wordpress\/ -->\n<title>Forward Thinking Systems Flow Thru Terms<\/title>\n<meta name=\"robots\" content=\"noindex, nofollow\" \/>\n<meta property=\"og:locale\" content=\"es_MX\" \/>\n<meta property=\"og:type\" content=\"article\" \/>\n<meta property=\"og:title\" content=\"Forward Thinking Systems Flow Thru Terms\" \/>\n<meta property=\"og:description\" content=\"Forward Thinking Systems Flow Thru Terms By accepting the Forward Thinking Systems (\u201cFTS\u201d) User Terms of Service (located at: https:\/\/www.ftsgps.com\/legal\/terms-of-service\/), User agrees and acknowledges that the Services provided by FTS hereunder may be subject to certain requirements and terms of third parties, which may be amended, modified, and substituted from time to time (such requirements&hellip;\" \/>\n<meta property=\"og:url\" content=\"https:\/\/www.ftsgps.com\/es\/legal\/terminos-flow-thru\/\" \/>\n<meta property=\"og:site_name\" content=\"Forward Thinking Systems\" \/>\n<meta property=\"article:publisher\" content=\"https:\/\/www.facebook.com\/ftsGPS\/\" \/>\n<meta property=\"article:modified_time\" content=\"2024-09-06T14:19:28+00:00\" \/>\n<meta property=\"og:image\" content=\"https:\/\/www.ftsgps.com\/wp-content\/uploads\/2026\/02\/ForwardThinkingSystems.png\" \/>\n\t<meta property=\"og:image:width\" content=\"1200\" \/>\n\t<meta property=\"og:image:height\" content=\"675\" \/>\n\t<meta property=\"og:image:type\" content=\"image\/png\" \/>\n<meta name=\"twitter:card\" content=\"summary_large_image\" \/>\n<meta name=\"twitter:site\" content=\"@FTSGPS\" \/>\n<meta name=\"twitter:label1\" content=\"Tiempo de lectura\" \/>\n\t<meta name=\"twitter:data1\" content=\"4 minutos\" \/>\n<!-- \/ Yoast SEO plugin. -->","yoast_head_json":{"title":"Forward Thinking Systems Flow Thru T\u00e9rminos","robots":{"index":"noindex","follow":"nofollow"},"og_locale":"es_MX","og_type":"article","og_title":"Forward Thinking Systems Flow Thru Terms","og_description":"Forward Thinking Systems Flow Thru Terms By accepting the Forward Thinking Systems (\u201cFTS\u201d) User Terms of Service (located at: https:\/\/www.ftsgps.com\/legal\/terms-of-service\/), User agrees and acknowledges that the Services provided by FTS hereunder may be subject to certain requirements and terms of third parties, which may be amended, modified, and substituted from time to time (such requirements&hellip;","og_url":"https:\/\/www.ftsgps.com\/es\/legal\/terminos-flow-thru\/","og_site_name":"Forward Thinking Systems","article_publisher":"https:\/\/www.facebook.com\/ftsGPS\/","article_modified_time":"2024-09-06T14:19:28+00:00","og_image":[{"width":1200,"height":675,"url":"https:\/\/www.ftsgps.com\/wp-content\/uploads\/2026\/02\/ForwardThinkingSystems.png","type":"image\/png"}],"twitter_card":"summary_large_image","twitter_site":"@FTSGPS","twitter_misc":{"Tiempo de lectura":"4 minutos"},"schema":{"@context":"https:\/\/schema.org","@graph":[{"@type":"WebPage","@id":"https:\/\/www.ftsgps.com\/legal\/flow-thru-terms\/","url":"https:\/\/www.ftsgps.com\/legal\/flow-thru-terms\/","name":"Forward Thinking Systems Flow Thru T\u00e9rminos","isPartOf":{"@id":"https:\/\/www.ftsgps.com\/#website"},"datePublished":"2024-08-30T14:47:07+00:00","dateModified":"2024-09-06T14:19:28+00:00","breadcrumb":{"@id":"https:\/\/www.ftsgps.com\/legal\/flow-thru-terms\/#breadcrumb"},"inLanguage":"es","potentialAction":[{"@type":"ReadAction","target":["https:\/\/www.ftsgps.com\/legal\/flow-thru-terms\/"]}]},{"@type":"BreadcrumbList","@id":"https:\/\/www.ftsgps.com\/legal\/flow-thru-terms\/#breadcrumb","itemListElement":[{"@type":"ListItem","position":1,"name":"Legal","item":"https:\/\/www.ftsgps.com\/legal\/"},{"@type":"ListItem","position":2,"name":"Forward Thinking Systems Flow Thru Terms"}]},{"@type":"WebSite","@id":"https:\/\/www.ftsgps.com\/#website","url":"https:\/\/www.ftsgps.com\/","name":"Sistemas de previsi\u00f3n","description":"Adel\u00e1ntate a los dem\u00e1s","publisher":{"@id":"https:\/\/www.ftsgps.com\/#organization"},"potentialAction":[{"@type":"SearchAction","target":{"@type":"EntryPoint","urlTemplate":"https:\/\/www.ftsgps.com\/?s={search_term_string}"},"query-input":{"@type":"PropertyValueSpecification","valueRequired":true,"valueName":"search_term_string"}}],"inLanguage":"es"},{"@type":"Organization","@id":"https:\/\/www.ftsgps.com\/#organization","name":"Sistemas de previsi\u00f3n","alternateName":"FTSGPS","url":"https:\/\/www.ftsgps.com\/","logo":{"@type":"ImageObject","inLanguage":"es","@id":"https:\/\/www.ftsgps.com\/#\/schema\/logo\/image\/","url":"https:\/\/www.ftsgps.com\/wp-content\/uploads\/2019\/07\/Forward-Thinking-Systems-logo.svg","contentUrl":"https:\/\/www.ftsgps.com\/wp-content\/uploads\/2019\/07\/Forward-Thinking-Systems-logo.svg","width":656,"height":129,"caption":"Forward Thinking Systems"},"image":{"@id":"https:\/\/www.ftsgps.com\/#\/schema\/logo\/image\/"},"sameAs":["https:\/\/www.facebook.com\/ftsGPS\/","https:\/\/x.com\/FTSGPS","https:\/\/www.linkedin.com\/company\/forward-thinking-systems"]}]}},"_links":{"self":[{"href":"https:\/\/www.ftsgps.com\/es\/wp-json\/wp\/v2\/pages\/8936","targetHints":{"allow":["GET"]}}],"collection":[{"href":"https:\/\/www.ftsgps.com\/es\/wp-json\/wp\/v2\/pages"}],"about":[{"href":"https:\/\/www.ftsgps.com\/es\/wp-json\/wp\/v2\/types\/page"}],"author":[{"embeddable":true,"href":"https:\/\/www.ftsgps.com\/es\/wp-json\/wp\/v2\/users\/3"}],"replies":[{"embeddable":true,"href":"https:\/\/www.ftsgps.com\/es\/wp-json\/wp\/v2\/comments?post=8936"}],"version-history":[{"count":13,"href":"https:\/\/www.ftsgps.com\/es\/wp-json\/wp\/v2\/pages\/8936\/revisions"}],"predecessor-version":[{"id":8982,"href":"https:\/\/www.ftsgps.com\/es\/wp-json\/wp\/v2\/pages\/8936\/revisions\/8982"}],"up":[{"embeddable":true,"href":"https:\/\/www.ftsgps.com\/es\/wp-json\/wp\/v2\/pages\/8470"}],"wp:attachment":[{"href":"https:\/\/www.ftsgps.com\/es\/wp-json\/wp\/v2\/media?parent=8936"}],"curies":[{"name":"wp","href":"https:\/\/api.w.org\/{rel}","templated":true}]}}