{"id":9220,"date":"2025-03-04T09:04:19","date_gmt":"2025-03-04T14:04:19","guid":{"rendered":"https:\/\/www.ftsgps.com\/?page_id=9220"},"modified":"2026-03-11T07:57:35","modified_gmt":"2026-03-11T11:57:35","slug":"servicios-publicos-de-campo","status":"publish","type":"page","link":"https:\/\/www.ftsgps.com\/es\/industries\/utility-field-services\/","title":{"rendered":"Servicios P\u00fablicos de Campo Gesti\u00f3n de Flotas"},"content":{"rendered":"","protected":false},"excerpt":{"rendered":"","protected":false},"author":3,"featured_media":0,"parent":365,"menu_order":0,"comment_status":"closed","ping_status":"closed","template":"templates\/industries-utility-field-services.php","meta":{"_acf_changed":false,"content-type":"","footnotes":""},"class_list":["post-9220","page","type-page","status-publish","hentry"],"acf":[],"yoast_head":"<!-- This site is optimized with the Yoast SEO plugin v27.3 - https:\/\/yoast.com\/product\/yoast-seo-wordpress\/ -->\n<title>Utility Field Services Fleet Management<\/title>\n<meta name=\"description\" content=\"Designed to meet the needs of utility field service fleets by providing visibility into equipment location and utilization with GPS tracking.\" \/>\n<meta name=\"robots\" content=\"index, follow, max-snippet:-1, max-image-preview:large, max-video-preview:-1\" \/>\n<link rel=\"canonical\" href=\"https:\/\/www.ftsgps.com\/es\/industrias\/servicios-publicos-de-campo\/\" \/>\n<meta property=\"og:locale\" content=\"es_MX\" \/>\n<meta property=\"og:type\" content=\"article\" \/>\n<meta property=\"og:title\" content=\"Utility Field Services Fleet Management\" \/>\n<meta property=\"og:description\" content=\"Designed to meet the needs of utility field service fleets by providing visibility into equipment location and utilization with GPS tracking.\" \/>\n<meta property=\"og:url\" content=\"https:\/\/www.ftsgps.com\/es\/industrias\/servicios-publicos-de-campo\/\" \/>\n<meta property=\"og:site_name\" content=\"Forward Thinking Systems\" \/>\n<meta property=\"article:publisher\" content=\"https:\/\/www.facebook.com\/ftsGPS\/\" \/>\n<meta property=\"article:modified_time\" content=\"2026-03-11T11:57:35+00:00\" \/>\n<meta property=\"og:image\" content=\"https:\/\/www.ftsgps.com\/wp-content\/uploads\/2026\/02\/ForwardThinkingSystems.png\" \/>\n\t<meta property=\"og:image:width\" content=\"1200\" \/>\n\t<meta property=\"og:image:height\" content=\"675\" \/>\n\t<meta property=\"og:image:type\" content=\"image\/png\" \/>\n<meta name=\"twitter:card\" content=\"summary_large_image\" \/>\n<meta name=\"twitter:site\" content=\"@FTSGPS\" \/>\n<!-- \/ Yoast SEO plugin. -->","yoast_head_json":{"title":"Servicios P\u00fablicos de Campo Gesti\u00f3n de Flotas","description":"Dise\u00f1ado para satisfacer las necesidades de las flotas de servicios de campo de las empresas de servicios p\u00fablicos proporcionando visibilidad de la ubicaci\u00f3n y utilizaci\u00f3n de los equipos mediante el seguimiento por GPS.","robots":{"index":"index","follow":"follow","max-snippet":"max-snippet:-1","max-image-preview":"max-image-preview:large","max-video-preview":"max-video-preview:-1"},"canonical":"https:\/\/www.ftsgps.com\/es\/industrias\/servicios-publicos-de-campo\/","og_locale":"es_MX","og_type":"article","og_title":"Utility Field Services Fleet Management","og_description":"Designed to meet the needs of utility field service fleets by providing visibility into equipment location and utilization with GPS tracking.","og_url":"https:\/\/www.ftsgps.com\/es\/industrias\/servicios-publicos-de-campo\/","og_site_name":"Forward Thinking Systems","article_publisher":"https:\/\/www.facebook.com\/ftsGPS\/","article_modified_time":"2026-03-11T11:57:35+00:00","og_image":[{"width":1200,"height":675,"url":"https:\/\/www.ftsgps.com\/wp-content\/uploads\/2026\/02\/ForwardThinkingSystems.png","type":"image\/png"}],"twitter_card":"summary_large_image","twitter_site":"@FTSGPS","schema":{"@context":"https:\/\/schema.org","@graph":[{"@type":"WebPage","@id":"https:\/\/www.ftsgps.com\/industries\/utility-field-services\/","url":"https:\/\/www.ftsgps.com\/industries\/utility-field-services\/","name":"Servicios P\u00fablicos de Campo Gesti\u00f3n de Flotas","isPartOf":{"@id":"https:\/\/www.ftsgps.com\/#website"},"datePublished":"2025-03-04T14:04:19+00:00","dateModified":"2026-03-11T11:57:35+00:00","description":"Dise\u00f1ado para satisfacer las necesidades de las flotas de servicios de campo de las empresas de servicios p\u00fablicos proporcionando visibilidad de la ubicaci\u00f3n y utilizaci\u00f3n de los equipos mediante el seguimiento por GPS.","breadcrumb":{"@id":"https:\/\/www.ftsgps.com\/industries\/utility-field-services\/#breadcrumb"},"inLanguage":"es","potentialAction":[{"@type":"ReadAction","target":["https:\/\/www.ftsgps.com\/industries\/utility-field-services\/"]}]},{"@type":"BreadcrumbList","@id":"https:\/\/www.ftsgps.com\/industries\/utility-field-services\/#breadcrumb","itemListElement":[{"@type":"ListItem","position":1,"name":"Industries","item":"https:\/\/www.ftsgps.com\/industries\/"},{"@type":"ListItem","position":2,"name":"Utility Field Services Fleet Management"}]},{"@type":"WebSite","@id":"https:\/\/www.ftsgps.com\/#website","url":"https:\/\/www.ftsgps.com\/","name":"Sistemas de previsi\u00f3n","description":"Adel\u00e1ntate a los dem\u00e1s","publisher":{"@id":"https:\/\/www.ftsgps.com\/#organization"},"potentialAction":[{"@type":"SearchAction","target":{"@type":"EntryPoint","urlTemplate":"https:\/\/www.ftsgps.com\/?s={search_term_string}"},"query-input":{"@type":"PropertyValueSpecification","valueRequired":true,"valueName":"search_term_string"}}],"inLanguage":"es"},{"@type":"Organization","@id":"https:\/\/www.ftsgps.com\/#organization","name":"Sistemas de previsi\u00f3n","alternateName":"FTSGPS","url":"https:\/\/www.ftsgps.com\/","logo":{"@type":"ImageObject","inLanguage":"es","@id":"https:\/\/www.ftsgps.com\/#\/schema\/logo\/image\/","url":"https:\/\/www.ftsgps.com\/wp-content\/uploads\/2019\/07\/Forward-Thinking-Systems-logo.svg","contentUrl":"https:\/\/www.ftsgps.com\/wp-content\/uploads\/2019\/07\/Forward-Thinking-Systems-logo.svg","width":656,"height":129,"caption":"Forward Thinking Systems"},"image":{"@id":"https:\/\/www.ftsgps.com\/#\/schema\/logo\/image\/"},"sameAs":["https:\/\/www.facebook.com\/ftsGPS\/","https:\/\/x.com\/FTSGPS","https:\/\/www.linkedin.com\/company\/forward-thinking-systems"]}]}},"_links":{"self":[{"href":"https:\/\/www.ftsgps.com\/es\/wp-json\/wp\/v2\/pages\/9220","targetHints":{"allow":["GET"]}}],"collection":[{"href":"https:\/\/www.ftsgps.com\/es\/wp-json\/wp\/v2\/pages"}],"about":[{"href":"https:\/\/www.ftsgps.com\/es\/wp-json\/wp\/v2\/types\/page"}],"author":[{"embeddable":true,"href":"https:\/\/www.ftsgps.com\/es\/wp-json\/wp\/v2\/users\/3"}],"replies":[{"embeddable":true,"href":"https:\/\/www.ftsgps.com\/es\/wp-json\/wp\/v2\/comments?post=9220"}],"version-history":[{"count":4,"href":"https:\/\/www.ftsgps.com\/es\/wp-json\/wp\/v2\/pages\/9220\/revisions"}],"predecessor-version":[{"id":9755,"href":"https:\/\/www.ftsgps.com\/es\/wp-json\/wp\/v2\/pages\/9220\/revisions\/9755"}],"up":[{"embeddable":true,"href":"https:\/\/www.ftsgps.com\/es\/wp-json\/wp\/v2\/pages\/365"}],"wp:attachment":[{"href":"https:\/\/www.ftsgps.com\/es\/wp-json\/wp\/v2\/media?parent=9220"}],"curies":[{"name":"wp","href":"https:\/\/api.w.org\/{rel}","templated":true}]}}