{"id":9339,"date":"2025-08-18T11:47:40","date_gmt":"2025-08-18T15:47:40","guid":{"rendered":"https:\/\/www.ftsgps.com\/?page_id=9339"},"modified":"2025-09-12T09:19:26","modified_gmt":"2025-09-12T13:19:26","slug":"formulario-de-consentimiento-biometrico","status":"publish","type":"page","link":"https:\/\/www.ftsgps.com\/es\/legal\/biometric-electronic-consent-form\/","title":{"rendered":"Formulario de consentimiento biom\u00e9trico"},"content":{"rendered":"\n<h2 class=\"wp-block-heading\">NOTICE OF COLLECTION AND RETENTION OF BIOMETRIC IDENTIFIER<\/h2>\n\n\n\n<p>A feature of some of Forward Thinking Systems,&nbsp;LLC&#8217;s&nbsp;Products (as those Products are defined in Forward Thinking Systems&#8217; Terms of Service, found here: <a href=\"https:\/\/www.ftsgps.com\/legal\/terms-of-service\">https:\/\/www.ftsgps.com\/legal\/terms-of-service<\/a>) is the ability to use a camera installed in a vehicle to recognize if an unauthorized person is driving a certain vehicle. This is done by comparing the facial geometry of an authorized driver, such as yourself, to the facial geometry of the person actually driving the vehicle. Facial geometry refers to the shape and structure of the human face, which is unique to each person. Thus, for instance, if a vehicle is stolen, the Products can detect that the thief&#8217;s facial geometry&nbsp;does not match the facial geometry of an authorized driver.&nbsp;<\/p>\n\n\n\n<p>In order for this to work, the relevant Product must be able to scan and store your facial geometry for comparison. For any instance where Forward Thinking Systems\u2019 Products scan your facial geometry, Forward Thinking Systems will protect that information using the reasonable industry standard of care and with at least the same measures that Forward Thinking Systems uses to protect other confidential information. Forward Thinking Systems will also retain your facial geometry only for so long as the first of the following&nbsp;occurs, at which point it will be deleted:<\/p>\n\n\n\n<ol class=\"wp-block-list\">\n<li>The initial purpose of collecting your facial geometry has been satisfied, such as the termination of your employment with a Forward Thinking Systems&#8217; customer, or Forward Thinking Systems discontinuing its Products; or,<\/li>\n\n\n\n<li>Within three years of your last interaction with Forward Thinking Systems, such interaction including driving a vehicle for any of Forward Thinking Systems&#8217; customers that use the Products.&nbsp;<\/li>\n<\/ol>\n\n\n\n<p>Some of Forward Thinking Systems\u2019 Products are also able to more generally monitor driver behavior, such as determining whether a driver is using a cell phone or is otherwise distracted. While this does not involve scanning and storing your facial geometry for identification like the feature described above (and thus Forward Thinking Systems does not concede that this involves \u201cbiometric data\u201d as that term is defined under applicable law), it does involve visually monitoring your behavior such as your head position, line of sight, hand positioning, etc.<\/p>\n\n\n\n<p>By typing your name below, you are consenting to Forward Thinking Systems and its Products scanning and storing your facial geometry. You are also acknowledging and consenting to Forward Thinking Systems and its Products visually monitoring your driving behavior as described above.<\/p>\n\n\n\n<div style=\"height:50px\" aria-hidden=\"true\" class=\"wp-block-spacer\"><\/div>\n\n\n<script type=\"text\/javascript\">\n\/* <![CDATA[ *\/\nvar gform;gform||(document.addEventListener(\"gform_main_scripts_loaded\",function(){gform.scriptsLoaded=!0}),document.addEventListener(\"gform\/theme\/scripts_loaded\",function(){gform.themeScriptsLoaded=!0}),window.addEventListener(\"DOMContentLoaded\",function(){gform.domLoaded=!0}),gform={domLoaded:!1,scriptsLoaded:!1,themeScriptsLoaded:!1,isFormEditor:()=>\"function\"==typeof InitializeEditor,callIfLoaded:function(o){return!(!gform.domLoaded||!gform.scriptsLoaded||!gform.themeScriptsLoaded&&!gform.isFormEditor()||(gform.isFormEditor()&&console.warn(\"The use of gform.initializeOnLoaded() is deprecated in the form editor context and will be removed in Gravity Forms 3.1.\"),o(),0))},initializeOnLoaded:function(o){gform.callIfLoaded(o)||(document.addEventListener(\"gform_main_scripts_loaded\",()=>{gform.scriptsLoaded=!0,gform.callIfLoaded(o)}),document.addEventListener(\"gform\/theme\/scripts_loaded\",()=>{gform.themeScriptsLoaded=!0,gform.callIfLoaded(o)}),window.addEventListener(\"DOMContentLoaded\",()=>{gform.domLoaded=!0,gform.callIfLoaded(o)}))},hooks:{action:{},filter:{}},addAction:function(o,r,e,t){gform.addHook(\"action\",o,r,e,t)},addFilter:function(o,r,e,t){gform.addHook(\"filter\",o,r,e,t)},doAction:function(o){gform.doHook(\"action\",o,arguments)},applyFilters:function(o){return gform.doHook(\"filter\",o,arguments)},removeAction:function(o,r){gform.removeHook(\"action\",o,r)},removeFilter:function(o,r,e){gform.removeHook(\"filter\",o,r,e)},addHook:function(o,r,e,t,n){null==gform.hooks[o][r]&&(gform.hooks[o][r]=[]);var d=gform.hooks[o][r];null==n&&(n=r+\"_\"+d.length),gform.hooks[o][r].push({tag:n,callable:e,priority:t=null==t?10:t})},doHook:function(r,o,e){var t;if(e=Array.prototype.slice.call(e,1),null!=gform.hooks[r][o]&&((o=gform.hooks[r][o]).sort(function(o,r){return o.priority-r.priority}),o.forEach(function(o){\"function\"!=typeof(t=o.callable)&&(t=window[t]),\"action\"==r?t.apply(null,e):e[0]=t.apply(null,e)})),\"filter\"==r)return e[0]},removeHook:function(o,r,t,n){var e;null!=gform.hooks[o][r]&&(e=(e=gform.hooks[o][r]).filter(function(o,r,e){return!!(null!=n&&n!=o.tag||null!=t&&t!=o.priority)}),gform.hooks[o][r]=e)}});\n\/* ]]> *\/\n<\/script>\n\n                <div class='gf_browser_gecko gform_wrapper gform-theme gform-theme--foundation gform-theme--framework gform-theme--orbital' data-form-theme='orbital' data-form-index='0' id='gform_wrapper_11' ><style>#gform_wrapper_11[data-form-index=\"0\"].gform-theme,[data-parent-form=\"11_0\"]{--gf-color-primary: #204ce5;--gf-color-primary-rgb: 32, 76, 229;--gf-color-primary-contrast: #fff;--gf-color-primary-contrast-rgb: 255, 255, 255;--gf-color-primary-darker: #001AB3;--gf-color-primary-lighter: #527EFF;--gf-color-secondary: #fff;--gf-color-secondary-rgb: 255, 255, 255;--gf-color-secondary-contrast: #112337;--gf-color-secondary-contrast-rgb: 17, 35, 55;--gf-color-secondary-darker: #F5F5F5;--gf-color-secondary-lighter: #FFFFFF;--gf-color-out-ctrl-light: rgba(17, 35, 55, 0.1);--gf-color-out-ctrl-light-rgb: 17, 35, 55;--gf-color-out-ctrl-light-darker: rgba(104, 110, 119, 0.35);--gf-color-out-ctrl-light-lighter: #F5F5F5;--gf-color-out-ctrl-dark: #585e6a;--gf-color-out-ctrl-dark-rgb: 88, 94, 106;--gf-color-out-ctrl-dark-darker: #112337;--gf-color-out-ctrl-dark-lighter: rgba(17, 35, 55, 0.65);--gf-color-in-ctrl: #fff;--gf-color-in-ctrl-rgb: 255, 255, 255;--gf-color-in-ctrl-contrast: #112337;--gf-color-in-ctrl-contrast-rgb: 17, 35, 55;--gf-color-in-ctrl-darker: #F5F5F5;--gf-color-in-ctrl-lighter: #FFFFFF;--gf-color-in-ctrl-primary: #204ce5;--gf-color-in-ctrl-primary-rgb: 32, 76, 229;--gf-color-in-ctrl-primary-contrast: #fff;--gf-color-in-ctrl-primary-contrast-rgb: 255, 255, 255;--gf-color-in-ctrl-primary-darker: #001AB3;--gf-color-in-ctrl-primary-lighter: #527EFF;--gf-color-in-ctrl-light: rgba(17, 35, 55, 0.1);--gf-color-in-ctrl-light-rgb: 17, 35, 55;--gf-color-in-ctrl-light-darker: rgba(104, 110, 119, 0.35);--gf-color-in-ctrl-light-lighter: #F5F5F5;--gf-color-in-ctrl-dark: #585e6a;--gf-color-in-ctrl-dark-rgb: 88, 94, 106;--gf-color-in-ctrl-dark-darker: #112337;--gf-color-in-ctrl-dark-lighter: rgba(17, 35, 55, 0.65);--gf-radius: 3px;--gf-font-size-secondary: 14px;--gf-font-size-tertiary: 13px;--gf-icon-ctrl-number: url(\"data:image\/svg+xml,%3Csvg width='8' height='14' viewBox='0 0 8 14' fill='none' xmlns='http:\/\/www.w3.org\/2000\/svg'%3E%3Cpath fill-rule='evenodd' clip-rule='evenodd' d='M4 0C4.26522 5.96046e-08 4.51957 0.105357 4.70711 0.292893L7.70711 3.29289C8.09763 3.68342 8.09763 4.31658 7.70711 4.70711C7.31658 5.09763 6.68342 5.09763 6.29289 4.70711L4 2.41421L1.70711 4.70711C1.31658 5.09763 0.683417 5.09763 0.292893 4.70711C-0.0976311 4.31658 -0.097631 3.68342 0.292893 3.29289L3.29289 0.292893C3.48043 0.105357 3.73478 0 4 0ZM0.292893 9.29289C0.683417 8.90237 1.31658 8.90237 1.70711 9.29289L4 11.5858L6.29289 9.29289C6.68342 8.90237 7.31658 8.90237 7.70711 9.29289C8.09763 9.68342 8.09763 10.3166 7.70711 10.7071L4.70711 13.7071C4.31658 14.0976 3.68342 14.0976 3.29289 13.7071L0.292893 10.7071C-0.0976311 10.3166 -0.0976311 9.68342 0.292893 9.29289Z' fill='rgba(17, 35, 55, 0.65)'\/%3E%3C\/svg%3E\");--gf-icon-ctrl-select: url(\"data:image\/svg+xml,%3Csvg width='10' height='6' viewBox='0 0 10 6' fill='none' xmlns='http:\/\/www.w3.org\/2000\/svg'%3E%3Cpath fill-rule='evenodd' clip-rule='evenodd' d='M0.292893 0.292893C0.683417 -0.097631 1.31658 -0.097631 1.70711 0.292893L5 3.58579L8.29289 0.292893C8.68342 -0.0976311 9.31658 -0.0976311 9.70711 0.292893C10.0976 0.683417 10.0976 1.31658 9.70711 1.70711L5.70711 5.70711C5.31658 6.09763 4.68342 6.09763 4.29289 5.70711L0.292893 1.70711C-0.0976311 1.31658 -0.0976311 0.683418 0.292893 0.292893Z' fill='rgba(17, 35, 55, 0.65)'\/%3E%3C\/svg%3E\");--gf-icon-ctrl-search: url(\"data:image\/svg+xml,%3Csvg width='640' height='640' xmlns='http:\/\/www.w3.org\/2000\/svg'%3E%3Cpath d='M256 128c-70.692 0-128 57.308-128 128 0 70.691 57.308 128 128 128 70.691 0 128-57.309 128-128 0-70.692-57.309-128-128-128zM64 256c0-106.039 85.961-192 192-192s192 85.961 192 192c0 41.466-13.146 79.863-35.498 111.248l154.125 154.125c12.496 12.496 12.496 32.758 0 45.254s-32.758 12.496-45.254 0L367.248 412.502C335.862 434.854 297.467 448 256 448c-106.039 0-192-85.962-192-192z' fill='rgba(17, 35, 55, 0.65)'\/%3E%3C\/svg%3E\");--gf-label-space-y-secondary: var(--gf-label-space-y-md-secondary);--gf-ctrl-border-color: #686e77;--gf-ctrl-size: var(--gf-ctrl-size-md);--gf-ctrl-label-color-primary: #112337;--gf-ctrl-label-color-secondary: #112337;--gf-ctrl-choice-size: var(--gf-ctrl-choice-size-md);--gf-ctrl-checkbox-check-size: var(--gf-ctrl-checkbox-check-size-md);--gf-ctrl-radio-check-size: var(--gf-ctrl-radio-check-size-md);--gf-ctrl-btn-font-size: var(--gf-ctrl-btn-font-size-md);--gf-ctrl-btn-padding-x: var(--gf-ctrl-btn-padding-x-md);--gf-ctrl-btn-size: var(--gf-ctrl-btn-size-md);--gf-ctrl-btn-border-color-secondary: #686e77;--gf-ctrl-file-btn-bg-color-hover: #EBEBEB;--gf-field-img-choice-size: var(--gf-field-img-choice-size-md);--gf-field-img-choice-card-space: var(--gf-field-img-choice-card-space-md);--gf-field-img-choice-check-ind-size: var(--gf-field-img-choice-check-ind-size-md);--gf-field-img-choice-check-ind-icon-size: var(--gf-field-img-choice-check-ind-icon-size-md);--gf-field-pg-steps-number-color: rgba(17, 35, 55, 0.8);}<\/style><form method='post' enctype='multipart\/form-data'  id='gform_11'  action='\/es\/wp-json\/wp\/v2\/pages\/9339' data-formid='11' novalidate><div class='gf_invisible ginput_recaptchav3' data-sitekey='6LdAqbAqAAAAADyUWTwXIkPwn5Tgfn3t34nTtPkA' data-tabindex='0'><input id=\"input_e85d73a21a0b46b4c09a843dddcafe5f\" class=\"gfield_recaptcha_response\" type=\"hidden\" name=\"input_e85d73a21a0b46b4c09a843dddcafe5f\" value=\"\"\/><\/div>\n                        <div class='gform-body gform_body'><div id='gform_fields_11' class='gform_fields top_label form_sublabel_below description_below validation_below'><div id=\"field_11_1\" class=\"gfield gfield--type-text gfield--input-type-text gfield_contains_required field_sublabel_below gfield--no-description field_description_below field_validation_below gfield_visibility_visible\"  ><label class='gfield_label gform-field-label' for='input_11_1'>Type Your First, Middle and Last Name:<span class=\"gfield_required\"><span class=\"gfield_required gfield_required_text\">(Required)<\/span><\/span><\/label><div class='ginput_container ginput_container_text'><input name='input_1' id='input_11_1' type='text' value='' class='large'     aria-required=\"true\" aria-invalid=\"false\"   \/><\/div><\/div><div id=\"field_11_3\" class=\"gfield gfield--type-text gfield--input-type-text gfield_contains_required field_sublabel_below gfield--no-description field_description_below field_validation_below gfield_visibility_visible\"  ><label class='gfield_label gform-field-label' for='input_11_3'>Type the Full Name of Your Employer:<span class=\"gfield_required\"><span class=\"gfield_required gfield_required_text\">(Required)<\/span><\/span><\/label><div class='ginput_container ginput_container_text'><input name='input_3' id='input_11_3' type='text' value='' class='large'     aria-required=\"true\" aria-invalid=\"false\"   \/><\/div><\/div><\/div><\/div>\n        <div class='gform-footer gform_footer top_label'> <input type='submit' id='gform_submit_button_11' class='gform_button button' onclick='gform.submission.handleButtonClick(this);' data-submission-type='submit' value='Submit'  \/> \n            <input type='hidden' class='gform_hidden' name='gform_submission_method' data-js='gform_submission_method_11' value='postback' \/>\n            <input type='hidden' class='gform_hidden' name='gform_theme' data-js='gform_theme_11' id='gform_theme_11' value='orbital' \/>\n            <input type='hidden' class='gform_hidden' name='gform_style_settings' data-js='gform_style_settings_11' id='gform_style_settings_11' value='{&quot;theme&quot;:&quot;orbital&quot;,&quot;inputPrimaryColor&quot;:&quot;#204ce5&quot;}' \/>\n            <input type='hidden' class='gform_hidden' name='is_submit_11' value='1' \/>\n            <input type='hidden' class='gform_hidden' name='gform_submit' value='11' \/>\n            \n            <input type='hidden' class='gform_hidden' name='gform_currency' data-currency='USD' value='AwdAPtwx0sWwGPKVBPGz6kwEe5YjEZku27biT8rx00WfnsTL3xu1TJ8ORfnnTTm684w5hhkyEb140ifU5MpBbgZuQMZMeu0OGb4AVFa84Oar5uk=' \/>\n            <input type='hidden' class='gform_hidden' name='gform_unique_id' value='' \/>\n            <input type='hidden' class='gform_hidden' name='state_11' value='WyJbXSIsImUwNzU3YmFmNjY5NjZkN2I3NDdkNzg0Y2FkMDNkNTUzIl0=' \/>\n            <input type='hidden' autocomplete='off' class='gform_hidden' name='gform_target_page_number_11' id='gform_target_page_number_11' value='0' \/>\n            <input type='hidden' autocomplete='off' class='gform_hidden' name='gform_source_page_number_11' id='gform_source_page_number_11' value='1' \/>\n            <input type='hidden' name='gform_field_values' value='' \/>\n            \n        <\/div>\n                        <\/form>\n                        <\/div><script type=\"text\/javascript\">\n\/* <![CDATA[ *\/\n gform.initializeOnLoaded( function() {gformInitSpinner( 11, 'https:\/\/www.ftsgps.com\/wp-content\/plugins\/gravityforms\/images\/spinner.svg', false );jQuery('#gform_ajax_frame_11').on('load',function(){var contents = jQuery(this).contents().find('*').html();var is_postback = contents.indexOf('GF_AJAX_POSTBACK') >= 0;if(!is_postback){return;}var form_content = jQuery(this).contents().find('#gform_wrapper_11');var is_confirmation = jQuery(this).contents().find('#gform_confirmation_wrapper_11').length > 0;var is_redirect = contents.indexOf('gformRedirect(){') >= 0;var is_form = form_content.length > 0 && ! is_redirect && ! is_confirmation;var mt = parseInt(jQuery('html').css('margin-top'), 10) + parseInt(jQuery('body').css('margin-top'), 10) + 100;if(is_form){jQuery('#gform_wrapper_11').html(form_content.html());if(form_content.hasClass('gform_validation_error')){jQuery('#gform_wrapper_11').addClass('gform_validation_error');} else {jQuery('#gform_wrapper_11').removeClass('gform_validation_error');}setTimeout( function() { \/* delay the scroll by 50 milliseconds to fix a bug in chrome *\/  }, 50 );if(window['gformInitDatepicker']) {gformInitDatepicker();}if(window['gformInitPriceFields']) {gformInitPriceFields();}var current_page = jQuery('#gform_source_page_number_11').val();gformInitSpinner( 11, 'https:\/\/www.ftsgps.com\/wp-content\/plugins\/gravityforms\/images\/spinner.svg', false );jQuery(document).trigger('gform_page_loaded', [11, current_page]);window['gf_submitting_11'] = false;}else if(!is_redirect){var confirmation_content = jQuery(this).contents().find('.GF_AJAX_POSTBACK').html();if(!confirmation_content){confirmation_content = contents;}jQuery('#gform_wrapper_11').replaceWith(confirmation_content);jQuery(document).trigger('gform_confirmation_loaded', [11]);window['gf_submitting_11'] = false;wp.a11y.speak(jQuery('#gform_confirmation_message_11').text());}else{jQuery('#gform_11').append(contents);if(window['gformRedirect']) {gformRedirect();}}jQuery(document).trigger(\"gform_pre_post_render\", [{ formId: \"11\", currentPage: \"current_page\", abort: function() { this.preventDefault(); } }]);        if (event && event.defaultPrevented) {                return;        }        const gformWrapperDiv = document.getElementById( \"gform_wrapper_11\" );        if ( gformWrapperDiv ) {            const visibilitySpan = document.createElement( \"span\" );            visibilitySpan.id = \"gform_visibility_test_11\";            gformWrapperDiv.insertAdjacentElement( \"afterend\", visibilitySpan );        }        const visibilityTestDiv = document.getElementById( \"gform_visibility_test_11\" );        let postRenderFired = false;        function triggerPostRender() {            if ( postRenderFired ) {                return;            }            postRenderFired = true;            gform.core.triggerPostRenderEvents( 11, current_page );            if ( visibilityTestDiv ) {                visibilityTestDiv.parentNode.removeChild( visibilityTestDiv );            }        }        function debounce( func, wait, immediate ) {            var timeout;            return function() {                var context = this, args = arguments;                var later = function() {                    timeout = null;                    if ( !immediate ) func.apply( context, args );                };                var callNow = immediate && !timeout;                clearTimeout( timeout );                timeout = setTimeout( later, wait );                if ( callNow ) func.apply( context, args );            };        }        const debouncedTriggerPostRender = debounce( function() {            triggerPostRender();        }, 200 );        if ( visibilityTestDiv && visibilityTestDiv.offsetParent === null ) {            const observer = new MutationObserver( ( mutations ) => {                mutations.forEach( ( mutation ) => {                    if ( mutation.type === 'attributes' && visibilityTestDiv.offsetParent !== null ) {                        debouncedTriggerPostRender();                        observer.disconnect();                    }                });            });            observer.observe( document.body, {                attributes: true,                childList: false,                subtree: true,                attributeFilter: [ 'style', 'class' ],            });        } else {            triggerPostRender();        }    } );} ); \n\/* ]]> *\/\n<\/script>\n","protected":false},"excerpt":{"rendered":"<p>AVISO DE RECOGIDA Y RETENCI\u00d3N DE IDENTIFICADOR BIOM\u00c9TRICO Una caracter\u00edstica de algunos de los Productos de Forward Thinking Systems, LLC (tal y como dichos Productos se definen en las Condiciones de Servicio de Forward Thinking Systems, que se encuentran aqu\u00ed: https:\/\/www.ftsgps.com\/legal\/terms-of-service) es la capacidad de utilizar una c\u00e1mara instalada en un veh\u00edculo para reconocer si una persona no autorizada est\u00e1 conduciendo un determinado veh\u00edculo. Esto es [...]<\/p>","protected":false},"author":3,"featured_media":0,"parent":8470,"menu_order":0,"comment_status":"closed","ping_status":"closed","template":"","meta":{"_acf_changed":false,"content-type":"","footnotes":""},"class_list":["post-9339","page","type-page","status-publish","hentry"],"acf":[],"yoast_head":"<!-- This site is optimized with the Yoast SEO plugin v27.5 - https:\/\/yoast.com\/product\/yoast-seo-wordpress\/ -->\n<title>Biometric Consent Form<\/title>\n<meta name=\"robots\" content=\"index, follow, max-snippet:-1, max-image-preview:large, max-video-preview:-1\" \/>\n<link rel=\"canonical\" href=\"https:\/\/www.ftsgps.com\/es\/legal\/formulario-de-consentimiento-biometrico\/\" \/>\n<meta property=\"og:locale\" content=\"es_MX\" \/>\n<meta property=\"og:type\" content=\"article\" \/>\n<meta property=\"og:title\" content=\"Biometric Consent Form\" \/>\n<meta property=\"og:description\" content=\"NOTICE OF COLLECTION AND RETENTION OF BIOMETRIC IDENTIFIER A feature of some of Forward Thinking Systems,&nbsp;LLC&#8217;s&nbsp;Products (as those Products are defined in Forward Thinking Systems&#8217; Terms of Service, found here: https:\/\/www.ftsgps.com\/legal\/terms-of-service) is the ability to use a camera installed in a vehicle to recognize if an unauthorized person is driving a certain vehicle. This is&hellip;\" \/>\n<meta property=\"og:url\" content=\"https:\/\/www.ftsgps.com\/es\/legal\/formulario-de-consentimiento-biometrico\/\" \/>\n<meta property=\"og:site_name\" content=\"Forward Thinking Systems\" \/>\n<meta property=\"article:publisher\" content=\"https:\/\/www.facebook.com\/ftsGPS\/\" \/>\n<meta property=\"article:modified_time\" content=\"2025-09-12T13:19:26+00:00\" \/>\n<meta property=\"og:image\" content=\"https:\/\/www.ftsgps.com\/wp-content\/uploads\/2026\/02\/ForwardThinkingSystems.png\" \/>\n\t<meta property=\"og:image:width\" content=\"1200\" \/>\n\t<meta property=\"og:image:height\" content=\"675\" \/>\n\t<meta property=\"og:image:type\" content=\"image\/png\" \/>\n<meta name=\"twitter:card\" content=\"summary_large_image\" \/>\n<meta name=\"twitter:site\" content=\"@FTSGPS\" \/>\n<meta name=\"twitter:label1\" content=\"Tiempo de lectura\" \/>\n\t<meta name=\"twitter:data1\" content=\"2 minutos\" \/>\n<!-- \/ Yoast SEO plugin. -->","yoast_head_json":{"title":"Formulario de consentimiento biom\u00e9trico","robots":{"index":"index","follow":"follow","max-snippet":"max-snippet:-1","max-image-preview":"max-image-preview:large","max-video-preview":"max-video-preview:-1"},"canonical":"https:\/\/www.ftsgps.com\/es\/legal\/formulario-de-consentimiento-biometrico\/","og_locale":"es_MX","og_type":"article","og_title":"Biometric Consent Form","og_description":"NOTICE OF COLLECTION AND RETENTION OF BIOMETRIC IDENTIFIER A feature of some of Forward Thinking Systems,&nbsp;LLC&#8217;s&nbsp;Products (as those Products are defined in Forward Thinking Systems&#8217; Terms of Service, found here: https:\/\/www.ftsgps.com\/legal\/terms-of-service) is the ability to use a camera installed in a vehicle to recognize if an unauthorized person is driving a certain vehicle. This is&hellip;","og_url":"https:\/\/www.ftsgps.com\/es\/legal\/formulario-de-consentimiento-biometrico\/","og_site_name":"Forward Thinking Systems","article_publisher":"https:\/\/www.facebook.com\/ftsGPS\/","article_modified_time":"2025-09-12T13:19:26+00:00","og_image":[{"width":1200,"height":675,"url":"https:\/\/www.ftsgps.com\/wp-content\/uploads\/2026\/02\/ForwardThinkingSystems.png","type":"image\/png"}],"twitter_card":"summary_large_image","twitter_site":"@FTSGPS","twitter_misc":{"Tiempo de lectura":"2 minutos"},"schema":{"@context":"https:\/\/schema.org","@graph":[{"@type":"WebPage","@id":"https:\/\/www.ftsgps.com\/legal\/biometric-electronic-consent-form\/","url":"https:\/\/www.ftsgps.com\/legal\/biometric-electronic-consent-form\/","name":"Formulario de consentimiento biom\u00e9trico","isPartOf":{"@id":"https:\/\/www.ftsgps.com\/#website"},"datePublished":"2025-08-18T15:47:40+00:00","dateModified":"2025-09-12T13:19:26+00:00","breadcrumb":{"@id":"https:\/\/www.ftsgps.com\/legal\/biometric-electronic-consent-form\/#breadcrumb"},"inLanguage":"es","potentialAction":[{"@type":"ReadAction","target":["https:\/\/www.ftsgps.com\/legal\/biometric-electronic-consent-form\/"]}]},{"@type":"BreadcrumbList","@id":"https:\/\/www.ftsgps.com\/legal\/biometric-electronic-consent-form\/#breadcrumb","itemListElement":[{"@type":"ListItem","position":1,"name":"Legal","item":"https:\/\/www.ftsgps.com\/legal\/"},{"@type":"ListItem","position":2,"name":"Biometric Consent Form"}]},{"@type":"WebSite","@id":"https:\/\/www.ftsgps.com\/#website","url":"https:\/\/www.ftsgps.com\/","name":"Sistemas de previsi\u00f3n","description":"Adel\u00e1ntate a los dem\u00e1s","publisher":{"@id":"https:\/\/www.ftsgps.com\/#organization"},"potentialAction":[{"@type":"SearchAction","target":{"@type":"EntryPoint","urlTemplate":"https:\/\/www.ftsgps.com\/?s={search_term_string}"},"query-input":{"@type":"PropertyValueSpecification","valueRequired":true,"valueName":"search_term_string"}}],"inLanguage":"es"},{"@type":"Organization","@id":"https:\/\/www.ftsgps.com\/#organization","name":"Sistemas de previsi\u00f3n","alternateName":"FTSGPS","url":"https:\/\/www.ftsgps.com\/","logo":{"@type":"ImageObject","inLanguage":"es","@id":"https:\/\/www.ftsgps.com\/#\/schema\/logo\/image\/","url":"https:\/\/www.ftsgps.com\/wp-content\/uploads\/2019\/07\/Forward-Thinking-Systems-logo.svg","contentUrl":"https:\/\/www.ftsgps.com\/wp-content\/uploads\/2019\/07\/Forward-Thinking-Systems-logo.svg","width":656,"height":129,"caption":"Forward Thinking Systems"},"image":{"@id":"https:\/\/www.ftsgps.com\/#\/schema\/logo\/image\/"},"sameAs":["https:\/\/www.facebook.com\/ftsGPS\/","https:\/\/x.com\/FTSGPS","https:\/\/www.linkedin.com\/company\/forward-thinking-systems"]}]}},"_links":{"self":[{"href":"https:\/\/www.ftsgps.com\/es\/wp-json\/wp\/v2\/pages\/9339","targetHints":{"allow":["GET"]}}],"collection":[{"href":"https:\/\/www.ftsgps.com\/es\/wp-json\/wp\/v2\/pages"}],"about":[{"href":"https:\/\/www.ftsgps.com\/es\/wp-json\/wp\/v2\/types\/page"}],"author":[{"embeddable":true,"href":"https:\/\/www.ftsgps.com\/es\/wp-json\/wp\/v2\/users\/3"}],"replies":[{"embeddable":true,"href":"https:\/\/www.ftsgps.com\/es\/wp-json\/wp\/v2\/comments?post=9339"}],"version-history":[{"count":8,"href":"https:\/\/www.ftsgps.com\/es\/wp-json\/wp\/v2\/pages\/9339\/revisions"}],"predecessor-version":[{"id":9379,"href":"https:\/\/www.ftsgps.com\/es\/wp-json\/wp\/v2\/pages\/9339\/revisions\/9379"}],"up":[{"embeddable":true,"href":"https:\/\/www.ftsgps.com\/es\/wp-json\/wp\/v2\/pages\/8470"}],"wp:attachment":[{"href":"https:\/\/www.ftsgps.com\/es\/wp-json\/wp\/v2\/media?parent=9339"}],"curies":[{"name":"wp","href":"https:\/\/api.w.org\/{rel}","templated":true}]}}