{"id":9360,"date":"2025-08-18T12:37:28","date_gmt":"2025-08-18T16:37:28","guid":{"rendered":"https:\/\/www.ftsgps.com\/?page_id=9360"},"modified":"2025-08-26T12:14:39","modified_gmt":"2025-08-26T16:14:39","slug":"aviso-de-consentimiento-biometrico","status":"publish","type":"page","link":"https:\/\/www.ftsgps.com\/es\/legal\/biometric-consent-notice\/","title":{"rendered":"Aviso de consentimiento biom\u00e9trico"},"content":{"rendered":"<h2 class=\"wp-block-heading\">AVISO DE RECOGIDA Y CONSERVACI\u00d3N DEL IDENTIFICADOR BIOM\u00c9TRICO<\/h2>\n\n\n\n<p>Una caracter\u00edstica de algunos de los Productos de Forward Thinking Systems, LLC (tal y como dichos Productos se definen en las Condiciones de Servicio de Forward Thinking Systems, que se encuentran aqu\u00ed: <a href=\"https:\/\/www.ftsgps.com\/es\/legal\/condiciones-del-servicio\/\">https:\/\/www.ftsgps.com\/legal\/terms-of-service<\/a>) es la capacidad de utilizar una c\u00e1mara instalada en un veh\u00edculo para reconocer si una persona no autorizada est\u00e1 conduciendo un determinado veh\u00edculo. Esto se hace comparando la geometr\u00eda facial de un conductor autorizado, como usted, con la geometr\u00eda facial de la persona que realmente conduce el veh\u00edculo. La geometr\u00eda facial se refiere a la forma y estructura del rostro humano, que es \u00fanica para cada persona. As\u00ed, por ejemplo, si roban un veh\u00edculo, los Productos pueden detectar que la geometr\u00eda facial del ladr\u00f3n no coincide con la geometr\u00eda facial de un conductor autorizado.&nbsp;<\/p>\n\n\n\n<p>Para que esto funcione, el Producto en cuesti\u00f3n debe ser capaz de escanear y almacenar su geometr\u00eda facial para su comparaci\u00f3n. Para cualquier caso en el que los Productos de Forward Thinking Systems escaneen su geometr\u00eda facial, Forward Thinking Systems proteger\u00e1 esa informaci\u00f3n utilizando el est\u00e1ndar de cuidado razonable de la industria y con al menos las mismas medidas que Forward Thinking Systems utiliza para proteger otra informaci\u00f3n confidencial. Forward Thinking Systems tambi\u00e9n conservar\u00e1 su geometr\u00eda facial s\u00f3lo durante el tiempo que ocurra el primero de los siguientes casos, momento en el que se eliminar\u00e1:<\/p>\n\n\n\n<ol class=\"wp-block-list\">\n<li>El prop\u00f3sito inicial de recopilar su geometr\u00eda facial se ha cumplido, como la finalizaci\u00f3n de su empleo con un cliente de Forward Thinking Systems, o Forward Thinking Systems interrumpe sus Productos; o,<\/li>\n\n\n\n<li>En los tres a\u00f1os siguientes a su \u00faltima interacci\u00f3n con Forward Thinking Systems, incluyendo la conducci\u00f3n de un veh\u00edculo para cualquiera de los clientes de Forward Thinking Systems que utilicen los Productos.&nbsp;<\/li>\n<\/ol>\n\n\n\n<p>Algunos de los productos de Forward Thinking Systems tambi\u00e9n son capaces de controlar de forma m\u00e1s general el comportamiento del conductor, como determinar si un conductor est\u00e1 utilizando un tel\u00e9fono m\u00f3vil o est\u00e1 distra\u00eddo. Si bien esto no implica escanear y almacenar su geometr\u00eda facial para su identificaci\u00f3n, como la funci\u00f3n descrita anteriormente (y por lo tanto Forward Thinking Systems no admite que esto implique \"datos biom\u00e9tricos\", tal como se define ese t\u00e9rmino en la legislaci\u00f3n aplicable), s\u00ed implica el seguimiento visual de su comportamiento, como la posici\u00f3n de la cabeza, la l\u00ednea de visi\u00f3n, la posici\u00f3n de las manos, etc.<\/p>","protected":false},"excerpt":{"rendered":"<p>AVISO DE RECOGIDA Y RETENCI\u00d3N DE IDENTIFICADOR BIOM\u00c9TRICO Una caracter\u00edstica de algunos de los Productos de Forward Thinking Systems, LLC (tal y como dichos Productos se definen en las Condiciones de Servicio de Forward Thinking Systems, que se encuentran aqu\u00ed: https:\/\/www.ftsgps.com\/legal\/terms-of-service) es la capacidad de utilizar una c\u00e1mara instalada en un veh\u00edculo para reconocer si una persona no autorizada est\u00e1 conduciendo un determinado veh\u00edculo. Esto es [...]<\/p>","protected":false},"author":23,"featured_media":0,"parent":8470,"menu_order":0,"comment_status":"closed","ping_status":"closed","template":"","meta":{"_acf_changed":false,"content-type":"","footnotes":""},"class_list":["post-9360","page","type-page","status-publish","hentry"],"acf":[],"yoast_head":"<!-- This site is optimized with the Yoast SEO plugin v27.5 - https:\/\/yoast.com\/product\/yoast-seo-wordpress\/ -->\n<title>Biometric Consent Notice<\/title>\n<meta name=\"robots\" content=\"index, follow, max-snippet:-1, max-image-preview:large, max-video-preview:-1\" \/>\n<link rel=\"canonical\" href=\"https:\/\/www.ftsgps.com\/es\/legal\/aviso-de-consentimiento-biometrico\/\" \/>\n<meta property=\"og:locale\" content=\"es_MX\" \/>\n<meta property=\"og:type\" content=\"article\" \/>\n<meta property=\"og:title\" content=\"Biometric Consent Notice\" \/>\n<meta property=\"og:description\" content=\"NOTICE OF COLLECTION AND RETENTION OF BIOMETRIC IDENTIFIER A feature of some of Forward Thinking Systems,&nbsp;LLC&#8217;s&nbsp;Products (as those Products are defined in Forward Thinking Systems&#8217; Terms of Service, found here: https:\/\/www.ftsgps.com\/legal\/terms-of-service) is the ability to use a camera installed in a vehicle to recognize if an unauthorized person is driving a certain vehicle. This is&hellip;\" \/>\n<meta property=\"og:url\" content=\"https:\/\/www.ftsgps.com\/es\/legal\/aviso-de-consentimiento-biometrico\/\" \/>\n<meta property=\"og:site_name\" content=\"Forward Thinking Systems\" \/>\n<meta property=\"article:publisher\" content=\"https:\/\/www.facebook.com\/ftsGPS\/\" \/>\n<meta property=\"article:modified_time\" content=\"2025-08-26T16:14:39+00:00\" \/>\n<meta property=\"og:image\" content=\"https:\/\/www.ftsgps.com\/wp-content\/uploads\/2026\/02\/ForwardThinkingSystems.png\" \/>\n\t<meta property=\"og:image:width\" content=\"1200\" \/>\n\t<meta property=\"og:image:height\" content=\"675\" \/>\n\t<meta property=\"og:image:type\" content=\"image\/png\" \/>\n<meta name=\"twitter:card\" content=\"summary_large_image\" \/>\n<meta name=\"twitter:site\" content=\"@FTSGPS\" \/>\n<meta name=\"twitter:label1\" content=\"Tiempo de lectura\" \/>\n\t<meta name=\"twitter:data1\" content=\"2 minutos\" \/>\n<!-- \/ Yoast SEO plugin. -->","yoast_head_json":{"title":"Aviso de consentimiento biom\u00e9trico","robots":{"index":"index","follow":"follow","max-snippet":"max-snippet:-1","max-image-preview":"max-image-preview:large","max-video-preview":"max-video-preview:-1"},"canonical":"https:\/\/www.ftsgps.com\/es\/legal\/aviso-de-consentimiento-biometrico\/","og_locale":"es_MX","og_type":"article","og_title":"Biometric Consent Notice","og_description":"NOTICE OF COLLECTION AND RETENTION OF BIOMETRIC IDENTIFIER A feature of some of Forward Thinking Systems,&nbsp;LLC&#8217;s&nbsp;Products (as those Products are defined in Forward Thinking Systems&#8217; Terms of Service, found here: https:\/\/www.ftsgps.com\/legal\/terms-of-service) is the ability to use a camera installed in a vehicle to recognize if an unauthorized person is driving a certain vehicle. This is&hellip;","og_url":"https:\/\/www.ftsgps.com\/es\/legal\/aviso-de-consentimiento-biometrico\/","og_site_name":"Forward Thinking Systems","article_publisher":"https:\/\/www.facebook.com\/ftsGPS\/","article_modified_time":"2025-08-26T16:14:39+00:00","og_image":[{"width":1200,"height":675,"url":"https:\/\/www.ftsgps.com\/wp-content\/uploads\/2026\/02\/ForwardThinkingSystems.png","type":"image\/png"}],"twitter_card":"summary_large_image","twitter_site":"@FTSGPS","twitter_misc":{"Tiempo de lectura":"2 minutos"},"schema":{"@context":"https:\/\/schema.org","@graph":[{"@type":"WebPage","@id":"https:\/\/www.ftsgps.com\/legal\/biometric-consent-notice\/","url":"https:\/\/www.ftsgps.com\/legal\/biometric-consent-notice\/","name":"Aviso de consentimiento biom\u00e9trico","isPartOf":{"@id":"https:\/\/www.ftsgps.com\/#website"},"datePublished":"2025-08-18T16:37:28+00:00","dateModified":"2025-08-26T16:14:39+00:00","breadcrumb":{"@id":"https:\/\/www.ftsgps.com\/legal\/biometric-consent-notice\/#breadcrumb"},"inLanguage":"es","potentialAction":[{"@type":"ReadAction","target":["https:\/\/www.ftsgps.com\/legal\/biometric-consent-notice\/"]}]},{"@type":"BreadcrumbList","@id":"https:\/\/www.ftsgps.com\/legal\/biometric-consent-notice\/#breadcrumb","itemListElement":[{"@type":"ListItem","position":1,"name":"Legal","item":"https:\/\/www.ftsgps.com\/legal\/"},{"@type":"ListItem","position":2,"name":"Biometric Consent Notice"}]},{"@type":"WebSite","@id":"https:\/\/www.ftsgps.com\/#website","url":"https:\/\/www.ftsgps.com\/","name":"Sistemas de previsi\u00f3n","description":"Adel\u00e1ntate a los dem\u00e1s","publisher":{"@id":"https:\/\/www.ftsgps.com\/#organization"},"potentialAction":[{"@type":"SearchAction","target":{"@type":"EntryPoint","urlTemplate":"https:\/\/www.ftsgps.com\/?s={search_term_string}"},"query-input":{"@type":"PropertyValueSpecification","valueRequired":true,"valueName":"search_term_string"}}],"inLanguage":"es"},{"@type":"Organization","@id":"https:\/\/www.ftsgps.com\/#organization","name":"Sistemas de previsi\u00f3n","alternateName":"FTSGPS","url":"https:\/\/www.ftsgps.com\/","logo":{"@type":"ImageObject","inLanguage":"es","@id":"https:\/\/www.ftsgps.com\/#\/schema\/logo\/image\/","url":"https:\/\/www.ftsgps.com\/wp-content\/uploads\/2019\/07\/Forward-Thinking-Systems-logo.svg","contentUrl":"https:\/\/www.ftsgps.com\/wp-content\/uploads\/2019\/07\/Forward-Thinking-Systems-logo.svg","width":656,"height":129,"caption":"Forward Thinking Systems"},"image":{"@id":"https:\/\/www.ftsgps.com\/#\/schema\/logo\/image\/"},"sameAs":["https:\/\/www.facebook.com\/ftsGPS\/","https:\/\/x.com\/FTSGPS","https:\/\/www.linkedin.com\/company\/forward-thinking-systems"]}]}},"_links":{"self":[{"href":"https:\/\/www.ftsgps.com\/es\/wp-json\/wp\/v2\/pages\/9360","targetHints":{"allow":["GET"]}}],"collection":[{"href":"https:\/\/www.ftsgps.com\/es\/wp-json\/wp\/v2\/pages"}],"about":[{"href":"https:\/\/www.ftsgps.com\/es\/wp-json\/wp\/v2\/types\/page"}],"author":[{"embeddable":true,"href":"https:\/\/www.ftsgps.com\/es\/wp-json\/wp\/v2\/users\/23"}],"replies":[{"embeddable":true,"href":"https:\/\/www.ftsgps.com\/es\/wp-json\/wp\/v2\/comments?post=9360"}],"version-history":[{"count":3,"href":"https:\/\/www.ftsgps.com\/es\/wp-json\/wp\/v2\/pages\/9360\/revisions"}],"predecessor-version":[{"id":9378,"href":"https:\/\/www.ftsgps.com\/es\/wp-json\/wp\/v2\/pages\/9360\/revisions\/9378"}],"up":[{"embeddable":true,"href":"https:\/\/www.ftsgps.com\/es\/wp-json\/wp\/v2\/pages\/8470"}],"wp:attachment":[{"href":"https:\/\/www.ftsgps.com\/es\/wp-json\/wp\/v2\/media?parent=9360"}],"curies":[{"name":"wp","href":"https:\/\/api.w.org\/{rel}","templated":true}]}}