{"id":9600,"date":"2025-12-19T13:57:41","date_gmt":"2025-12-19T18:57:41","guid":{"rendered":"https:\/\/www.ftsgps.com\/?page_id=9600"},"modified":"2025-12-19T14:07:26","modified_gmt":"2025-12-19T19:07:26","slug":"ingeniero-de-software-de-inteligencia-artificial","status":"publish","type":"page","link":"https:\/\/www.ftsgps.com\/es\/careers\/ai-software-engineer\/","title":{"rendered":"Ingeniero de software de IA"},"content":{"rendered":"<h1 class=\"wp-block-heading\">Ingeniero de software de IA<\/h1>\n\n\n\n<div style=\"height:10px\" aria-hidden=\"true\" class=\"wp-block-spacer\"><\/div>\n\n\n\n<p><strong>Resumen del puesto:<\/strong> <\/p>\n\n\n\n<p>Buscamos un ingeniero de software de IA (Full-Stack) para dirigir el desarrollo y la implementaci\u00f3n de funciones de IA de \u00faltima generaci\u00f3n en toda nuestra plataforma. Te centrar\u00e1s principalmente en la IA, al tiempo que te encargar\u00e1s del dise\u00f1o de API, la arquitectura de bases de datos para cargas de trabajo de IA, DevOps\/infraestructura para la implementaci\u00f3n de modelos y consideraciones integradas\/perif\u00e9ricas.<\/p>\n\n\n\n<p>Trabajar\u00e1s en estrecha colaboraci\u00f3n con nuestro equipo dedicado a bases de datos, API, frontend, dispositivos m\u00f3viles y control de calidad, y recibir\u00e1s orientaci\u00f3n de la direcci\u00f3n sobre ideas de productos y prioridades de la hoja de ruta. Esta funci\u00f3n asumir\u00e1 el liderazgo en las API relacionadas con la inteligencia artificial y colaborar\u00e1 muy estrechamente con los equipos de bases de datos y API para garantizar una integraci\u00f3n perfecta.<\/p>\n\n\n\n<div style=\"height:10px\" aria-hidden=\"true\" class=\"wp-block-spacer\"><\/div>\n\n\n\n<p><strong>Responsabilidades principales<\/strong><\/p>\n\n\n\n<ul class=\"wp-block-list\">\n<li>Dise\u00f1ar y ejecutar la hoja de ruta de la IA, incluyendo la visi\u00f3n por computadora y la IA generativa\/LLM (por ejemplo, res\u00famenes automatizados de incidentes, consultas sobre la flota en lenguaje natural, procesos RAG).<\/li>\n\n\n\n<li>Asume el control de las API centradas en la inteligencia artificial: dise\u00f1a, desarrolla y mant\u00e9n API RESTful escalables utilizando Java y Spring Boot.<\/li>\n\n\n\n<li>Arquitectura y procesos de datos de IA propios utilizando Oracle y PostgreSQL (incluidas extensiones vectoriales como pgvector para incrustaciones y b\u00fasqueda sem\u00e1ntica).<\/li>\n\n\n\n<li>Ajuste, optimice e implemente modelos (variantes YOLO, LLM de c\u00f3digo abierto como Llama\/Mistral o soluciones basadas en API) para la inferencia en la nube y en el borde\/integrados.<\/li>\n\n\n\n<li>Impulsar DevOps y la infraestructura para sistemas de IA (canales MLOps, monitoreo, pruebas A\/B, Docker\/Kubernetes, plataformas en la nube).<\/li>\n\n\n\n<li>Colaborar en los requisitos de IA integrada\/perif\u00e9rica y en las pruebas de concepto para el procesamiento a bordo de veh\u00edculos.<\/li>\n\n\n\n<li>Desarrolle funciones de IA integrales en colaboraci\u00f3n con los equipos de interfaz de usuario, dispositivos m\u00f3viles y control de calidad: desde la ingesta de v\u00eddeo\/sensores \u2192 procesamiento de IA \u2192 almacenamiento \u2192 exposici\u00f3n de API \u2192 consumo.<\/li>\n\n\n\n<li>Trabajar en estrecha colaboraci\u00f3n con los equipos de bases de datos y API en el dise\u00f1o de esquemas, la optimizaci\u00f3n del rendimiento y los est\u00e1ndares de integraci\u00f3n.<\/li>\n<\/ul>\n\n\n\n<div style=\"height:10px\" aria-hidden=\"true\" class=\"wp-block-spacer\"><\/div>\n\n\n\n<p><strong>Requisitos necesarios:<\/strong><\/p>\n\n\n\n<ul class=\"wp-block-list\">\n<li>S\u00f3lida experiencia en ingenier\u00eda de software con \u00e9nfasis en full-stack\/backend.<\/li>\n\n\n\n<li>S\u00f3lida experiencia en Java y Spring Boot (o Spring Framework) para crear API RESTful y microservicios de producci\u00f3n.<\/li>\n\n\n\n<li>Profundo conocimiento de SQL y experiencia en el dise\u00f1o de esquemas relacionales (Oracle y PostgreSQL).<\/li>\n\n\n\n<li>Experiencia pr\u00e1ctica en IA\/ML: visi\u00f3n por computadora (YOLO, Ultralytics, OpenCV, PyTorch\/TensorFlow) y LLM (ajuste fino, sugerencias, RAG, LangChain\/Hugging Face).<\/li>\n\n\n\n<li>S\u00f3lidos conocimientos de Python para la creaci\u00f3n de prototipos, scripts y herramientas de aprendizaje autom\u00e1tico.<\/li>\n\n\n\n<li>Experiencia con DevOps e infraestructura para sistemas de IA\/ML (Docker, Kubernetes, AWS\/GCP\/Azure, CI\/CD).<\/li>\n\n\n\n<li>Capacidad comprobada para dirigir el dise\u00f1o t\u00e9cnico y colaborar eficazmente entre equipos.<\/li>\n<\/ul>\n\n\n\n<div style=\"height:10px\" aria-hidden=\"true\" class=\"wp-block-spacer\"><\/div>\n\n\n\n<p><strong>Requisitos preferentes:<\/strong><\/p>\n\n\n\n<ul class=\"wp-block-list\">\n<li>Excelentes habilidades de comunicaci\u00f3n y comodidad para gestionar proyectos de principio a fin.<\/li>\n\n\n\n<li>Experiencia en telem\u00e1tica de flotas, seguridad por video, IoT o el sector automovil\u00edstico.<\/li>\n\n\n\n<li>Familiaridad con entornos Java empresariales, implementaciones Oracle a gran escala e inteligencia artificial integrada\/perif\u00e9rica.<\/li>\n\n\n\n<li>Experiencia en procesamiento de video en tiempo real o inferencia en dispositivos.<\/li>\n\n\n\n<li>Experiencia demostrada en la implementaci\u00f3n exitosa de funciones de inteligencia artificial en un entorno de trabajo en equipo.<\/li>\n<\/ul>\n\n\n\n<div style=\"height:10px\" aria-hidden=\"true\" class=\"wp-block-spacer\"><\/div>\n\n\n\n<p><strong>Lo que ofrecemos:<\/strong><\/p>\n\n\n\n<ul class=\"wp-block-list\">\n<li>A tiempo completo<\/li>\n\n\n\n<li>H\u00edbrido\/Remoto<\/li>\n\n\n\n<li>Salario competitivo y paquete completo de prestaciones.<\/li>\n\n\n\n<li>Impacto real en la seguridad vial y las operaciones de flotas en todo el pa\u00eds.<\/li>\n\n\n\n<li>Entorno colaborativo y emprendedor con espacio para dar forma a nuestro futuro en IA.<\/li>\n\n\n\n<li>Oportunidad de crear y dirigir un equipo de IA a medida que crecemos.<\/li>\n<\/ul>\n\n\n\n<div style=\"height:10px\" aria-hidden=\"true\" class=\"wp-block-spacer\"><\/div>\n\n\n\n<p><strong>Detalles de la ubicaci\u00f3n:<\/strong><\/p>\n\n\n\n<p>Aunque preferimos el trabajo h\u00edbrido con colaboraci\u00f3n regular en nuestra oficina de Jericho, Nueva York, estamos abiertos a acuerdos totalmente remotos (incluidos candidatos internacionales) con visitas trimestrales a las instalaciones para el candidato adecuado.<\/p>\n\n\n\n<p>Candidatos internacionales: Remoto (Trabajamos con socios de Employer of Record para empleados internacionales. Sin embargo, para este puesto con sede en EE. UU., los candidatos deben poseer ya una autorizaci\u00f3n de trabajo independiente).<\/p>\n\n\n\n<p>Este puesto es ideal para alguien que quiera centrarse profundamente en la IA mientras lidera los puntos de integraci\u00f3n cr\u00edticos (API, datos, DevOps e integrados) que hacen que esas funciones est\u00e9n listas para la producci\u00f3n y sean escalables. Si te entusiasma impulsar la innovaci\u00f3n en IA en telem\u00e1tica con un s\u00f3lido equipo de apoyo a tu alrededor, \u00a1nos encantar\u00eda conocerte!<\/p>\n\n\n\n<p><strong>Si le interesa esta oportunidad de unirse a nuestro equipo, env\u00ede su curr\u00edculum v\u00edtae por correo electr\u00f3nico a: <\/strong><a href=\"mailto:hr@ftsgps.com\"><strong>hr@ftsgps.com<\/strong><\/a><\/p>\n\n\n\n<p><\/p>","protected":false},"excerpt":{"rendered":"<p>AI Software Engineer Job Summary: We&#8217;re looking for an AI Software Engineer (Full-Stack) to lead the development and deployment of next-generation AI features across our platform. You&#8217;ll focus primarily on AI while taking ownership of API design, database architecture for AI workloads, DevOps\/infrastructure for model deployment, and embedded\/edge considerations. You&#8217;ll work closely with our dedicated [&hellip;]<\/p>\n","protected":false},"author":23,"featured_media":8781,"parent":4038,"menu_order":0,"comment_status":"closed","ping_status":"closed","template":"","meta":{"_acf_changed":false,"content-type":"","footnotes":""},"class_list":["post-9600","page","type-page","status-publish","has-post-thumbnail","hentry"],"acf":[],"yoast_head":"<!-- This site is optimized with the Yoast SEO plugin v27.3 - https:\/\/yoast.com\/product\/yoast-seo-wordpress\/ -->\n<title>AI Software Engineer<\/title>\n<meta name=\"description\" content=\"AI Software Engineer (Full-Stack) to lead the development and deployment of next-generation AI features across our platform.\" \/>\n<meta name=\"robots\" content=\"index, follow, max-snippet:-1, max-image-preview:large, max-video-preview:-1\" \/>\n<link rel=\"canonical\" href=\"https:\/\/www.ftsgps.com\/es\/carreras\/ingeniero-de-software-de-inteligencia-artificial\/\" \/>\n<meta property=\"og:locale\" content=\"es_MX\" \/>\n<meta property=\"og:type\" content=\"article\" \/>\n<meta property=\"og:title\" content=\"AI Software Engineer\" \/>\n<meta property=\"og:description\" content=\"AI Software Engineer (Full-Stack) to lead the development and deployment of next-generation AI features across our platform.\" \/>\n<meta property=\"og:url\" content=\"https:\/\/www.ftsgps.com\/es\/carreras\/ingeniero-de-software-de-inteligencia-artificial\/\" \/>\n<meta property=\"og:site_name\" content=\"Forward Thinking Systems\" \/>\n<meta property=\"article:publisher\" content=\"https:\/\/www.facebook.com\/ftsGPS\/\" \/>\n<meta property=\"article:modified_time\" content=\"2025-12-19T19:07:26+00:00\" \/>\n<meta property=\"og:image\" content=\"https:\/\/www.ftsgps.com\/wp-content\/uploads\/2024\/06\/fts-logo-1x1Asset.png\" \/>\n\t<meta property=\"og:image:width\" content=\"500\" \/>\n\t<meta property=\"og:image:height\" content=\"500\" \/>\n\t<meta property=\"og:image:type\" content=\"image\/png\" \/>\n<meta name=\"twitter:card\" content=\"summary_large_image\" \/>\n<meta name=\"twitter:site\" content=\"@FTSGPS\" \/>\n<meta name=\"twitter:label1\" content=\"Tiempo de lectura\" \/>\n\t<meta name=\"twitter:data1\" content=\"3 minutos\" \/>\n<!-- \/ Yoast SEO plugin. -->","yoast_head_json":{"title":"Ingeniero de software de IA","description":"Ingeniero de software de IA (Full-Stack) para liderar el desarrollo y la implementaci\u00f3n de funciones de IA de \u00faltima generaci\u00f3n en toda nuestra plataforma.","robots":{"index":"index","follow":"follow","max-snippet":"max-snippet:-1","max-image-preview":"max-image-preview:large","max-video-preview":"max-video-preview:-1"},"canonical":"https:\/\/www.ftsgps.com\/es\/carreras\/ingeniero-de-software-de-inteligencia-artificial\/","og_locale":"es_MX","og_type":"article","og_title":"AI Software Engineer","og_description":"AI Software Engineer (Full-Stack) to lead the development and deployment of next-generation AI features across our platform.","og_url":"https:\/\/www.ftsgps.com\/es\/carreras\/ingeniero-de-software-de-inteligencia-artificial\/","og_site_name":"Forward Thinking Systems","article_publisher":"https:\/\/www.facebook.com\/ftsGPS\/","article_modified_time":"2025-12-19T19:07:26+00:00","og_image":[{"width":500,"height":500,"url":"https:\/\/www.ftsgps.com\/wp-content\/uploads\/2024\/06\/fts-logo-1x1Asset.png","type":"image\/png"}],"twitter_card":"summary_large_image","twitter_site":"@FTSGPS","twitter_misc":{"Tiempo de lectura":"3 minutos"},"schema":{"@context":"https:\/\/schema.org","@graph":[{"@type":"WebPage","@id":"https:\/\/www.ftsgps.com\/careers\/ai-software-engineer\/","url":"https:\/\/www.ftsgps.com\/careers\/ai-software-engineer\/","name":"Ingeniero de software de IA","isPartOf":{"@id":"https:\/\/www.ftsgps.com\/#website"},"primaryImageOfPage":{"@id":"https:\/\/www.ftsgps.com\/careers\/ai-software-engineer\/#primaryimage"},"image":{"@id":"https:\/\/www.ftsgps.com\/careers\/ai-software-engineer\/#primaryimage"},"thumbnailUrl":"https:\/\/www.ftsgps.com\/wp-content\/uploads\/2024\/06\/fts-logo-1x1Asset.png","datePublished":"2025-12-19T18:57:41+00:00","dateModified":"2025-12-19T19:07:26+00:00","description":"Ingeniero de software de IA (Full-Stack) para liderar el desarrollo y la implementaci\u00f3n de funciones de IA de \u00faltima generaci\u00f3n en toda nuestra plataforma.","breadcrumb":{"@id":"https:\/\/www.ftsgps.com\/careers\/ai-software-engineer\/#breadcrumb"},"inLanguage":"es","potentialAction":[{"@type":"ReadAction","target":["https:\/\/www.ftsgps.com\/careers\/ai-software-engineer\/"]}]},{"@type":"ImageObject","inLanguage":"es","@id":"https:\/\/www.ftsgps.com\/careers\/ai-software-engineer\/#primaryimage","url":"https:\/\/www.ftsgps.com\/wp-content\/uploads\/2024\/06\/fts-logo-1x1Asset.png","contentUrl":"https:\/\/www.ftsgps.com\/wp-content\/uploads\/2024\/06\/fts-logo-1x1Asset.png","width":500,"height":500},{"@type":"BreadcrumbList","@id":"https:\/\/www.ftsgps.com\/careers\/ai-software-engineer\/#breadcrumb","itemListElement":[{"@type":"ListItem","position":1,"name":"Career Opportunities","item":"https:\/\/www.ftsgps.com\/careers\/"},{"@type":"ListItem","position":2,"name":"AI Software Engineer"}]},{"@type":"WebSite","@id":"https:\/\/www.ftsgps.com\/#website","url":"https:\/\/www.ftsgps.com\/","name":"Sistemas de previsi\u00f3n","description":"Adel\u00e1ntate a los dem\u00e1s","publisher":{"@id":"https:\/\/www.ftsgps.com\/#organization"},"potentialAction":[{"@type":"SearchAction","target":{"@type":"EntryPoint","urlTemplate":"https:\/\/www.ftsgps.com\/?s={search_term_string}"},"query-input":{"@type":"PropertyValueSpecification","valueRequired":true,"valueName":"search_term_string"}}],"inLanguage":"es"},{"@type":"Organization","@id":"https:\/\/www.ftsgps.com\/#organization","name":"Sistemas de previsi\u00f3n","alternateName":"FTSGPS","url":"https:\/\/www.ftsgps.com\/","logo":{"@type":"ImageObject","inLanguage":"es","@id":"https:\/\/www.ftsgps.com\/#\/schema\/logo\/image\/","url":"https:\/\/www.ftsgps.com\/wp-content\/uploads\/2019\/07\/Forward-Thinking-Systems-logo.svg","contentUrl":"https:\/\/www.ftsgps.com\/wp-content\/uploads\/2019\/07\/Forward-Thinking-Systems-logo.svg","width":656,"height":129,"caption":"Forward Thinking Systems"},"image":{"@id":"https:\/\/www.ftsgps.com\/#\/schema\/logo\/image\/"},"sameAs":["https:\/\/www.facebook.com\/ftsGPS\/","https:\/\/x.com\/FTSGPS","https:\/\/www.linkedin.com\/company\/forward-thinking-systems"]}]}},"_links":{"self":[{"href":"https:\/\/www.ftsgps.com\/es\/wp-json\/wp\/v2\/pages\/9600","targetHints":{"allow":["GET"]}}],"collection":[{"href":"https:\/\/www.ftsgps.com\/es\/wp-json\/wp\/v2\/pages"}],"about":[{"href":"https:\/\/www.ftsgps.com\/es\/wp-json\/wp\/v2\/types\/page"}],"author":[{"embeddable":true,"href":"https:\/\/www.ftsgps.com\/es\/wp-json\/wp\/v2\/users\/23"}],"replies":[{"embeddable":true,"href":"https:\/\/www.ftsgps.com\/es\/wp-json\/wp\/v2\/comments?post=9600"}],"version-history":[{"count":7,"href":"https:\/\/www.ftsgps.com\/es\/wp-json\/wp\/v2\/pages\/9600\/revisions"}],"predecessor-version":[{"id":9607,"href":"https:\/\/www.ftsgps.com\/es\/wp-json\/wp\/v2\/pages\/9600\/revisions\/9607"}],"up":[{"embeddable":true,"href":"https:\/\/www.ftsgps.com\/es\/wp-json\/wp\/v2\/pages\/4038"}],"wp:featuredmedia":[{"embeddable":true,"href":"https:\/\/www.ftsgps.com\/es\/wp-json\/wp\/v2\/media\/8781"}],"wp:attachment":[{"href":"https:\/\/www.ftsgps.com\/es\/wp-json\/wp\/v2\/media?parent=9600"}],"curies":[{"name":"wp","href":"https:\/\/api.w.org\/{rel}","templated":true}]}}