{"id":19,"date":"2019-07-25T20:11:04","date_gmt":"2019-07-26T00:11:04","guid":{"rendered":"https:\/\/www.ftsgps.com\/?page_id=19"},"modified":"2023-10-23T14:14:15","modified_gmt":"2023-10-23T18:14:15","slug":"logiciel-de-gestion-de-flotte","status":"publish","type":"page","link":"https:\/\/www.ftsgps.com\/fr\/products\/fleet-management-software\/","title":{"rendered":"IntelliHub"},"content":{"rendered":"","protected":false},"excerpt":{"rendered":"","protected":false},"author":1,"featured_media":0,"parent":15,"menu_order":0,"comment_status":"closed","ping_status":"closed","template":"templates\/products-intellihub.php","meta":{"_acf_changed":false,"content-type":"","footnotes":""},"class_list":["post-19","page","type-page","status-publish","hentry"],"acf":[],"yoast_head":"<!-- This site is optimized with the Yoast SEO plugin v27.5 - https:\/\/yoast.com\/product\/yoast-seo-wordpress\/ -->\n<title>Fleet Management Software - IntelliHub | FTSGPS<\/title>\n<meta name=\"description\" content=\"IntelliHub is the fleet management software that lets you see every vehicle and driver activity with real-time tracking and digital reports.\" \/>\n<meta name=\"robots\" content=\"index, follow, max-snippet:-1, max-image-preview:large, max-video-preview:-1\" \/>\n<link rel=\"canonical\" href=\"https:\/\/www.ftsgps.com\/fr\/produits\/logiciel-de-gestion-de-flotte\/\" \/>\n<meta property=\"og:locale\" content=\"fr_FR\" \/>\n<meta property=\"og:type\" content=\"article\" \/>\n<meta property=\"og:title\" content=\"Fleet Management Software - IntelliHub | FTSGPS\" \/>\n<meta property=\"og:description\" content=\"IntelliHub is the fleet management software that lets you see every vehicle and driver activity with real-time tracking and digital reports.\" \/>\n<meta property=\"og:url\" content=\"https:\/\/www.ftsgps.com\/fr\/produits\/logiciel-de-gestion-de-flotte\/\" \/>\n<meta property=\"og:site_name\" content=\"Forward Thinking Systems\" \/>\n<meta property=\"article:publisher\" content=\"https:\/\/www.facebook.com\/ftsGPS\/\" \/>\n<meta property=\"article:modified_time\" content=\"2023-10-23T18:14:15+00:00\" \/>\n<meta property=\"og:image\" content=\"https:\/\/www.ftsgps.com\/wp-content\/uploads\/2026\/02\/ForwardThinkingSystems.png\" \/>\n\t<meta property=\"og:image:width\" content=\"1200\" \/>\n\t<meta property=\"og:image:height\" content=\"675\" \/>\n\t<meta property=\"og:image:type\" content=\"image\/png\" \/>\n<meta name=\"twitter:card\" content=\"summary_large_image\" \/>\n<meta name=\"twitter:site\" content=\"@FTSGPS\" \/>\n<!-- \/ Yoast SEO plugin. -->","yoast_head_json":{"title":"Logiciel de gestion de flotte - IntelliHub | FTSGPS","description":"IntelliHub est le logiciel de gestion de flotte qui vous permet de voir toutes les activit\u00e9s des v\u00e9hicules et des conducteurs gr\u00e2ce \u00e0 un suivi en temps r\u00e9el et \u00e0 des rapports num\u00e9riques.","robots":{"index":"index","follow":"follow","max-snippet":"max-snippet:-1","max-image-preview":"max-image-preview:large","max-video-preview":"max-video-preview:-1"},"canonical":"https:\/\/www.ftsgps.com\/fr\/produits\/logiciel-de-gestion-de-flotte\/","og_locale":"fr_FR","og_type":"article","og_title":"Fleet Management Software - IntelliHub | FTSGPS","og_description":"IntelliHub is the fleet management software that lets you see every vehicle and driver activity with real-time tracking and digital reports.","og_url":"https:\/\/www.ftsgps.com\/fr\/produits\/logiciel-de-gestion-de-flotte\/","og_site_name":"Forward Thinking Systems","article_publisher":"https:\/\/www.facebook.com\/ftsGPS\/","article_modified_time":"2023-10-23T18:14:15+00:00","og_image":[{"width":1200,"height":675,"url":"https:\/\/www.ftsgps.com\/wp-content\/uploads\/2026\/02\/ForwardThinkingSystems.png","type":"image\/png"}],"twitter_card":"summary_large_image","twitter_site":"@FTSGPS","schema":{"@context":"https:\/\/schema.org","@graph":[{"@type":"WebPage","@id":"https:\/\/www.ftsgps.com\/products\/fleet-management-software\/","url":"https:\/\/www.ftsgps.com\/products\/fleet-management-software\/","name":"Logiciel de gestion de flotte - IntelliHub | FTSGPS","isPartOf":{"@id":"https:\/\/www.ftsgps.com\/#website"},"datePublished":"2019-07-26T00:11:04+00:00","dateModified":"2023-10-23T18:14:15+00:00","description":"IntelliHub est le logiciel de gestion de flotte qui vous permet de voir toutes les activit\u00e9s des v\u00e9hicules et des conducteurs gr\u00e2ce \u00e0 un suivi en temps r\u00e9el et \u00e0 des rapports num\u00e9riques.","breadcrumb":{"@id":"https:\/\/www.ftsgps.com\/products\/fleet-management-software\/#breadcrumb"},"inLanguage":"fr-FR","potentialAction":[{"@type":"ReadAction","target":["https:\/\/www.ftsgps.com\/products\/fleet-management-software\/"]}]},{"@type":"BreadcrumbList","@id":"https:\/\/www.ftsgps.com\/products\/fleet-management-software\/#breadcrumb","itemListElement":[{"@type":"ListItem","position":1,"name":"Products","item":"https:\/\/www.ftsgps.com\/products\/"},{"@type":"ListItem","position":2,"name":"IntelliHub"}]},{"@type":"WebSite","@id":"https:\/\/www.ftsgps.com\/#website","url":"https:\/\/www.ftsgps.com\/","name":"Syst\u00e8mes de r\u00e9flexion prospective","description":"Garder une longueur d'avance sur les autres","publisher":{"@id":"https:\/\/www.ftsgps.com\/#organization"},"potentialAction":[{"@type":"SearchAction","target":{"@type":"EntryPoint","urlTemplate":"https:\/\/www.ftsgps.com\/?s={search_term_string}"},"query-input":{"@type":"PropertyValueSpecification","valueRequired":true,"valueName":"search_term_string"}}],"inLanguage":"fr-FR"},{"@type":"Organization","@id":"https:\/\/www.ftsgps.com\/#organization","name":"Syst\u00e8mes de r\u00e9flexion prospective","alternateName":"FTSGPS","url":"https:\/\/www.ftsgps.com\/","logo":{"@type":"ImageObject","inLanguage":"fr-FR","@id":"https:\/\/www.ftsgps.com\/#\/schema\/logo\/image\/","url":"https:\/\/www.ftsgps.com\/wp-content\/uploads\/2019\/07\/Forward-Thinking-Systems-logo.svg","contentUrl":"https:\/\/www.ftsgps.com\/wp-content\/uploads\/2019\/07\/Forward-Thinking-Systems-logo.svg","width":656,"height":129,"caption":"Forward Thinking Systems"},"image":{"@id":"https:\/\/www.ftsgps.com\/#\/schema\/logo\/image\/"},"sameAs":["https:\/\/www.facebook.com\/ftsGPS\/","https:\/\/x.com\/FTSGPS","https:\/\/www.linkedin.com\/company\/forward-thinking-systems"]}]}},"_links":{"self":[{"href":"https:\/\/www.ftsgps.com\/fr\/wp-json\/wp\/v2\/pages\/19","targetHints":{"allow":["GET"]}}],"collection":[{"href":"https:\/\/www.ftsgps.com\/fr\/wp-json\/wp\/v2\/pages"}],"about":[{"href":"https:\/\/www.ftsgps.com\/fr\/wp-json\/wp\/v2\/types\/page"}],"author":[{"embeddable":true,"href":"https:\/\/www.ftsgps.com\/fr\/wp-json\/wp\/v2\/users\/1"}],"replies":[{"embeddable":true,"href":"https:\/\/www.ftsgps.com\/fr\/wp-json\/wp\/v2\/comments?post=19"}],"version-history":[{"count":3,"href":"https:\/\/www.ftsgps.com\/fr\/wp-json\/wp\/v2\/pages\/19\/revisions"}],"predecessor-version":[{"id":10338,"href":"https:\/\/www.ftsgps.com\/fr\/wp-json\/wp\/v2\/pages\/19\/revisions\/10338"}],"up":[{"embeddable":true,"href":"https:\/\/www.ftsgps.com\/fr\/wp-json\/wp\/v2\/pages\/15"}],"wp:attachment":[{"href":"https:\/\/www.ftsgps.com\/fr\/wp-json\/wp\/v2\/media?parent=19"}],"curies":[{"name":"wp","href":"https:\/\/api.w.org\/{rel}","templated":true}]}}