{"id":27,"date":"2021-07-25T20:11:55","date_gmt":"2021-07-26T00:11:55","guid":{"rendered":"https:\/\/www.ftsgps.com\/?page_id=27"},"modified":"2026-04-23T13:46:04","modified_gmt":"2026-04-23T17:46:04","slug":"ange-de-la-route","status":"publish","type":"page","link":"https:\/\/www.ftsgps.com\/fr\/products\/road-angel\/","title":{"rendered":"Ange de la route"},"content":{"rendered":"","protected":false},"excerpt":{"rendered":"","protected":false},"author":1,"featured_media":0,"parent":15,"menu_order":0,"comment_status":"closed","ping_status":"closed","template":"templates\/products-roadangle.php","meta":{"_acf_changed":false,"content-type":"","footnotes":""},"class_list":["post-27","page","type-page","status-publish","hentry"],"acf":[],"yoast_head":"<!-- This site is optimized with the Yoast SEO plugin v27.5 - https:\/\/yoast.com\/product\/yoast-seo-wordpress\/ -->\n<title>Road Angel Fleet Roadside Assistance | FTSGPS<\/title>\n<meta name=\"description\" content=\"Road Angel\u00ae is the 24\/7 fleet roadside assistance that delivers help during a breakdown including towing needs, fuel delivery, extrication assistance, and more!\" \/>\n<meta name=\"robots\" content=\"index, follow, max-snippet:-1, max-image-preview:large, max-video-preview:-1\" \/>\n<link rel=\"canonical\" href=\"https:\/\/www.ftsgps.com\/fr\/produits\/ange-de-la-route\/\" \/>\n<meta property=\"og:locale\" content=\"fr_FR\" \/>\n<meta property=\"og:type\" content=\"article\" \/>\n<meta property=\"og:title\" content=\"Road Angel Fleet Roadside Assistance | FTSGPS\" \/>\n<meta property=\"og:description\" content=\"Road Angel\u00ae is the 24\/7 fleet roadside assistance that delivers help during a breakdown including towing needs, fuel delivery, extrication assistance, and more!\" \/>\n<meta property=\"og:url\" content=\"https:\/\/www.ftsgps.com\/fr\/produits\/ange-de-la-route\/\" \/>\n<meta property=\"og:site_name\" content=\"Forward Thinking Systems\" \/>\n<meta property=\"article:publisher\" content=\"https:\/\/www.facebook.com\/ftsGPS\/\" \/>\n<meta property=\"article:modified_time\" content=\"2026-04-23T17:46:04+00:00\" \/>\n<meta property=\"og:image\" content=\"https:\/\/www.ftsgps.com\/wp-content\/uploads\/2026\/02\/ForwardThinkingSystems.png\" \/>\n\t<meta property=\"og:image:width\" content=\"1200\" \/>\n\t<meta property=\"og:image:height\" content=\"675\" \/>\n\t<meta property=\"og:image:type\" content=\"image\/png\" \/>\n<meta name=\"twitter:card\" content=\"summary_large_image\" \/>\n<meta name=\"twitter:site\" content=\"@FTSGPS\" \/>\n<!-- \/ Yoast SEO plugin. -->","yoast_head_json":{"title":"Assistance routi\u00e8re Road Angel Fleet | FTSGPS","description":"Road Angel\u00ae est l'assistance routi\u00e8re 24 heures sur 24 et 7 jours sur 7 pour les flottes, qui fournit de l'aide en cas de panne, notamment pour le remorquage, la livraison de carburant, l'aide \u00e0 la d\u00e9sincarc\u00e9ration, et bien plus encore !","robots":{"index":"index","follow":"follow","max-snippet":"max-snippet:-1","max-image-preview":"max-image-preview:large","max-video-preview":"max-video-preview:-1"},"canonical":"https:\/\/www.ftsgps.com\/fr\/produits\/ange-de-la-route\/","og_locale":"fr_FR","og_type":"article","og_title":"Road Angel Fleet Roadside Assistance | FTSGPS","og_description":"Road Angel\u00ae is the 24\/7 fleet roadside assistance that delivers help during a breakdown including towing needs, fuel delivery, extrication assistance, and more!","og_url":"https:\/\/www.ftsgps.com\/fr\/produits\/ange-de-la-route\/","og_site_name":"Forward Thinking Systems","article_publisher":"https:\/\/www.facebook.com\/ftsGPS\/","article_modified_time":"2026-04-23T17:46:04+00:00","og_image":[{"width":1200,"height":675,"url":"https:\/\/www.ftsgps.com\/wp-content\/uploads\/2026\/02\/ForwardThinkingSystems.png","type":"image\/png"}],"twitter_card":"summary_large_image","twitter_site":"@FTSGPS","schema":{"@context":"https:\/\/schema.org","@graph":[{"@type":"WebPage","@id":"https:\/\/www.ftsgps.com\/products\/road-angel\/","url":"https:\/\/www.ftsgps.com\/products\/road-angel\/","name":"Assistance routi\u00e8re Road Angel Fleet | FTSGPS","isPartOf":{"@id":"https:\/\/www.ftsgps.com\/#website"},"datePublished":"2021-07-26T00:11:55+00:00","dateModified":"2026-04-23T17:46:04+00:00","description":"Road Angel\u00ae est l'assistance routi\u00e8re 24 heures sur 24 et 7 jours sur 7 pour les flottes, qui fournit de l'aide en cas de panne, notamment pour le remorquage, la livraison de carburant, l'aide \u00e0 la d\u00e9sincarc\u00e9ration, et bien plus encore !","breadcrumb":{"@id":"https:\/\/www.ftsgps.com\/products\/road-angel\/#breadcrumb"},"inLanguage":"fr-FR","potentialAction":[{"@type":"ReadAction","target":["https:\/\/www.ftsgps.com\/products\/road-angel\/"]}]},{"@type":"BreadcrumbList","@id":"https:\/\/www.ftsgps.com\/products\/road-angel\/#breadcrumb","itemListElement":[{"@type":"ListItem","position":1,"name":"Products","item":"https:\/\/www.ftsgps.com\/products\/"},{"@type":"ListItem","position":2,"name":"Road Angel&reg;"}]},{"@type":"WebSite","@id":"https:\/\/www.ftsgps.com\/#website","url":"https:\/\/www.ftsgps.com\/","name":"Syst\u00e8mes de r\u00e9flexion prospective","description":"Garder une longueur d'avance sur les autres","publisher":{"@id":"https:\/\/www.ftsgps.com\/#organization"},"potentialAction":[{"@type":"SearchAction","target":{"@type":"EntryPoint","urlTemplate":"https:\/\/www.ftsgps.com\/?s={search_term_string}"},"query-input":{"@type":"PropertyValueSpecification","valueRequired":true,"valueName":"search_term_string"}}],"inLanguage":"fr-FR"},{"@type":"Organization","@id":"https:\/\/www.ftsgps.com\/#organization","name":"Syst\u00e8mes de r\u00e9flexion prospective","alternateName":"FTSGPS","url":"https:\/\/www.ftsgps.com\/","logo":{"@type":"ImageObject","inLanguage":"fr-FR","@id":"https:\/\/www.ftsgps.com\/#\/schema\/logo\/image\/","url":"https:\/\/www.ftsgps.com\/wp-content\/uploads\/2019\/07\/Forward-Thinking-Systems-logo.svg","contentUrl":"https:\/\/www.ftsgps.com\/wp-content\/uploads\/2019\/07\/Forward-Thinking-Systems-logo.svg","width":656,"height":129,"caption":"Forward Thinking Systems"},"image":{"@id":"https:\/\/www.ftsgps.com\/#\/schema\/logo\/image\/"},"sameAs":["https:\/\/www.facebook.com\/ftsGPS\/","https:\/\/x.com\/FTSGPS","https:\/\/www.linkedin.com\/company\/forward-thinking-systems"]}]}},"_links":{"self":[{"href":"https:\/\/www.ftsgps.com\/fr\/wp-json\/wp\/v2\/pages\/27","targetHints":{"allow":["GET"]}}],"collection":[{"href":"https:\/\/www.ftsgps.com\/fr\/wp-json\/wp\/v2\/pages"}],"about":[{"href":"https:\/\/www.ftsgps.com\/fr\/wp-json\/wp\/v2\/types\/page"}],"author":[{"embeddable":true,"href":"https:\/\/www.ftsgps.com\/fr\/wp-json\/wp\/v2\/users\/1"}],"replies":[{"embeddable":true,"href":"https:\/\/www.ftsgps.com\/fr\/wp-json\/wp\/v2\/comments?post=27"}],"version-history":[{"count":2,"href":"https:\/\/www.ftsgps.com\/fr\/wp-json\/wp\/v2\/pages\/27\/revisions"}],"predecessor-version":[{"id":10210,"href":"https:\/\/www.ftsgps.com\/fr\/wp-json\/wp\/v2\/pages\/27\/revisions\/10210"}],"up":[{"embeddable":true,"href":"https:\/\/www.ftsgps.com\/fr\/wp-json\/wp\/v2\/pages\/15"}],"wp:attachment":[{"href":"https:\/\/www.ftsgps.com\/fr\/wp-json\/wp\/v2\/media?parent=27"}],"curies":[{"name":"wp","href":"https:\/\/api.w.org\/{rel}","templated":true}]}}