{"id":3476,"date":"2019-10-11T11:43:45","date_gmt":"2019-10-11T15:43:45","guid":{"rendered":"https:\/\/www.ftsgps.com\/?page_id=3476"},"modified":"2023-03-29T03:50:44","modified_gmt":"2023-03-29T07:50:44","slug":"programme-de-surveillance-continue-du-nevada","status":"publish","type":"page","link":"https:\/\/www.ftsgps.com\/fr\/nevada-continuous-monitoring-program\/","title":{"rendered":"Programme de surveillance continue du Nevada"},"content":{"rendered":"","protected":false},"excerpt":{"rendered":"","protected":false},"author":1,"featured_media":3501,"parent":0,"menu_order":0,"comment_status":"closed","ping_status":"closed","template":"templates\/page-nevadacontinousmonitoringprogram.php","meta":{"_acf_changed":false,"content-type":"","footnotes":""},"class_list":["post-3476","page","type-page","status-publish","has-post-thumbnail","hentry"],"acf":[],"yoast_head":"<!-- This site is optimized with the Yoast SEO plugin v27.3 - https:\/\/yoast.com\/product\/yoast-seo-wordpress\/ -->\n<title>Join Nevada&#039;s Continuous Monitoring Program for Fleet Vehicles<\/title>\n<meta name=\"description\" content=\"Skip emissions tests in Nevada and keep your vehicles running clean year-round by remotely monitoring emissions, driver behavior, engine idling, and more.\" \/>\n<meta name=\"robots\" content=\"index, follow, max-snippet:-1, max-image-preview:large, max-video-preview:-1\" \/>\n<link rel=\"canonical\" href=\"https:\/\/www.ftsgps.com\/fr\/programme-de-surveillance-continue-du-nevada\/\" \/>\n<meta property=\"og:locale\" content=\"fr_FR\" \/>\n<meta property=\"og:type\" content=\"article\" \/>\n<meta property=\"og:title\" content=\"Join Nevada&#039;s Continuous Monitoring Program for Fleet Vehicles\" \/>\n<meta property=\"og:description\" content=\"Skip emissions tests in Nevada and keep your vehicles running clean year-round by remotely monitoring emissions, driver behavior, engine idling, and more.\" \/>\n<meta property=\"og:url\" content=\"https:\/\/www.ftsgps.com\/fr\/programme-de-surveillance-continue-du-nevada\/\" \/>\n<meta property=\"og:site_name\" content=\"Forward Thinking Systems\" \/>\n<meta property=\"article:publisher\" content=\"https:\/\/www.facebook.com\/ftsGPS\/\" \/>\n<meta property=\"article:modified_time\" content=\"2023-03-29T07:50:44+00:00\" \/>\n<meta property=\"og:image\" content=\"https:\/\/www.ftsgps.com\/wp-content\/uploads\/2019\/11\/semi-truck-driving-on-i-11-in-boulder-city-nevada-with-ufo-and-alien.jpg\" \/>\n\t<meta property=\"og:image:width\" content=\"1250\" \/>\n\t<meta property=\"og:image:height\" content=\"600\" \/>\n\t<meta property=\"og:image:type\" content=\"image\/jpeg\" \/>\n<meta name=\"twitter:card\" content=\"summary_large_image\" \/>\n<meta name=\"twitter:site\" content=\"@FTSGPS\" \/>\n<!-- \/ Yoast SEO plugin. -->","yoast_head_json":{"title":"Participez au programme de contr\u00f4le continu des v\u00e9hicules de la flotte du Nevada","description":"Passez les tests d'\u00e9missions au Nevada et gardez vos v\u00e9hicules propres toute l'ann\u00e9e en contr\u00f4lant \u00e0 distance les \u00e9missions, le comportement du conducteur, le fonctionnement du moteur au ralenti, et bien plus encore.","robots":{"index":"index","follow":"follow","max-snippet":"max-snippet:-1","max-image-preview":"max-image-preview:large","max-video-preview":"max-video-preview:-1"},"canonical":"https:\/\/www.ftsgps.com\/fr\/programme-de-surveillance-continue-du-nevada\/","og_locale":"fr_FR","og_type":"article","og_title":"Join Nevada's Continuous Monitoring Program for Fleet Vehicles","og_description":"Skip emissions tests in Nevada and keep your vehicles running clean year-round by remotely monitoring emissions, driver behavior, engine idling, and more.","og_url":"https:\/\/www.ftsgps.com\/fr\/programme-de-surveillance-continue-du-nevada\/","og_site_name":"Forward Thinking Systems","article_publisher":"https:\/\/www.facebook.com\/ftsGPS\/","article_modified_time":"2023-03-29T07:50:44+00:00","og_image":[{"width":1250,"height":600,"url":"https:\/\/www.ftsgps.com\/wp-content\/uploads\/2019\/11\/semi-truck-driving-on-i-11-in-boulder-city-nevada-with-ufo-and-alien.jpg","type":"image\/jpeg"}],"twitter_card":"summary_large_image","twitter_site":"@FTSGPS","schema":{"@context":"https:\/\/schema.org","@graph":[{"@type":"WebPage","@id":"https:\/\/www.ftsgps.com\/nevada-continuous-monitoring-program\/","url":"https:\/\/www.ftsgps.com\/nevada-continuous-monitoring-program\/","name":"Participez au programme de contr\u00f4le continu des v\u00e9hicules de la flotte du Nevada","isPartOf":{"@id":"https:\/\/www.ftsgps.com\/#website"},"primaryImageOfPage":{"@id":"https:\/\/www.ftsgps.com\/nevada-continuous-monitoring-program\/#primaryimage"},"image":{"@id":"https:\/\/www.ftsgps.com\/nevada-continuous-monitoring-program\/#primaryimage"},"thumbnailUrl":"https:\/\/www.ftsgps.com\/wp-content\/uploads\/2019\/11\/semi-truck-driving-on-i-11-in-boulder-city-nevada-with-ufo-and-alien.jpg","datePublished":"2019-10-11T15:43:45+00:00","dateModified":"2023-03-29T07:50:44+00:00","description":"Passez les tests d'\u00e9missions au Nevada et gardez vos v\u00e9hicules propres toute l'ann\u00e9e en contr\u00f4lant \u00e0 distance les \u00e9missions, le comportement du conducteur, le fonctionnement du moteur au ralenti, et bien plus encore.","inLanguage":"fr-FR","potentialAction":[{"@type":"ReadAction","target":["https:\/\/www.ftsgps.com\/nevada-continuous-monitoring-program\/"]}]},{"@type":"ImageObject","inLanguage":"fr-FR","@id":"https:\/\/www.ftsgps.com\/nevada-continuous-monitoring-program\/#primaryimage","url":"https:\/\/www.ftsgps.com\/wp-content\/uploads\/2019\/11\/semi-truck-driving-on-i-11-in-boulder-city-nevada-with-ufo-and-alien.jpg","contentUrl":"https:\/\/www.ftsgps.com\/wp-content\/uploads\/2019\/11\/semi-truck-driving-on-i-11-in-boulder-city-nevada-with-ufo-and-alien.jpg","width":1250,"height":600},{"@type":"WebSite","@id":"https:\/\/www.ftsgps.com\/#website","url":"https:\/\/www.ftsgps.com\/","name":"Syst\u00e8mes de r\u00e9flexion prospective","description":"Garder une longueur d'avance sur les autres","publisher":{"@id":"https:\/\/www.ftsgps.com\/#organization"},"potentialAction":[{"@type":"SearchAction","target":{"@type":"EntryPoint","urlTemplate":"https:\/\/www.ftsgps.com\/?s={search_term_string}"},"query-input":{"@type":"PropertyValueSpecification","valueRequired":true,"valueName":"search_term_string"}}],"inLanguage":"fr-FR"},{"@type":"Organization","@id":"https:\/\/www.ftsgps.com\/#organization","name":"Syst\u00e8mes de r\u00e9flexion prospective","alternateName":"FTSGPS","url":"https:\/\/www.ftsgps.com\/","logo":{"@type":"ImageObject","inLanguage":"fr-FR","@id":"https:\/\/www.ftsgps.com\/#\/schema\/logo\/image\/","url":"https:\/\/www.ftsgps.com\/wp-content\/uploads\/2019\/07\/Forward-Thinking-Systems-logo.svg","contentUrl":"https:\/\/www.ftsgps.com\/wp-content\/uploads\/2019\/07\/Forward-Thinking-Systems-logo.svg","width":656,"height":129,"caption":"Forward Thinking Systems"},"image":{"@id":"https:\/\/www.ftsgps.com\/#\/schema\/logo\/image\/"},"sameAs":["https:\/\/www.facebook.com\/ftsGPS\/","https:\/\/x.com\/FTSGPS","https:\/\/www.linkedin.com\/company\/forward-thinking-systems"]}]}},"_links":{"self":[{"href":"https:\/\/www.ftsgps.com\/fr\/wp-json\/wp\/v2\/pages\/3476","targetHints":{"allow":["GET"]}}],"collection":[{"href":"https:\/\/www.ftsgps.com\/fr\/wp-json\/wp\/v2\/pages"}],"about":[{"href":"https:\/\/www.ftsgps.com\/fr\/wp-json\/wp\/v2\/types\/page"}],"author":[{"embeddable":true,"href":"https:\/\/www.ftsgps.com\/fr\/wp-json\/wp\/v2\/users\/1"}],"replies":[{"embeddable":true,"href":"https:\/\/www.ftsgps.com\/fr\/wp-json\/wp\/v2\/comments?post=3476"}],"version-history":[{"count":2,"href":"https:\/\/www.ftsgps.com\/fr\/wp-json\/wp\/v2\/pages\/3476\/revisions"}],"predecessor-version":[{"id":3479,"href":"https:\/\/www.ftsgps.com\/fr\/wp-json\/wp\/v2\/pages\/3476\/revisions\/3479"}],"wp:featuredmedia":[{"embeddable":true,"href":"https:\/\/www.ftsgps.com\/fr\/wp-json\/wp\/v2\/media\/3501"}],"wp:attachment":[{"href":"https:\/\/www.ftsgps.com\/fr\/wp-json\/wp\/v2\/media?parent=3476"}],"curies":[{"name":"wp","href":"https:\/\/api.w.org\/{rel}","templated":true}]}}