{"id":3621,"date":"2020-02-11T11:50:33","date_gmt":"2020-02-11T16:50:33","guid":{"rendered":"https:\/\/www.ftsgps.com\/?page_id=3621"},"modified":"2026-04-24T15:23:27","modified_gmt":"2026-04-24T19:23:27","slug":"fleetcam","status":"publish","type":"page","link":"https:\/\/www.ftsgps.com\/fr\/products\/fleetcam\/","title":{"rendered":"FleetCam"},"content":{"rendered":"","protected":false},"excerpt":{"rendered":"","protected":false},"author":1,"featured_media":0,"parent":15,"menu_order":0,"comment_status":"closed","ping_status":"closed","template":"templates\/products-fleetcam.php","meta":{"_acf_changed":false,"content-type":"","footnotes":""},"class_list":["post-3621","page","type-page","status-publish","hentry"],"acf":[],"yoast_head":"<!-- This site is optimized with the Yoast SEO plugin v27.5 - https:\/\/yoast.com\/product\/yoast-seo-wordpress\/ -->\n<title>Fleet Dash Cam with AI Alerts &amp; Driver Coaching | FTSGPS<\/title>\n<meta name=\"description\" content=\"AI-powered fleet dash cam with driver monitoring alerts, live streaming, and up to 6 cameras per vehicle. Built-in coaching turns incidents into improvement.\" \/>\n<meta name=\"robots\" content=\"index, follow, max-snippet:-1, max-image-preview:large, max-video-preview:-1\" \/>\n<link rel=\"canonical\" href=\"https:\/\/www.ftsgps.com\/fr\/produits\/fleetcam\/\" \/>\n<meta property=\"og:locale\" content=\"fr_FR\" \/>\n<meta property=\"og:type\" content=\"article\" \/>\n<meta property=\"og:title\" content=\"Fleet Dash Cam with AI Alerts &amp; Driver Coaching | FTSGPS\" \/>\n<meta property=\"og:description\" content=\"AI-powered fleet dash cam with driver monitoring alerts, live streaming, and up to 6 cameras per vehicle. Built-in coaching turns incidents into improvement.\" \/>\n<meta property=\"og:url\" content=\"https:\/\/www.ftsgps.com\/fr\/produits\/fleetcam\/\" \/>\n<meta property=\"og:site_name\" content=\"Forward Thinking Systems\" \/>\n<meta property=\"article:publisher\" content=\"https:\/\/www.facebook.com\/ftsGPS\/\" \/>\n<meta property=\"article:modified_time\" content=\"2026-04-24T19:23:27+00:00\" \/>\n<meta property=\"og:image\" content=\"https:\/\/www.ftsgps.com\/wp-content\/uploads\/2026\/02\/ForwardThinkingSystems.png\" \/>\n\t<meta property=\"og:image:width\" content=\"1200\" \/>\n\t<meta property=\"og:image:height\" content=\"675\" \/>\n\t<meta property=\"og:image:type\" content=\"image\/png\" \/>\n<meta name=\"twitter:card\" content=\"summary_large_image\" \/>\n<meta name=\"twitter:site\" content=\"@FTSGPS\" \/>\n<!-- \/ Yoast SEO plugin. -->","yoast_head_json":{"title":"Cam\u00e9ra de tableau de bord pour flotte avec alertes IA et coaching conducteur | FTSGPS","description":"Cam\u00e9ra embarqu\u00e9e pour flotte aliment\u00e9e par l'IA avec alertes de surveillance du conducteur, streaming en direct et jusqu'\u00e0 6 cam\u00e9ras par v\u00e9hicule. Le coaching int\u00e9gr\u00e9 transforme les incidents en am\u00e9liorations.","robots":{"index":"index","follow":"follow","max-snippet":"max-snippet:-1","max-image-preview":"max-image-preview:large","max-video-preview":"max-video-preview:-1"},"canonical":"https:\/\/www.ftsgps.com\/fr\/produits\/fleetcam\/","og_locale":"fr_FR","og_type":"article","og_title":"Fleet Dash Cam with AI Alerts & Driver Coaching | FTSGPS","og_description":"AI-powered fleet dash cam with driver monitoring alerts, live streaming, and up to 6 cameras per vehicle. Built-in coaching turns incidents into improvement.","og_url":"https:\/\/www.ftsgps.com\/fr\/produits\/fleetcam\/","og_site_name":"Forward Thinking Systems","article_publisher":"https:\/\/www.facebook.com\/ftsGPS\/","article_modified_time":"2026-04-24T19:23:27+00:00","og_image":[{"width":1200,"height":675,"url":"https:\/\/www.ftsgps.com\/wp-content\/uploads\/2026\/02\/ForwardThinkingSystems.png","type":"image\/png"}],"twitter_card":"summary_large_image","twitter_site":"@FTSGPS","schema":{"@context":"https:\/\/schema.org","@graph":[{"@type":"WebPage","@id":"https:\/\/www.ftsgps.com\/products\/fleetcam\/","url":"https:\/\/www.ftsgps.com\/products\/fleetcam\/","name":"Cam\u00e9ra de tableau de bord pour flotte avec alertes IA et coaching conducteur | FTSGPS","isPartOf":{"@id":"https:\/\/www.ftsgps.com\/#website"},"datePublished":"2020-02-11T16:50:33+00:00","dateModified":"2026-04-24T19:23:27+00:00","description":"Cam\u00e9ra embarqu\u00e9e pour flotte aliment\u00e9e par l'IA avec alertes de surveillance du conducteur, streaming en direct et jusqu'\u00e0 6 cam\u00e9ras par v\u00e9hicule. Le coaching int\u00e9gr\u00e9 transforme les incidents en am\u00e9liorations.","breadcrumb":{"@id":"https:\/\/www.ftsgps.com\/products\/fleetcam\/#breadcrumb"},"inLanguage":"fr-FR","potentialAction":[{"@type":"ReadAction","target":["https:\/\/www.ftsgps.com\/products\/fleetcam\/"]}]},{"@type":"BreadcrumbList","@id":"https:\/\/www.ftsgps.com\/products\/fleetcam\/#breadcrumb","itemListElement":[{"@type":"ListItem","position":1,"name":"Products","item":"https:\/\/www.ftsgps.com\/products\/"},{"@type":"ListItem","position":2,"name":"FleetCam"}]},{"@type":"WebSite","@id":"https:\/\/www.ftsgps.com\/#website","url":"https:\/\/www.ftsgps.com\/","name":"Syst\u00e8mes de r\u00e9flexion prospective","description":"Garder une longueur d'avance sur les autres","publisher":{"@id":"https:\/\/www.ftsgps.com\/#organization"},"potentialAction":[{"@type":"SearchAction","target":{"@type":"EntryPoint","urlTemplate":"https:\/\/www.ftsgps.com\/?s={search_term_string}"},"query-input":{"@type":"PropertyValueSpecification","valueRequired":true,"valueName":"search_term_string"}}],"inLanguage":"fr-FR"},{"@type":"Organization","@id":"https:\/\/www.ftsgps.com\/#organization","name":"Syst\u00e8mes de r\u00e9flexion prospective","alternateName":"FTSGPS","url":"https:\/\/www.ftsgps.com\/","logo":{"@type":"ImageObject","inLanguage":"fr-FR","@id":"https:\/\/www.ftsgps.com\/#\/schema\/logo\/image\/","url":"https:\/\/www.ftsgps.com\/wp-content\/uploads\/2019\/07\/Forward-Thinking-Systems-logo.svg","contentUrl":"https:\/\/www.ftsgps.com\/wp-content\/uploads\/2019\/07\/Forward-Thinking-Systems-logo.svg","width":656,"height":129,"caption":"Forward Thinking Systems"},"image":{"@id":"https:\/\/www.ftsgps.com\/#\/schema\/logo\/image\/"},"sameAs":["https:\/\/www.facebook.com\/ftsGPS\/","https:\/\/x.com\/FTSGPS","https:\/\/www.linkedin.com\/company\/forward-thinking-systems"]}]}},"_links":{"self":[{"href":"https:\/\/www.ftsgps.com\/fr\/wp-json\/wp\/v2\/pages\/3621","targetHints":{"allow":["GET"]}}],"collection":[{"href":"https:\/\/www.ftsgps.com\/fr\/wp-json\/wp\/v2\/pages"}],"about":[{"href":"https:\/\/www.ftsgps.com\/fr\/wp-json\/wp\/v2\/types\/page"}],"author":[{"embeddable":true,"href":"https:\/\/www.ftsgps.com\/fr\/wp-json\/wp\/v2\/users\/1"}],"replies":[{"embeddable":true,"href":"https:\/\/www.ftsgps.com\/fr\/wp-json\/wp\/v2\/comments?post=3621"}],"version-history":[{"count":5,"href":"https:\/\/www.ftsgps.com\/fr\/wp-json\/wp\/v2\/pages\/3621\/revisions"}],"predecessor-version":[{"id":10236,"href":"https:\/\/www.ftsgps.com\/fr\/wp-json\/wp\/v2\/pages\/3621\/revisions\/10236"}],"up":[{"embeddable":true,"href":"https:\/\/www.ftsgps.com\/fr\/wp-json\/wp\/v2\/pages\/15"}],"wp:attachment":[{"href":"https:\/\/www.ftsgps.com\/fr\/wp-json\/wp\/v2\/media?parent=3621"}],"curies":[{"name":"wp","href":"https:\/\/api.w.org\/{rel}","templated":true}]}}