{"id":367,"date":"2019-09-09T09:32:32","date_gmt":"2019-09-09T13:32:32","guid":{"rendered":"https:\/\/www.ftsgps.com\/?page_id=367"},"modified":"2026-04-24T15:40:03","modified_gmt":"2026-04-24T19:40:03","slug":"la-logistique-des-transports","status":"publish","type":"page","link":"https:\/\/www.ftsgps.com\/fr\/industries\/transportation-logistics\/","title":{"rendered":"Transport et logistique"},"content":{"rendered":"","protected":false},"excerpt":{"rendered":"","protected":false},"author":1,"featured_media":0,"parent":365,"menu_order":0,"comment_status":"closed","ping_status":"closed","template":"templates\/industries-transportation-logistics.php","meta":{"_acf_changed":false,"content-type":"","footnotes":""},"class_list":["post-367","page","type-page","status-publish","hentry"],"acf":[],"yoast_head":"<!-- This site is optimized with the Yoast SEO plugin v27.5 - https:\/\/yoast.com\/product\/yoast-seo-wordpress\/ -->\n<title>Transportation Fleet Management &amp; ELD Compliance | FTSGPS<\/title>\n<meta name=\"description\" content=\"ELD compliance, GPS tracking, digital DVIRs, and dispatch \u2014 all in one platform built for transportation and logistics fleets. No patchwork of vendors required.\" \/>\n<meta name=\"robots\" content=\"index, follow, max-snippet:-1, max-image-preview:large, max-video-preview:-1\" \/>\n<link rel=\"canonical\" href=\"https:\/\/www.ftsgps.com\/fr\/secteurs-dactivite\/la-logistique-des-transports\/\" \/>\n<meta property=\"og:locale\" content=\"fr_FR\" \/>\n<meta property=\"og:type\" content=\"article\" \/>\n<meta property=\"og:title\" content=\"Transportation Fleet Management &amp; ELD Compliance | FTSGPS\" \/>\n<meta property=\"og:description\" content=\"ELD compliance, GPS tracking, digital DVIRs, and dispatch \u2014 all in one platform built for transportation and logistics fleets. No patchwork of vendors required.\" \/>\n<meta property=\"og:url\" content=\"https:\/\/www.ftsgps.com\/fr\/secteurs-dactivite\/la-logistique-des-transports\/\" \/>\n<meta property=\"og:site_name\" content=\"Forward Thinking Systems\" \/>\n<meta property=\"article:publisher\" content=\"https:\/\/www.facebook.com\/ftsGPS\/\" \/>\n<meta property=\"article:modified_time\" content=\"2026-04-24T19:40:03+00:00\" \/>\n<meta property=\"og:image\" content=\"https:\/\/www.ftsgps.com\/wp-content\/uploads\/2026\/02\/ForwardThinkingSystems.png\" \/>\n\t<meta property=\"og:image:width\" content=\"1200\" \/>\n\t<meta property=\"og:image:height\" content=\"675\" \/>\n\t<meta property=\"og:image:type\" content=\"image\/png\" \/>\n<meta name=\"twitter:card\" content=\"summary_large_image\" \/>\n<meta name=\"twitter:site\" content=\"@FTSGPS\" \/>\n<!-- \/ Yoast SEO plugin. -->","yoast_head_json":{"title":"Gestion de flotte de transport et conformit\u00e9 ELD | FTSGPS","description":"Conformit\u00e9 ELD, suivi GPS, rapports de conducteur num\u00e9riques et r\u00e9partition \u2014 tout sur une seule plateforme con\u00e7ue pour les flottes de transport et de logistique. Pas besoin d'un patchwork de fournisseurs.","robots":{"index":"index","follow":"follow","max-snippet":"max-snippet:-1","max-image-preview":"max-image-preview:large","max-video-preview":"max-video-preview:-1"},"canonical":"https:\/\/www.ftsgps.com\/fr\/secteurs-dactivite\/la-logistique-des-transports\/","og_locale":"fr_FR","og_type":"article","og_title":"Transportation Fleet Management & ELD Compliance | FTSGPS","og_description":"ELD compliance, GPS tracking, digital DVIRs, and dispatch \u2014 all in one platform built for transportation and logistics fleets. No patchwork of vendors required.","og_url":"https:\/\/www.ftsgps.com\/fr\/secteurs-dactivite\/la-logistique-des-transports\/","og_site_name":"Forward Thinking Systems","article_publisher":"https:\/\/www.facebook.com\/ftsGPS\/","article_modified_time":"2026-04-24T19:40:03+00:00","og_image":[{"width":1200,"height":675,"url":"https:\/\/www.ftsgps.com\/wp-content\/uploads\/2026\/02\/ForwardThinkingSystems.png","type":"image\/png"}],"twitter_card":"summary_large_image","twitter_site":"@FTSGPS","schema":{"@context":"https:\/\/schema.org","@graph":[{"@type":"WebPage","@id":"https:\/\/www.ftsgps.com\/industries\/transportation-logistics\/","url":"https:\/\/www.ftsgps.com\/industries\/transportation-logistics\/","name":"Gestion de flotte de transport et conformit\u00e9 ELD | FTSGPS","isPartOf":{"@id":"https:\/\/www.ftsgps.com\/#website"},"datePublished":"2019-09-09T13:32:32+00:00","dateModified":"2026-04-24T19:40:03+00:00","description":"Conformit\u00e9 ELD, suivi GPS, rapports de conducteur num\u00e9riques et r\u00e9partition \u2014 tout sur une seule plateforme con\u00e7ue pour les flottes de transport et de logistique. Pas besoin d'un patchwork de fournisseurs.","breadcrumb":{"@id":"https:\/\/www.ftsgps.com\/industries\/transportation-logistics\/#breadcrumb"},"inLanguage":"fr-FR","potentialAction":[{"@type":"ReadAction","target":["https:\/\/www.ftsgps.com\/industries\/transportation-logistics\/"]}]},{"@type":"BreadcrumbList","@id":"https:\/\/www.ftsgps.com\/industries\/transportation-logistics\/#breadcrumb","itemListElement":[{"@type":"ListItem","position":1,"name":"Industries","item":"https:\/\/www.ftsgps.com\/industries\/"},{"@type":"ListItem","position":2,"name":"Transportation &#038; Logistics"}]},{"@type":"WebSite","@id":"https:\/\/www.ftsgps.com\/#website","url":"https:\/\/www.ftsgps.com\/","name":"Syst\u00e8mes de r\u00e9flexion prospective","description":"Garder une longueur d'avance sur les autres","publisher":{"@id":"https:\/\/www.ftsgps.com\/#organization"},"potentialAction":[{"@type":"SearchAction","target":{"@type":"EntryPoint","urlTemplate":"https:\/\/www.ftsgps.com\/?s={search_term_string}"},"query-input":{"@type":"PropertyValueSpecification","valueRequired":true,"valueName":"search_term_string"}}],"inLanguage":"fr-FR"},{"@type":"Organization","@id":"https:\/\/www.ftsgps.com\/#organization","name":"Syst\u00e8mes de r\u00e9flexion prospective","alternateName":"FTSGPS","url":"https:\/\/www.ftsgps.com\/","logo":{"@type":"ImageObject","inLanguage":"fr-FR","@id":"https:\/\/www.ftsgps.com\/#\/schema\/logo\/image\/","url":"https:\/\/www.ftsgps.com\/wp-content\/uploads\/2019\/07\/Forward-Thinking-Systems-logo.svg","contentUrl":"https:\/\/www.ftsgps.com\/wp-content\/uploads\/2019\/07\/Forward-Thinking-Systems-logo.svg","width":656,"height":129,"caption":"Forward Thinking Systems"},"image":{"@id":"https:\/\/www.ftsgps.com\/#\/schema\/logo\/image\/"},"sameAs":["https:\/\/www.facebook.com\/ftsGPS\/","https:\/\/x.com\/FTSGPS","https:\/\/www.linkedin.com\/company\/forward-thinking-systems"]}]}},"_links":{"self":[{"href":"https:\/\/www.ftsgps.com\/fr\/wp-json\/wp\/v2\/pages\/367","targetHints":{"allow":["GET"]}}],"collection":[{"href":"https:\/\/www.ftsgps.com\/fr\/wp-json\/wp\/v2\/pages"}],"about":[{"href":"https:\/\/www.ftsgps.com\/fr\/wp-json\/wp\/v2\/types\/page"}],"author":[{"embeddable":true,"href":"https:\/\/www.ftsgps.com\/fr\/wp-json\/wp\/v2\/users\/1"}],"replies":[{"embeddable":true,"href":"https:\/\/www.ftsgps.com\/fr\/wp-json\/wp\/v2\/comments?post=367"}],"version-history":[{"count":2,"href":"https:\/\/www.ftsgps.com\/fr\/wp-json\/wp\/v2\/pages\/367\/revisions"}],"predecessor-version":[{"id":10243,"href":"https:\/\/www.ftsgps.com\/fr\/wp-json\/wp\/v2\/pages\/367\/revisions\/10243"}],"up":[{"embeddable":true,"href":"https:\/\/www.ftsgps.com\/fr\/wp-json\/wp\/v2\/pages\/365"}],"wp:attachment":[{"href":"https:\/\/www.ftsgps.com\/fr\/wp-json\/wp\/v2\/media?parent=367"}],"curies":[{"name":"wp","href":"https:\/\/api.w.org\/{rel}","templated":true}]}}