{"id":37,"date":"2019-07-25T20:13:22","date_gmt":"2019-07-26T00:13:22","guid":{"rendered":"https:\/\/www.ftsgps.com\/?page_id=37"},"modified":"2026-04-24T15:39:08","modified_gmt":"2026-04-24T19:39:08","slug":"dvir-numerique","status":"publish","type":"page","link":"https:\/\/www.ftsgps.com\/fr\/solutions\/digital-dvir\/","title":{"rendered":"Num\u00e9rique DVIR"},"content":{"rendered":"","protected":false},"excerpt":{"rendered":"","protected":false},"author":1,"featured_media":0,"parent":17,"menu_order":0,"comment_status":"closed","ping_status":"closed","template":"templates\/solutions-digitaldvir.php","meta":{"_acf_changed":false,"content-type":"","footnotes":""},"class_list":["post-37","page","type-page","status-publish","hentry"],"acf":[],"yoast_head":"<!-- This site is optimized with the Yoast SEO plugin v27.5 - https:\/\/yoast.com\/product\/yoast-seo-wordpress\/ -->\n<title>Electronic DVIR App for FMCSA-Compliant Inspections | FTSGPS<\/title>\n<meta name=\"description\" content=\"Replace paper DVIRs with a digital inspection app that&#039;s fully FMCSA-compliant. Pre-trip, post-trip, and defect reporting \u2014 completed on any mobile device.\" \/>\n<meta name=\"robots\" content=\"index, follow, max-snippet:-1, max-image-preview:large, max-video-preview:-1\" \/>\n<link rel=\"canonical\" href=\"https:\/\/www.ftsgps.com\/fr\/solutions\/dvir-numerique\/\" \/>\n<meta property=\"og:locale\" content=\"fr_FR\" \/>\n<meta property=\"og:type\" content=\"article\" \/>\n<meta property=\"og:title\" content=\"Electronic DVIR App for FMCSA-Compliant Inspections | FTSGPS\" \/>\n<meta property=\"og:description\" content=\"Replace paper DVIRs with a digital inspection app that&#039;s fully FMCSA-compliant. Pre-trip, post-trip, and defect reporting \u2014 completed on any mobile device.\" \/>\n<meta property=\"og:url\" content=\"https:\/\/www.ftsgps.com\/fr\/solutions\/dvir-numerique\/\" \/>\n<meta property=\"og:site_name\" content=\"Forward Thinking Systems\" \/>\n<meta property=\"article:publisher\" content=\"https:\/\/www.facebook.com\/ftsGPS\/\" \/>\n<meta property=\"article:modified_time\" content=\"2026-04-24T19:39:08+00:00\" \/>\n<meta property=\"og:image\" content=\"https:\/\/www.ftsgps.com\/wp-content\/uploads\/2026\/02\/ForwardThinkingSystems.png\" \/>\n\t<meta property=\"og:image:width\" content=\"1200\" \/>\n\t<meta property=\"og:image:height\" content=\"675\" \/>\n\t<meta property=\"og:image:type\" content=\"image\/png\" \/>\n<meta name=\"twitter:card\" content=\"summary_large_image\" \/>\n<meta name=\"twitter:site\" content=\"@FTSGPS\" \/>\n<!-- \/ Yoast SEO plugin. -->","yoast_head_json":{"title":"Application DVIR \u00c9lectronique pour inspections conformes \u00e0 la FMCSA | FTSGPS","description":"Remplacez les DVIR papier par une application d'inspection num\u00e9rique enti\u00e8rement conforme \u00e0 la FMCSA. Rapports avant le d\u00e9part, apr\u00e8s le d\u00e9part et de d\u00e9fauts \u2014 r\u00e9alis\u00e9s sur n'importe quel appareil mobile.","robots":{"index":"index","follow":"follow","max-snippet":"max-snippet:-1","max-image-preview":"max-image-preview:large","max-video-preview":"max-video-preview:-1"},"canonical":"https:\/\/www.ftsgps.com\/fr\/solutions\/dvir-numerique\/","og_locale":"fr_FR","og_type":"article","og_title":"Electronic DVIR App for FMCSA-Compliant Inspections | FTSGPS","og_description":"Replace paper DVIRs with a digital inspection app that's fully FMCSA-compliant. Pre-trip, post-trip, and defect reporting \u2014 completed on any mobile device.","og_url":"https:\/\/www.ftsgps.com\/fr\/solutions\/dvir-numerique\/","og_site_name":"Forward Thinking Systems","article_publisher":"https:\/\/www.facebook.com\/ftsGPS\/","article_modified_time":"2026-04-24T19:39:08+00:00","og_image":[{"width":1200,"height":675,"url":"https:\/\/www.ftsgps.com\/wp-content\/uploads\/2026\/02\/ForwardThinkingSystems.png","type":"image\/png"}],"twitter_card":"summary_large_image","twitter_site":"@FTSGPS","schema":{"@context":"https:\/\/schema.org","@graph":[{"@type":"WebPage","@id":"https:\/\/www.ftsgps.com\/solutions\/digital-dvir\/","url":"https:\/\/www.ftsgps.com\/solutions\/digital-dvir\/","name":"Application DVIR \u00c9lectronique pour inspections conformes \u00e0 la FMCSA | FTSGPS","isPartOf":{"@id":"https:\/\/www.ftsgps.com\/#website"},"datePublished":"2019-07-26T00:13:22+00:00","dateModified":"2026-04-24T19:39:08+00:00","description":"Remplacez les DVIR papier par une application d'inspection num\u00e9rique enti\u00e8rement conforme \u00e0 la FMCSA. Rapports avant le d\u00e9part, apr\u00e8s le d\u00e9part et de d\u00e9fauts \u2014 r\u00e9alis\u00e9s sur n'importe quel appareil mobile.","breadcrumb":{"@id":"https:\/\/www.ftsgps.com\/solutions\/digital-dvir\/#breadcrumb"},"inLanguage":"fr-FR","potentialAction":[{"@type":"ReadAction","target":["https:\/\/www.ftsgps.com\/solutions\/digital-dvir\/"]}]},{"@type":"BreadcrumbList","@id":"https:\/\/www.ftsgps.com\/solutions\/digital-dvir\/#breadcrumb","itemListElement":[{"@type":"ListItem","position":1,"name":"Solutions","item":"https:\/\/www.ftsgps.com\/solutions\/"},{"@type":"ListItem","position":2,"name":"Digital DVIR"}]},{"@type":"WebSite","@id":"https:\/\/www.ftsgps.com\/#website","url":"https:\/\/www.ftsgps.com\/","name":"Syst\u00e8mes de r\u00e9flexion prospective","description":"Garder une longueur d'avance sur les autres","publisher":{"@id":"https:\/\/www.ftsgps.com\/#organization"},"potentialAction":[{"@type":"SearchAction","target":{"@type":"EntryPoint","urlTemplate":"https:\/\/www.ftsgps.com\/?s={search_term_string}"},"query-input":{"@type":"PropertyValueSpecification","valueRequired":true,"valueName":"search_term_string"}}],"inLanguage":"fr-FR"},{"@type":"Organization","@id":"https:\/\/www.ftsgps.com\/#organization","name":"Syst\u00e8mes de r\u00e9flexion prospective","alternateName":"FTSGPS","url":"https:\/\/www.ftsgps.com\/","logo":{"@type":"ImageObject","inLanguage":"fr-FR","@id":"https:\/\/www.ftsgps.com\/#\/schema\/logo\/image\/","url":"https:\/\/www.ftsgps.com\/wp-content\/uploads\/2019\/07\/Forward-Thinking-Systems-logo.svg","contentUrl":"https:\/\/www.ftsgps.com\/wp-content\/uploads\/2019\/07\/Forward-Thinking-Systems-logo.svg","width":656,"height":129,"caption":"Forward Thinking Systems"},"image":{"@id":"https:\/\/www.ftsgps.com\/#\/schema\/logo\/image\/"},"sameAs":["https:\/\/www.facebook.com\/ftsGPS\/","https:\/\/x.com\/FTSGPS","https:\/\/www.linkedin.com\/company\/forward-thinking-systems"]}]}},"_links":{"self":[{"href":"https:\/\/www.ftsgps.com\/fr\/wp-json\/wp\/v2\/pages\/37","targetHints":{"allow":["GET"]}}],"collection":[{"href":"https:\/\/www.ftsgps.com\/fr\/wp-json\/wp\/v2\/pages"}],"about":[{"href":"https:\/\/www.ftsgps.com\/fr\/wp-json\/wp\/v2\/types\/page"}],"author":[{"embeddable":true,"href":"https:\/\/www.ftsgps.com\/fr\/wp-json\/wp\/v2\/users\/1"}],"replies":[{"embeddable":true,"href":"https:\/\/www.ftsgps.com\/fr\/wp-json\/wp\/v2\/comments?post=37"}],"version-history":[{"count":2,"href":"https:\/\/www.ftsgps.com\/fr\/wp-json\/wp\/v2\/pages\/37\/revisions"}],"predecessor-version":[{"id":10242,"href":"https:\/\/www.ftsgps.com\/fr\/wp-json\/wp\/v2\/pages\/37\/revisions\/10242"}],"up":[{"embeddable":true,"href":"https:\/\/www.ftsgps.com\/fr\/wp-json\/wp\/v2\/pages\/17"}],"wp:attachment":[{"href":"https:\/\/www.ftsgps.com\/fr\/wp-json\/wp\/v2\/media?parent=37"}],"curies":[{"name":"wp","href":"https:\/\/api.w.org\/{rel}","templated":true}]}}