{"id":39,"date":"2019-07-25T20:13:32","date_gmt":"2019-07-26T00:13:32","guid":{"rendered":"https:\/\/www.ftsgps.com\/?page_id=39"},"modified":"2026-04-24T15:56:10","modified_gmt":"2026-04-24T19:56:10","slug":"suivi-de-lentretien-du-parc-automobile","status":"publish","type":"page","link":"https:\/\/www.ftsgps.com\/fr\/solutions\/fleet-maintenance-tracking\/","title":{"rendered":"Solutions d'automatisation de la maintenance du parc automobile"},"content":{"rendered":"","protected":false},"excerpt":{"rendered":"","protected":false},"author":1,"featured_media":0,"parent":17,"menu_order":0,"comment_status":"closed","ping_status":"closed","template":"templates\/solutions-maintanance.php","meta":{"_acf_changed":false,"content-type":"","footnotes":""},"class_list":["post-39","page","type-page","status-publish","hentry"],"acf":[],"yoast_head":"<!-- This site is optimized with the Yoast SEO plugin v27.5 - https:\/\/yoast.com\/product\/yoast-seo-wordpress\/ -->\n<title>Fleet Vehicle Maintenance Tracking &amp; Service Reminders | FTSGPS<\/title>\n<meta name=\"description\" content=\"Set maintenance schedules by mileage, engine hours, or date \u2014 IntelliHub sends automated alerts before service is due so vehicles get serviced before they break down.\" \/>\n<meta name=\"robots\" content=\"index, follow, max-snippet:-1, max-image-preview:large, max-video-preview:-1\" \/>\n<link rel=\"canonical\" href=\"https:\/\/www.ftsgps.com\/fr\/solutions\/suivi-de-lentretien-du-parc-automobile\/\" \/>\n<meta property=\"og:locale\" content=\"fr_FR\" \/>\n<meta property=\"og:type\" content=\"article\" \/>\n<meta property=\"og:title\" content=\"Fleet Vehicle Maintenance Tracking &amp; Service Reminders | FTSGPS\" \/>\n<meta property=\"og:description\" content=\"Set maintenance schedules by mileage, engine hours, or date \u2014 IntelliHub sends automated alerts before service is due so vehicles get serviced before they break down.\" \/>\n<meta property=\"og:url\" content=\"https:\/\/www.ftsgps.com\/fr\/solutions\/suivi-de-lentretien-du-parc-automobile\/\" \/>\n<meta property=\"og:site_name\" content=\"Forward Thinking Systems\" \/>\n<meta property=\"article:publisher\" content=\"https:\/\/www.facebook.com\/ftsGPS\/\" \/>\n<meta property=\"article:modified_time\" content=\"2026-04-24T19:56:10+00:00\" \/>\n<meta property=\"og:image\" content=\"https:\/\/www.ftsgps.com\/wp-content\/uploads\/2026\/02\/ForwardThinkingSystems.png\" \/>\n\t<meta property=\"og:image:width\" content=\"1200\" \/>\n\t<meta property=\"og:image:height\" content=\"675\" \/>\n\t<meta property=\"og:image:type\" content=\"image\/png\" \/>\n<meta name=\"twitter:card\" content=\"summary_large_image\" \/>\n<meta name=\"twitter:site\" content=\"@FTSGPS\" \/>\n<!-- \/ Yoast SEO plugin. -->","yoast_head_json":{"title":"Suivi de l'entretien des v\u00e9hicules de flotte et rappels de service | FTSGPS","description":"D\u00e9finissez des calendriers de maintenance par kilom\u00e9trage, heures moteur ou date \u2014 IntelliHub envoie des alertes automatis\u00e9es avant la date de maintenance pr\u00e9vue afin que les v\u00e9hicules soient entretenus avant de tomber en panne.","robots":{"index":"index","follow":"follow","max-snippet":"max-snippet:-1","max-image-preview":"max-image-preview:large","max-video-preview":"max-video-preview:-1"},"canonical":"https:\/\/www.ftsgps.com\/fr\/solutions\/suivi-de-lentretien-du-parc-automobile\/","og_locale":"fr_FR","og_type":"article","og_title":"Fleet Vehicle Maintenance Tracking & Service Reminders | FTSGPS","og_description":"Set maintenance schedules by mileage, engine hours, or date \u2014 IntelliHub sends automated alerts before service is due so vehicles get serviced before they break down.","og_url":"https:\/\/www.ftsgps.com\/fr\/solutions\/suivi-de-lentretien-du-parc-automobile\/","og_site_name":"Forward Thinking Systems","article_publisher":"https:\/\/www.facebook.com\/ftsGPS\/","article_modified_time":"2026-04-24T19:56:10+00:00","og_image":[{"width":1200,"height":675,"url":"https:\/\/www.ftsgps.com\/wp-content\/uploads\/2026\/02\/ForwardThinkingSystems.png","type":"image\/png"}],"twitter_card":"summary_large_image","twitter_site":"@FTSGPS","schema":{"@context":"https:\/\/schema.org","@graph":[{"@type":"WebPage","@id":"https:\/\/www.ftsgps.com\/solutions\/fleet-maintenance-tracking\/","url":"https:\/\/www.ftsgps.com\/solutions\/fleet-maintenance-tracking\/","name":"Suivi de l'entretien des v\u00e9hicules de flotte et rappels de service | FTSGPS","isPartOf":{"@id":"https:\/\/www.ftsgps.com\/#website"},"datePublished":"2019-07-26T00:13:32+00:00","dateModified":"2026-04-24T19:56:10+00:00","description":"D\u00e9finissez des calendriers de maintenance par kilom\u00e9trage, heures moteur ou date \u2014 IntelliHub envoie des alertes automatis\u00e9es avant la date de maintenance pr\u00e9vue afin que les v\u00e9hicules soient entretenus avant de tomber en panne.","breadcrumb":{"@id":"https:\/\/www.ftsgps.com\/solutions\/fleet-maintenance-tracking\/#breadcrumb"},"inLanguage":"fr-FR","potentialAction":[{"@type":"ReadAction","target":["https:\/\/www.ftsgps.com\/solutions\/fleet-maintenance-tracking\/"]}]},{"@type":"BreadcrumbList","@id":"https:\/\/www.ftsgps.com\/solutions\/fleet-maintenance-tracking\/#breadcrumb","itemListElement":[{"@type":"ListItem","position":1,"name":"Solutions","item":"https:\/\/www.ftsgps.com\/solutions\/"},{"@type":"ListItem","position":2,"name":"Fleet Maintenance Automation Solutions"}]},{"@type":"WebSite","@id":"https:\/\/www.ftsgps.com\/#website","url":"https:\/\/www.ftsgps.com\/","name":"Syst\u00e8mes de r\u00e9flexion prospective","description":"Garder une longueur d'avance sur les autres","publisher":{"@id":"https:\/\/www.ftsgps.com\/#organization"},"potentialAction":[{"@type":"SearchAction","target":{"@type":"EntryPoint","urlTemplate":"https:\/\/www.ftsgps.com\/?s={search_term_string}"},"query-input":{"@type":"PropertyValueSpecification","valueRequired":true,"valueName":"search_term_string"}}],"inLanguage":"fr-FR"},{"@type":"Organization","@id":"https:\/\/www.ftsgps.com\/#organization","name":"Syst\u00e8mes de r\u00e9flexion prospective","alternateName":"FTSGPS","url":"https:\/\/www.ftsgps.com\/","logo":{"@type":"ImageObject","inLanguage":"fr-FR","@id":"https:\/\/www.ftsgps.com\/#\/schema\/logo\/image\/","url":"https:\/\/www.ftsgps.com\/wp-content\/uploads\/2019\/07\/Forward-Thinking-Systems-logo.svg","contentUrl":"https:\/\/www.ftsgps.com\/wp-content\/uploads\/2019\/07\/Forward-Thinking-Systems-logo.svg","width":656,"height":129,"caption":"Forward Thinking Systems"},"image":{"@id":"https:\/\/www.ftsgps.com\/#\/schema\/logo\/image\/"},"sameAs":["https:\/\/www.facebook.com\/ftsGPS\/","https:\/\/x.com\/FTSGPS","https:\/\/www.linkedin.com\/company\/forward-thinking-systems"]}]}},"_links":{"self":[{"href":"https:\/\/www.ftsgps.com\/fr\/wp-json\/wp\/v2\/pages\/39","targetHints":{"allow":["GET"]}}],"collection":[{"href":"https:\/\/www.ftsgps.com\/fr\/wp-json\/wp\/v2\/pages"}],"about":[{"href":"https:\/\/www.ftsgps.com\/fr\/wp-json\/wp\/v2\/types\/page"}],"author":[{"embeddable":true,"href":"https:\/\/www.ftsgps.com\/fr\/wp-json\/wp\/v2\/users\/1"}],"replies":[{"embeddable":true,"href":"https:\/\/www.ftsgps.com\/fr\/wp-json\/wp\/v2\/comments?post=39"}],"version-history":[{"count":3,"href":"https:\/\/www.ftsgps.com\/fr\/wp-json\/wp\/v2\/pages\/39\/revisions"}],"predecessor-version":[{"id":10248,"href":"https:\/\/www.ftsgps.com\/fr\/wp-json\/wp\/v2\/pages\/39\/revisions\/10248"}],"up":[{"embeddable":true,"href":"https:\/\/www.ftsgps.com\/fr\/wp-json\/wp\/v2\/pages\/17"}],"wp:attachment":[{"href":"https:\/\/www.ftsgps.com\/fr\/wp-json\/wp\/v2\/media?parent=39"}],"curies":[{"name":"wp","href":"https:\/\/api.w.org\/{rel}","templated":true}]}}