{"id":4443,"date":"2021-08-24T08:33:38","date_gmt":"2021-08-24T12:33:38","guid":{"rendered":"https:\/\/www.ftsgps.com\/?page_id=4443"},"modified":"2023-03-29T03:50:33","modified_gmt":"2023-03-29T07:50:33","slug":"centre-de-ressources-reseau","status":"publish","type":"page","link":"https:\/\/www.ftsgps.com\/fr\/network-resource-center\/","title":{"rendered":"Centre de ressources du r\u00e9seau"},"content":{"rendered":"","protected":false},"excerpt":{"rendered":"","protected":false},"author":3,"featured_media":0,"parent":0,"menu_order":0,"comment_status":"closed","ping_status":"closed","template":"templates\/page-networkresourcecenter.php","meta":{"_acf_changed":false,"content-type":"","footnotes":""},"class_list":["post-4443","page","type-page","status-publish","hentry"],"acf":[],"yoast_head":"<!-- This site is optimized with the Yoast SEO plugin v27.3 - https:\/\/yoast.com\/product\/yoast-seo-wordpress\/ -->\n<title>Network Resource Center | FTSGPS<\/title>\n<meta name=\"description\" content=\"Major network carriers across North America are shutting down 3G cellular services. Is your fleet ready?\" \/>\n<meta name=\"robots\" content=\"index, follow, max-snippet:-1, max-image-preview:large, max-video-preview:-1\" \/>\n<link rel=\"canonical\" href=\"https:\/\/www.ftsgps.com\/fr\/centre-de-ressources-reseau\/\" \/>\n<meta property=\"og:locale\" content=\"fr_FR\" \/>\n<meta property=\"og:type\" content=\"article\" \/>\n<meta property=\"og:title\" content=\"Network Resource Center | FTSGPS\" \/>\n<meta property=\"og:description\" content=\"Major network carriers across North America are shutting down 3G cellular services. Is your fleet ready?\" \/>\n<meta property=\"og:url\" content=\"https:\/\/www.ftsgps.com\/fr\/centre-de-ressources-reseau\/\" \/>\n<meta property=\"og:site_name\" content=\"Forward Thinking Systems\" \/>\n<meta property=\"article:publisher\" content=\"https:\/\/www.facebook.com\/ftsGPS\/\" \/>\n<meta property=\"article:modified_time\" content=\"2023-03-29T07:50:33+00:00\" \/>\n<meta property=\"og:image\" content=\"https:\/\/www.ftsgps.com\/wp-content\/uploads\/2026\/02\/ForwardThinkingSystems.png\" \/>\n\t<meta property=\"og:image:width\" content=\"1200\" \/>\n\t<meta property=\"og:image:height\" content=\"675\" \/>\n\t<meta property=\"og:image:type\" content=\"image\/png\" \/>\n<meta name=\"twitter:card\" content=\"summary_large_image\" \/>\n<meta name=\"twitter:site\" content=\"@FTSGPS\" \/>\n<!-- \/ Yoast SEO plugin. -->","yoast_head_json":{"title":"Centre de ressources du r\u00e9seau | FTSGPS","description":"Les principaux op\u00e9rateurs de r\u00e9seaux d'Am\u00e9rique du Nord arr\u00eatent les services cellulaires 3G. Votre flotte est-elle pr\u00eate ?","robots":{"index":"index","follow":"follow","max-snippet":"max-snippet:-1","max-image-preview":"max-image-preview:large","max-video-preview":"max-video-preview:-1"},"canonical":"https:\/\/www.ftsgps.com\/fr\/centre-de-ressources-reseau\/","og_locale":"fr_FR","og_type":"article","og_title":"Network Resource Center | FTSGPS","og_description":"Major network carriers across North America are shutting down 3G cellular services. Is your fleet ready?","og_url":"https:\/\/www.ftsgps.com\/fr\/centre-de-ressources-reseau\/","og_site_name":"Forward Thinking Systems","article_publisher":"https:\/\/www.facebook.com\/ftsGPS\/","article_modified_time":"2023-03-29T07:50:33+00:00","og_image":[{"width":1200,"height":675,"url":"https:\/\/www.ftsgps.com\/wp-content\/uploads\/2026\/02\/ForwardThinkingSystems.png","type":"image\/png"}],"twitter_card":"summary_large_image","twitter_site":"@FTSGPS","schema":{"@context":"https:\/\/schema.org","@graph":[{"@type":"WebPage","@id":"https:\/\/www.ftsgps.com\/network-resource-center\/","url":"https:\/\/www.ftsgps.com\/network-resource-center\/","name":"Centre de ressources du r\u00e9seau | FTSGPS","isPartOf":{"@id":"https:\/\/www.ftsgps.com\/#website"},"datePublished":"2021-08-24T12:33:38+00:00","dateModified":"2023-03-29T07:50:33+00:00","description":"Les principaux op\u00e9rateurs de r\u00e9seaux d'Am\u00e9rique du Nord arr\u00eatent les services cellulaires 3G. Votre flotte est-elle pr\u00eate ?","inLanguage":"fr-FR","potentialAction":[{"@type":"ReadAction","target":["https:\/\/www.ftsgps.com\/network-resource-center\/"]}]},{"@type":"WebSite","@id":"https:\/\/www.ftsgps.com\/#website","url":"https:\/\/www.ftsgps.com\/","name":"Syst\u00e8mes de r\u00e9flexion prospective","description":"Garder une longueur d'avance sur les autres","publisher":{"@id":"https:\/\/www.ftsgps.com\/#organization"},"potentialAction":[{"@type":"SearchAction","target":{"@type":"EntryPoint","urlTemplate":"https:\/\/www.ftsgps.com\/?s={search_term_string}"},"query-input":{"@type":"PropertyValueSpecification","valueRequired":true,"valueName":"search_term_string"}}],"inLanguage":"fr-FR"},{"@type":"Organization","@id":"https:\/\/www.ftsgps.com\/#organization","name":"Syst\u00e8mes de r\u00e9flexion prospective","alternateName":"FTSGPS","url":"https:\/\/www.ftsgps.com\/","logo":{"@type":"ImageObject","inLanguage":"fr-FR","@id":"https:\/\/www.ftsgps.com\/#\/schema\/logo\/image\/","url":"https:\/\/www.ftsgps.com\/wp-content\/uploads\/2019\/07\/Forward-Thinking-Systems-logo.svg","contentUrl":"https:\/\/www.ftsgps.com\/wp-content\/uploads\/2019\/07\/Forward-Thinking-Systems-logo.svg","width":656,"height":129,"caption":"Forward Thinking Systems"},"image":{"@id":"https:\/\/www.ftsgps.com\/#\/schema\/logo\/image\/"},"sameAs":["https:\/\/www.facebook.com\/ftsGPS\/","https:\/\/x.com\/FTSGPS","https:\/\/www.linkedin.com\/company\/forward-thinking-systems"]}]}},"_links":{"self":[{"href":"https:\/\/www.ftsgps.com\/fr\/wp-json\/wp\/v2\/pages\/4443","targetHints":{"allow":["GET"]}}],"collection":[{"href":"https:\/\/www.ftsgps.com\/fr\/wp-json\/wp\/v2\/pages"}],"about":[{"href":"https:\/\/www.ftsgps.com\/fr\/wp-json\/wp\/v2\/types\/page"}],"author":[{"embeddable":true,"href":"https:\/\/www.ftsgps.com\/fr\/wp-json\/wp\/v2\/users\/3"}],"replies":[{"embeddable":true,"href":"https:\/\/www.ftsgps.com\/fr\/wp-json\/wp\/v2\/comments?post=4443"}],"version-history":[{"count":2,"href":"https:\/\/www.ftsgps.com\/fr\/wp-json\/wp\/v2\/pages\/4443\/revisions"}],"predecessor-version":[{"id":4498,"href":"https:\/\/www.ftsgps.com\/fr\/wp-json\/wp\/v2\/pages\/4443\/revisions\/4498"}],"wp:attachment":[{"href":"https:\/\/www.ftsgps.com\/fr\/wp-json\/wp\/v2\/media?parent=4443"}],"curies":[{"name":"wp","href":"https:\/\/api.w.org\/{rel}","templated":true}]}}