{"id":47,"date":"2019-07-25T20:14:18","date_gmt":"2019-07-26T00:14:18","guid":{"rendered":"https:\/\/www.ftsgps.com\/?page_id=47"},"modified":"2024-05-22T15:28:11","modified_gmt":"2024-05-22T19:28:11","slug":"donnees-avancees-iot","status":"publish","type":"page","link":"https:\/\/www.ftsgps.com\/fr\/solutions\/advanced-data-iot\/","title":{"rendered":"Donn\u00e9es avanc\u00e9es et capteurs de suivi IoT"},"content":{"rendered":"","protected":false},"excerpt":{"rendered":"","protected":false},"author":1,"featured_media":226,"parent":17,"menu_order":0,"comment_status":"closed","ping_status":"closed","template":"templates\/solutions-advanceddataiot.php","meta":{"_acf_changed":false,"content-type":"","footnotes":""},"class_list":["post-47","page","type-page","status-publish","has-post-thumbnail","hentry"],"acf":[],"yoast_head":"<!-- This site is optimized with the Yoast SEO plugin v27.3 - https:\/\/yoast.com\/product\/yoast-seo-wordpress\/ -->\n<title>Advanced Data &amp; IoT Tracking Sensors | FTSGPS<\/title>\n<meta name=\"description\" content=\"Gain an extra layer of insight with advanced data &amp; IoT tracking sensors to monitor real-time activity on temperature, doors, PTOs, meters, lights, and sirens.\" \/>\n<meta name=\"robots\" content=\"index, follow, max-snippet:-1, max-image-preview:large, max-video-preview:-1\" \/>\n<link rel=\"canonical\" href=\"https:\/\/www.ftsgps.com\/fr\/solutions\/donnees-avancees-iot\/\" \/>\n<meta property=\"og:locale\" content=\"fr_FR\" \/>\n<meta property=\"og:type\" content=\"article\" \/>\n<meta property=\"og:title\" content=\"Advanced Data &amp; IoT Tracking Sensors | FTSGPS\" \/>\n<meta property=\"og:description\" content=\"Gain an extra layer of insight with advanced data &amp; IoT tracking sensors to monitor real-time activity on temperature, doors, PTOs, meters, lights, and sirens.\" \/>\n<meta property=\"og:url\" content=\"https:\/\/www.ftsgps.com\/fr\/solutions\/donnees-avancees-iot\/\" \/>\n<meta property=\"og:site_name\" content=\"Forward Thinking Systems\" \/>\n<meta property=\"article:publisher\" content=\"https:\/\/www.facebook.com\/ftsGPS\/\" \/>\n<meta property=\"article:modified_time\" content=\"2024-05-22T19:28:11+00:00\" \/>\n<meta property=\"og:image\" content=\"https:\/\/www.ftsgps.com\/wp-content\/uploads\/2019\/09\/ambulance-track-lights-and-sirens.jpg\" \/>\n\t<meta property=\"og:image:width\" content=\"1366\" \/>\n\t<meta property=\"og:image:height\" content=\"768\" \/>\n\t<meta property=\"og:image:type\" content=\"image\/jpeg\" \/>\n<meta name=\"twitter:card\" content=\"summary_large_image\" \/>\n<meta name=\"twitter:site\" content=\"@FTSGPS\" \/>\n<!-- \/ Yoast SEO plugin. -->","yoast_head_json":{"title":"Donn\u00e9es avanc\u00e9es et capteurs de suivi IoT | FTSGPS","description":"B\u00e9n\u00e9ficiez d'une meilleure visibilit\u00e9 gr\u00e2ce aux donn\u00e9es avanc\u00e9es et aux capteurs de suivi IoT pour surveiller l'activit\u00e9 en temps r\u00e9el de la temp\u00e9rature, des portes, des prises de force, des compteurs, des lumi\u00e8res et des sir\u00e8nes.","robots":{"index":"index","follow":"follow","max-snippet":"max-snippet:-1","max-image-preview":"max-image-preview:large","max-video-preview":"max-video-preview:-1"},"canonical":"https:\/\/www.ftsgps.com\/fr\/solutions\/donnees-avancees-iot\/","og_locale":"fr_FR","og_type":"article","og_title":"Advanced Data & IoT Tracking Sensors | FTSGPS","og_description":"Gain an extra layer of insight with advanced data & IoT tracking sensors to monitor real-time activity on temperature, doors, PTOs, meters, lights, and sirens.","og_url":"https:\/\/www.ftsgps.com\/fr\/solutions\/donnees-avancees-iot\/","og_site_name":"Forward Thinking Systems","article_publisher":"https:\/\/www.facebook.com\/ftsGPS\/","article_modified_time":"2024-05-22T19:28:11+00:00","og_image":[{"width":1366,"height":768,"url":"https:\/\/www.ftsgps.com\/wp-content\/uploads\/2019\/09\/ambulance-track-lights-and-sirens.jpg","type":"image\/jpeg"}],"twitter_card":"summary_large_image","twitter_site":"@FTSGPS","schema":{"@context":"https:\/\/schema.org","@graph":[{"@type":"WebPage","@id":"https:\/\/www.ftsgps.com\/solutions\/advanced-data-iot\/","url":"https:\/\/www.ftsgps.com\/solutions\/advanced-data-iot\/","name":"Donn\u00e9es avanc\u00e9es et capteurs de suivi IoT | FTSGPS","isPartOf":{"@id":"https:\/\/www.ftsgps.com\/#website"},"primaryImageOfPage":{"@id":"https:\/\/www.ftsgps.com\/solutions\/advanced-data-iot\/#primaryimage"},"image":{"@id":"https:\/\/www.ftsgps.com\/solutions\/advanced-data-iot\/#primaryimage"},"thumbnailUrl":"https:\/\/www.ftsgps.com\/wp-content\/uploads\/2019\/09\/ambulance-track-lights-and-sirens.jpg","datePublished":"2019-07-26T00:14:18+00:00","dateModified":"2024-05-22T19:28:11+00:00","description":"B\u00e9n\u00e9ficiez d'une meilleure visibilit\u00e9 gr\u00e2ce aux donn\u00e9es avanc\u00e9es et aux capteurs de suivi IoT pour surveiller l'activit\u00e9 en temps r\u00e9el de la temp\u00e9rature, des portes, des prises de force, des compteurs, des lumi\u00e8res et des sir\u00e8nes.","breadcrumb":{"@id":"https:\/\/www.ftsgps.com\/solutions\/advanced-data-iot\/#breadcrumb"},"inLanguage":"fr-FR","potentialAction":[{"@type":"ReadAction","target":["https:\/\/www.ftsgps.com\/solutions\/advanced-data-iot\/"]}]},{"@type":"ImageObject","inLanguage":"fr-FR","@id":"https:\/\/www.ftsgps.com\/solutions\/advanced-data-iot\/#primaryimage","url":"https:\/\/www.ftsgps.com\/wp-content\/uploads\/2019\/09\/ambulance-track-lights-and-sirens.jpg","contentUrl":"https:\/\/www.ftsgps.com\/wp-content\/uploads\/2019\/09\/ambulance-track-lights-and-sirens.jpg","width":1366,"height":768,"caption":"Ambulance lights and sirens"},{"@type":"BreadcrumbList","@id":"https:\/\/www.ftsgps.com\/solutions\/advanced-data-iot\/#breadcrumb","itemListElement":[{"@type":"ListItem","position":1,"name":"Solutions","item":"https:\/\/www.ftsgps.com\/solutions\/"},{"@type":"ListItem","position":2,"name":"Advanced Data &amp; IoT Tracking Sensors"}]},{"@type":"WebSite","@id":"https:\/\/www.ftsgps.com\/#website","url":"https:\/\/www.ftsgps.com\/","name":"Syst\u00e8mes de r\u00e9flexion prospective","description":"Garder une longueur d'avance sur les autres","publisher":{"@id":"https:\/\/www.ftsgps.com\/#organization"},"potentialAction":[{"@type":"SearchAction","target":{"@type":"EntryPoint","urlTemplate":"https:\/\/www.ftsgps.com\/?s={search_term_string}"},"query-input":{"@type":"PropertyValueSpecification","valueRequired":true,"valueName":"search_term_string"}}],"inLanguage":"fr-FR"},{"@type":"Organization","@id":"https:\/\/www.ftsgps.com\/#organization","name":"Syst\u00e8mes de r\u00e9flexion prospective","alternateName":"FTSGPS","url":"https:\/\/www.ftsgps.com\/","logo":{"@type":"ImageObject","inLanguage":"fr-FR","@id":"https:\/\/www.ftsgps.com\/#\/schema\/logo\/image\/","url":"https:\/\/www.ftsgps.com\/wp-content\/uploads\/2019\/07\/Forward-Thinking-Systems-logo.svg","contentUrl":"https:\/\/www.ftsgps.com\/wp-content\/uploads\/2019\/07\/Forward-Thinking-Systems-logo.svg","width":656,"height":129,"caption":"Forward Thinking Systems"},"image":{"@id":"https:\/\/www.ftsgps.com\/#\/schema\/logo\/image\/"},"sameAs":["https:\/\/www.facebook.com\/ftsGPS\/","https:\/\/x.com\/FTSGPS","https:\/\/www.linkedin.com\/company\/forward-thinking-systems"]}]}},"_links":{"self":[{"href":"https:\/\/www.ftsgps.com\/fr\/wp-json\/wp\/v2\/pages\/47","targetHints":{"allow":["GET"]}}],"collection":[{"href":"https:\/\/www.ftsgps.com\/fr\/wp-json\/wp\/v2\/pages"}],"about":[{"href":"https:\/\/www.ftsgps.com\/fr\/wp-json\/wp\/v2\/types\/page"}],"author":[{"embeddable":true,"href":"https:\/\/www.ftsgps.com\/fr\/wp-json\/wp\/v2\/users\/1"}],"replies":[{"embeddable":true,"href":"https:\/\/www.ftsgps.com\/fr\/wp-json\/wp\/v2\/comments?post=47"}],"version-history":[{"count":2,"href":"https:\/\/www.ftsgps.com\/fr\/wp-json\/wp\/v2\/pages\/47\/revisions"}],"predecessor-version":[{"id":8730,"href":"https:\/\/www.ftsgps.com\/fr\/wp-json\/wp\/v2\/pages\/47\/revisions\/8730"}],"up":[{"embeddable":true,"href":"https:\/\/www.ftsgps.com\/fr\/wp-json\/wp\/v2\/pages\/17"}],"wp:featuredmedia":[{"embeddable":true,"href":"https:\/\/www.ftsgps.com\/fr\/wp-json\/wp\/v2\/media\/226"}],"wp:attachment":[{"href":"https:\/\/www.ftsgps.com\/fr\/wp-json\/wp\/v2\/media?parent=47"}],"curies":[{"name":"wp","href":"https:\/\/api.w.org\/{rel}","templated":true}]}}