{"id":49,"date":"2021-09-09T20:14:00","date_gmt":"2021-09-10T00:14:00","guid":{"rendered":"https:\/\/www.ftsgps.com\/?page_id=49"},"modified":"2026-04-24T15:26:07","modified_gmt":"2026-04-24T19:26:07","slug":"alertes-sur-lactivite-de-la-flotte","status":"publish","type":"page","link":"https:\/\/www.ftsgps.com\/fr\/solutions\/fleet-activity-alerts\/","title":{"rendered":"Alertes sur l'activit\u00e9 de la flotte"},"content":{"rendered":"","protected":false},"excerpt":{"rendered":"","protected":false},"author":1,"featured_media":0,"parent":17,"menu_order":0,"comment_status":"closed","ping_status":"closed","template":"templates\/solutions-activityalers.php","meta":{"_acf_changed":false,"content-type":"","footnotes":""},"class_list":["post-49","page","type-page","status-publish","hentry"],"acf":[],"yoast_head":"<!-- This site is optimized with the Yoast SEO plugin v27.5 - https:\/\/yoast.com\/product\/yoast-seo-wordpress\/ -->\n<title>Fleet Activity Alerts for Speed, Idling &amp; Geofencing | FTSGPS<\/title>\n<meta name=\"description\" content=\"Get instant alerts by email or text when drivers speed, idle too long, or leave a zone. Fully customizable thresholds \u2014 set once, monitor automatically.\" \/>\n<meta name=\"robots\" content=\"index, follow, max-snippet:-1, max-image-preview:large, max-video-preview:-1\" \/>\n<link rel=\"canonical\" href=\"https:\/\/www.ftsgps.com\/fr\/solutions\/alertes-sur-lactivite-de-la-flotte\/\" \/>\n<meta property=\"og:locale\" content=\"fr_FR\" \/>\n<meta property=\"og:type\" content=\"article\" \/>\n<meta property=\"og:title\" content=\"Fleet Activity Alerts for Speed, Idling &amp; Geofencing | FTSGPS\" \/>\n<meta property=\"og:description\" content=\"Get instant alerts by email or text when drivers speed, idle too long, or leave a zone. Fully customizable thresholds \u2014 set once, monitor automatically.\" \/>\n<meta property=\"og:url\" content=\"https:\/\/www.ftsgps.com\/fr\/solutions\/alertes-sur-lactivite-de-la-flotte\/\" \/>\n<meta property=\"og:site_name\" content=\"Forward Thinking Systems\" \/>\n<meta property=\"article:publisher\" content=\"https:\/\/www.facebook.com\/ftsGPS\/\" \/>\n<meta property=\"article:modified_time\" content=\"2026-04-24T19:26:07+00:00\" \/>\n<meta property=\"og:image\" content=\"https:\/\/www.ftsgps.com\/wp-content\/uploads\/2026\/02\/ForwardThinkingSystems.png\" \/>\n\t<meta property=\"og:image:width\" content=\"1200\" \/>\n\t<meta property=\"og:image:height\" content=\"675\" \/>\n\t<meta property=\"og:image:type\" content=\"image\/png\" \/>\n<meta name=\"twitter:card\" content=\"summary_large_image\" \/>\n<meta name=\"twitter:site\" content=\"@FTSGPS\" \/>\n<!-- \/ Yoast SEO plugin. -->","yoast_head_json":{"title":"Alertes d'activit\u00e9 de flotte pour la vitesse, le ralenti et la g\u00e9olocalisation | FTSGPS","description":"Recevez des alertes instantan\u00e9es par e-mail ou SMS lorsque les conducteurs d\u00e9passent la limite de vitesse, restent \u00e0 l'arr\u00eat trop longtemps ou quittent une zone. Seuils enti\u00e8rement personnalisables \u2014 d\u00e9finissez une fois, surveillez automatiquement.","robots":{"index":"index","follow":"follow","max-snippet":"max-snippet:-1","max-image-preview":"max-image-preview:large","max-video-preview":"max-video-preview:-1"},"canonical":"https:\/\/www.ftsgps.com\/fr\/solutions\/alertes-sur-lactivite-de-la-flotte\/","og_locale":"fr_FR","og_type":"article","og_title":"Fleet Activity Alerts for Speed, Idling & Geofencing | FTSGPS","og_description":"Get instant alerts by email or text when drivers speed, idle too long, or leave a zone. Fully customizable thresholds \u2014 set once, monitor automatically.","og_url":"https:\/\/www.ftsgps.com\/fr\/solutions\/alertes-sur-lactivite-de-la-flotte\/","og_site_name":"Forward Thinking Systems","article_publisher":"https:\/\/www.facebook.com\/ftsGPS\/","article_modified_time":"2026-04-24T19:26:07+00:00","og_image":[{"width":1200,"height":675,"url":"https:\/\/www.ftsgps.com\/wp-content\/uploads\/2026\/02\/ForwardThinkingSystems.png","type":"image\/png"}],"twitter_card":"summary_large_image","twitter_site":"@FTSGPS","schema":{"@context":"https:\/\/schema.org","@graph":[{"@type":"WebPage","@id":"https:\/\/www.ftsgps.com\/solutions\/fleet-activity-alerts\/","url":"https:\/\/www.ftsgps.com\/solutions\/fleet-activity-alerts\/","name":"Alertes d'activit\u00e9 de flotte pour la vitesse, le ralenti et la g\u00e9olocalisation | FTSGPS","isPartOf":{"@id":"https:\/\/www.ftsgps.com\/#website"},"datePublished":"2021-09-10T00:14:00+00:00","dateModified":"2026-04-24T19:26:07+00:00","description":"Recevez des alertes instantan\u00e9es par e-mail ou SMS lorsque les conducteurs d\u00e9passent la limite de vitesse, restent \u00e0 l'arr\u00eat trop longtemps ou quittent une zone. Seuils enti\u00e8rement personnalisables \u2014 d\u00e9finissez une fois, surveillez automatiquement.","breadcrumb":{"@id":"https:\/\/www.ftsgps.com\/solutions\/fleet-activity-alerts\/#breadcrumb"},"inLanguage":"fr-FR","potentialAction":[{"@type":"ReadAction","target":["https:\/\/www.ftsgps.com\/solutions\/fleet-activity-alerts\/"]}]},{"@type":"BreadcrumbList","@id":"https:\/\/www.ftsgps.com\/solutions\/fleet-activity-alerts\/#breadcrumb","itemListElement":[{"@type":"ListItem","position":1,"name":"Solutions","item":"https:\/\/www.ftsgps.com\/solutions\/"},{"@type":"ListItem","position":2,"name":"Fleet Activity Alerts"}]},{"@type":"WebSite","@id":"https:\/\/www.ftsgps.com\/#website","url":"https:\/\/www.ftsgps.com\/","name":"Syst\u00e8mes de r\u00e9flexion prospective","description":"Garder une longueur d'avance sur les autres","publisher":{"@id":"https:\/\/www.ftsgps.com\/#organization"},"potentialAction":[{"@type":"SearchAction","target":{"@type":"EntryPoint","urlTemplate":"https:\/\/www.ftsgps.com\/?s={search_term_string}"},"query-input":{"@type":"PropertyValueSpecification","valueRequired":true,"valueName":"search_term_string"}}],"inLanguage":"fr-FR"},{"@type":"Organization","@id":"https:\/\/www.ftsgps.com\/#organization","name":"Syst\u00e8mes de r\u00e9flexion prospective","alternateName":"FTSGPS","url":"https:\/\/www.ftsgps.com\/","logo":{"@type":"ImageObject","inLanguage":"fr-FR","@id":"https:\/\/www.ftsgps.com\/#\/schema\/logo\/image\/","url":"https:\/\/www.ftsgps.com\/wp-content\/uploads\/2019\/07\/Forward-Thinking-Systems-logo.svg","contentUrl":"https:\/\/www.ftsgps.com\/wp-content\/uploads\/2019\/07\/Forward-Thinking-Systems-logo.svg","width":656,"height":129,"caption":"Forward Thinking Systems"},"image":{"@id":"https:\/\/www.ftsgps.com\/#\/schema\/logo\/image\/"},"sameAs":["https:\/\/www.facebook.com\/ftsGPS\/","https:\/\/x.com\/FTSGPS","https:\/\/www.linkedin.com\/company\/forward-thinking-systems"]}]}},"_links":{"self":[{"href":"https:\/\/www.ftsgps.com\/fr\/wp-json\/wp\/v2\/pages\/49","targetHints":{"allow":["GET"]}}],"collection":[{"href":"https:\/\/www.ftsgps.com\/fr\/wp-json\/wp\/v2\/pages"}],"about":[{"href":"https:\/\/www.ftsgps.com\/fr\/wp-json\/wp\/v2\/types\/page"}],"author":[{"embeddable":true,"href":"https:\/\/www.ftsgps.com\/fr\/wp-json\/wp\/v2\/users\/1"}],"replies":[{"embeddable":true,"href":"https:\/\/www.ftsgps.com\/fr\/wp-json\/wp\/v2\/comments?post=49"}],"version-history":[{"count":3,"href":"https:\/\/www.ftsgps.com\/fr\/wp-json\/wp\/v2\/pages\/49\/revisions"}],"predecessor-version":[{"id":10239,"href":"https:\/\/www.ftsgps.com\/fr\/wp-json\/wp\/v2\/pages\/49\/revisions\/10239"}],"up":[{"embeddable":true,"href":"https:\/\/www.ftsgps.com\/fr\/wp-json\/wp\/v2\/pages\/17"}],"wp:attachment":[{"href":"https:\/\/www.ftsgps.com\/fr\/wp-json\/wp\/v2\/media?parent=49"}],"curies":[{"name":"wp","href":"https:\/\/api.w.org\/{rel}","templated":true}]}}