{"id":8794,"date":"2024-06-25T09:16:02","date_gmt":"2024-06-25T13:16:02","guid":{"rendered":"https:\/\/www.ftsgps.com\/?page_id=8794"},"modified":"2024-06-28T10:21:42","modified_gmt":"2024-06-28T14:21:42","slug":"laccessibilite","status":"publish","type":"page","link":"https:\/\/www.ftsgps.com\/fr\/accessibility\/","title":{"rendered":"Accessibilit\u00e9"},"content":{"rendered":"<h1 class=\"wp-block-heading\">D\u00e9claration d'accessibilit\u00e9 pour Forward Thinking Systems<\/h1>\n\n\n\n<p>Il s'agit d'une d\u00e9claration d'accessibilit\u00e9 de Forward Thinking Systems LLC, une soci\u00e9t\u00e9 \u00e0 responsabilit\u00e9 limit\u00e9e de New York.<br>(\"Forward Thinking Systems\"). Forward Thinking Systems s'engage \u00e0<br>garantir l'accessibilit\u00e9 du web \u00e0 tous les individus, quelles que soient leurs capacit\u00e9s. Nous sommes profond\u00e9ment<br>s'engage \u00e0 fournir une exp\u00e9rience en ligne inclusive pour tous nos utilisateurs. Nous y sommes parvenus<br>en appliquant les normes d'accessibilit\u00e9 de niveau AA d\u00e9finies dans les WCAG 2.1, comme indiqu\u00e9 ci-dessous.<\/p>\n\n\n\n<h3 class=\"wp-block-heading\">Mesures en faveur de l'accessibilit\u00e9<\/h3>\n\n\n\n<p>Forward Thinking Systems prend les mesures suivantes pour garantir l'accessibilit\u00e9 des informations suivantes<br>www.ftsgps.com :<\/p>\n\n\n\n<ul class=\"wp-block-list\">\n<li>Attribuer des objectifs et des responsabilit\u00e9s clairs en mati\u00e8re d'accessibilit\u00e9,<\/li>\n\n\n\n<li>Utiliser des m\u00e9thodes formelles d'assurance de la qualit\u00e9 de l'accessibilit\u00e9,<\/li>\n<\/ul>\n\n\n\n<h3 class=\"wp-block-heading\">\u00c9tat de conformit\u00e9<\/h3>\n\n\n\n<p>Les lignes directrices pour l'accessibilit\u00e9 des contenus web (WCAG) d\u00e9finissent des exigences pour les concepteurs et les utilisateurs de sites web.<br>afin d'am\u00e9liorer l'accessibilit\u00e9 pour les personnes handicap\u00e9es. Elle d\u00e9finit trois niveaux de<br>conformit\u00e9 : Niveau A, Niveau AA et Niveau AAA. Forward Thinking Systems est enti\u00e8rement<br>conforme aux WCAG 2.1 niveau AA. Le terme \"enti\u00e8rement conforme\" signifie que le contenu est enti\u00e8rement conforme<br>\u00e0 la norme d'accessibilit\u00e9 sans aucune exception.<\/p>\n\n\n\n<h3 class=\"wp-block-heading\">Retour d'information<\/h3>\n\n\n\n<p>Vos commentaires sur l'accessibilit\u00e9 de Forward Thinking Systems sont les bienvenus. Veuillez nous faire part de vos commentaires sur l'accessibilit\u00e9 de Forward Thinking Systems.<br>si vous rencontrez des obstacles \u00e0 l'accessibilit\u00e9 sur le site Forward Thinking Systems :<\/p>\n\n\n\n<ul class=\"wp-block-list\">\n<li>Courriel : accessibility@ftsgps.com,<\/li>\n\n\n\n<li>Adresse postale : 575 Jericho Turnpike, Suite 301, Jericho NY, 11753,<\/li>\n\n\n\n<li>Nous nous effor\u00e7ons de r\u00e9pondre aux commentaires dans les 5 jours ouvrables,<\/li>\n<\/ul>\n\n\n\n<h3 class=\"wp-block-heading\">Compatibilit\u00e9 avec les navigateurs et les technologies d'assistance<\/h3>\n\n\n\n<p>Forward Thinking Systems est con\u00e7u pour \u00eatre compatible avec les syst\u00e8mes d'assistance suivants<br>technologies :<\/p>\n\n\n\n<ul class=\"wp-block-list\">\n<li>Navigateurs web courants dot\u00e9s de technologies d'assistance (lecteurs d'\u00e9cran, etc.) qui prennent en charge les \u00e9l\u00e9ments suivants <br>HTML, CSS et JavaScript sur Windows, MacOS, Linux, iOS et Android<\/li>\n<\/ul>\n\n\n\n<p>Forward Thinking Systems n'est pas compatible avec :<\/p>\n\n\n\n<ul class=\"wp-block-list\">\n<li>Les navigateurs de plus de 3 versions majeures ou les syst\u00e8mes d'exploitation mobiles de plus de 5 ans peuvent<br>ne pas \u00eatre soutenu<\/li>\n<\/ul>\n\n\n\n<h3 class=\"wp-block-heading\">Sp\u00e9cifications techniques<\/h3>\n\n\n\n<p>L'accessibilit\u00e9 des syst\u00e8mes de r\u00e9flexion prospective repose sur les technologies suivantes pour fonctionner avec les syst\u00e8mes de r\u00e9flexion prospective.<br>une combinaison particuli\u00e8re de navigateur web et de technologies d'assistance ou de plugins install\u00e9s sur l'ordinateur de l'utilisateur<br>votre ordinateur :<\/p>\n\n\n\n<ul class=\"wp-block-list\">\n<li>HTML<\/li>\n\n\n\n<li>WAI-ARIA<\/li>\n\n\n\n<li>CSS<\/li>\n\n\n\n<li>JavaScript<\/li>\n<\/ul>\n\n\n\n<p>On s'appuie sur ces technologies pour assurer la conformit\u00e9 aux normes d'accessibilit\u00e9 utilis\u00e9es.<\/p>\n\n\n\n<h3 class=\"wp-block-heading\">Approche de l'\u00e9valuation<\/h3>\n\n\n\n<p>Forward Thinking Systems a \u00e9valu\u00e9 l'accessibilit\u00e9 du site www.ftsgps.com en fonction des \u00e9l\u00e9ments suivants<br>approches :<\/p>\n\n\n\n<ul class=\"wp-block-list\">\n<li>Outils tiers de contr\u00f4le de l'accessibilit\u00e9<\/li>\n\n\n\n<li>Rapports g\u00e9n\u00e9r\u00e9s par des tiers<\/li>\n\n\n\n<li>Auto-\u00e9valuation<\/li>\n<\/ul>\n\n\n\n<h3 class=\"wp-block-heading\">Plaintes formelles<\/h3>\n\n\n\n<p>Nous nous effor\u00e7ons de r\u00e9pondre aux commentaires sur l'accessibilit\u00e9 dans un d\u00e9lai de 5 jours ouvrables et de proposer une solution.<br>dans un d\u00e9lai de 10 jours ouvrables. Vous avez le droit d'adresser une plainte \u00e0 l'autorit\u00e9 nationale, si<br>si vous n'\u00eates pas satisfait de la r\u00e9ponse que nous vous avons apport\u00e9e.<\/p>\n\n\n\n<h3 class=\"wp-block-heading\">Date <\/h3>\n\n\n\n<p>Cette d\u00e9claration a \u00e9t\u00e9 cr\u00e9\u00e9e le 23 mai 2024.<\/p>","protected":false},"excerpt":{"rendered":"<p>D\u00e9claration d'accessibilit\u00e9 pour Forward Thinking Systems Ceci est une d\u00e9claration d'accessibilit\u00e9 de Forward Thinking Systems LLC, une soci\u00e9t\u00e9 \u00e0 responsabilit\u00e9 limit\u00e9e de New York (\"Forward Thinking Systems\"). Forward Thinking Systems s'engage \u00e0 garantir l'accessibilit\u00e9 du web \u00e0 tous les individus, quelles que soient leurs capacit\u00e9s. Nous sommes profond\u00e9ment engag\u00e9s \u00e0 offrir une exp\u00e9rience en ligne inclusive \u00e0 tous nos utilisateurs. Nous avons atteint [...]<\/p>","protected":false},"author":3,"featured_media":0,"parent":0,"menu_order":0,"comment_status":"closed","ping_status":"closed","template":"templates\/page-privacy-policy.php","meta":{"_acf_changed":false,"content-type":"","footnotes":""},"class_list":["post-8794","page","type-page","status-publish","hentry"],"acf":[],"yoast_head":"<!-- This site is optimized with the Yoast SEO plugin v27.5 - https:\/\/yoast.com\/product\/yoast-seo-wordpress\/ -->\n<title>Accessibility<\/title>\n<meta name=\"robots\" content=\"index, follow, max-snippet:-1, max-image-preview:large, max-video-preview:-1\" \/>\n<link rel=\"canonical\" href=\"https:\/\/www.ftsgps.com\/fr\/laccessibilite\/\" \/>\n<meta property=\"og:locale\" content=\"fr_FR\" \/>\n<meta property=\"og:type\" content=\"article\" \/>\n<meta property=\"og:title\" content=\"Accessibility\" \/>\n<meta property=\"og:description\" content=\"Accessibility Statement for Forward Thinking Systems This is an accessibility statement from Forward Thinking Systems LLC, a New York limitedliability company (\u201cForward Thinking Systems\u201d). Forward Thinking Systems is committed toensuring web accessibility to all individuals, regardless of their abilities. We are deeplycommitted to providing an inclusive online experience for all our users. We have achieved&hellip;\" \/>\n<meta property=\"og:url\" content=\"https:\/\/www.ftsgps.com\/fr\/laccessibilite\/\" \/>\n<meta property=\"og:site_name\" content=\"Forward Thinking Systems\" \/>\n<meta property=\"article:publisher\" content=\"https:\/\/www.facebook.com\/ftsGPS\/\" \/>\n<meta property=\"article:modified_time\" content=\"2024-06-28T14:21:42+00:00\" \/>\n<meta property=\"og:image\" content=\"https:\/\/www.ftsgps.com\/wp-content\/uploads\/2026\/02\/ForwardThinkingSystems.png\" \/>\n\t<meta property=\"og:image:width\" content=\"1200\" \/>\n\t<meta property=\"og:image:height\" content=\"675\" \/>\n\t<meta property=\"og:image:type\" content=\"image\/png\" \/>\n<meta name=\"twitter:card\" content=\"summary_large_image\" \/>\n<meta name=\"twitter:site\" content=\"@FTSGPS\" \/>\n<meta name=\"twitter:label1\" content=\"Dur\u00e9e de lecture estim\u00e9e\" \/>\n\t<meta name=\"twitter:data1\" content=\"2 minutes\" \/>\n<!-- \/ Yoast SEO plugin. -->","yoast_head_json":{"title":"Accessibilit\u00e9","robots":{"index":"index","follow":"follow","max-snippet":"max-snippet:-1","max-image-preview":"max-image-preview:large","max-video-preview":"max-video-preview:-1"},"canonical":"https:\/\/www.ftsgps.com\/fr\/laccessibilite\/","og_locale":"fr_FR","og_type":"article","og_title":"Accessibility","og_description":"Accessibility Statement for Forward Thinking Systems This is an accessibility statement from Forward Thinking Systems LLC, a New York limitedliability company (\u201cForward Thinking Systems\u201d). Forward Thinking Systems is committed toensuring web accessibility to all individuals, regardless of their abilities. We are deeplycommitted to providing an inclusive online experience for all our users. We have achieved&hellip;","og_url":"https:\/\/www.ftsgps.com\/fr\/laccessibilite\/","og_site_name":"Forward Thinking Systems","article_publisher":"https:\/\/www.facebook.com\/ftsGPS\/","article_modified_time":"2024-06-28T14:21:42+00:00","og_image":[{"width":1200,"height":675,"url":"https:\/\/www.ftsgps.com\/wp-content\/uploads\/2026\/02\/ForwardThinkingSystems.png","type":"image\/png"}],"twitter_card":"summary_large_image","twitter_site":"@FTSGPS","twitter_misc":{"Dur\u00e9e de lecture estim\u00e9e":"2 minutes"},"schema":{"@context":"https:\/\/schema.org","@graph":[{"@type":"WebPage","@id":"https:\/\/www.ftsgps.com\/accessibility\/","url":"https:\/\/www.ftsgps.com\/accessibility\/","name":"Accessibilit\u00e9","isPartOf":{"@id":"https:\/\/www.ftsgps.com\/#website"},"datePublished":"2024-06-25T13:16:02+00:00","dateModified":"2024-06-28T14:21:42+00:00","inLanguage":"fr-FR","potentialAction":[{"@type":"ReadAction","target":["https:\/\/www.ftsgps.com\/accessibility\/"]}]},{"@type":"WebSite","@id":"https:\/\/www.ftsgps.com\/#website","url":"https:\/\/www.ftsgps.com\/","name":"Syst\u00e8mes de r\u00e9flexion prospective","description":"Garder une longueur d'avance sur les autres","publisher":{"@id":"https:\/\/www.ftsgps.com\/#organization"},"potentialAction":[{"@type":"SearchAction","target":{"@type":"EntryPoint","urlTemplate":"https:\/\/www.ftsgps.com\/?s={search_term_string}"},"query-input":{"@type":"PropertyValueSpecification","valueRequired":true,"valueName":"search_term_string"}}],"inLanguage":"fr-FR"},{"@type":"Organization","@id":"https:\/\/www.ftsgps.com\/#organization","name":"Syst\u00e8mes de r\u00e9flexion prospective","alternateName":"FTSGPS","url":"https:\/\/www.ftsgps.com\/","logo":{"@type":"ImageObject","inLanguage":"fr-FR","@id":"https:\/\/www.ftsgps.com\/#\/schema\/logo\/image\/","url":"https:\/\/www.ftsgps.com\/wp-content\/uploads\/2019\/07\/Forward-Thinking-Systems-logo.svg","contentUrl":"https:\/\/www.ftsgps.com\/wp-content\/uploads\/2019\/07\/Forward-Thinking-Systems-logo.svg","width":656,"height":129,"caption":"Forward Thinking Systems"},"image":{"@id":"https:\/\/www.ftsgps.com\/#\/schema\/logo\/image\/"},"sameAs":["https:\/\/www.facebook.com\/ftsGPS\/","https:\/\/x.com\/FTSGPS","https:\/\/www.linkedin.com\/company\/forward-thinking-systems"]}]}},"_links":{"self":[{"href":"https:\/\/www.ftsgps.com\/fr\/wp-json\/wp\/v2\/pages\/8794","targetHints":{"allow":["GET"]}}],"collection":[{"href":"https:\/\/www.ftsgps.com\/fr\/wp-json\/wp\/v2\/pages"}],"about":[{"href":"https:\/\/www.ftsgps.com\/fr\/wp-json\/wp\/v2\/types\/page"}],"author":[{"embeddable":true,"href":"https:\/\/www.ftsgps.com\/fr\/wp-json\/wp\/v2\/users\/3"}],"replies":[{"embeddable":true,"href":"https:\/\/www.ftsgps.com\/fr\/wp-json\/wp\/v2\/comments?post=8794"}],"version-history":[{"count":5,"href":"https:\/\/www.ftsgps.com\/fr\/wp-json\/wp\/v2\/pages\/8794\/revisions"}],"predecessor-version":[{"id":8800,"href":"https:\/\/www.ftsgps.com\/fr\/wp-json\/wp\/v2\/pages\/8794\/revisions\/8800"}],"wp:attachment":[{"href":"https:\/\/www.ftsgps.com\/fr\/wp-json\/wp\/v2\/media?parent=8794"}],"curies":[{"name":"wp","href":"https:\/\/api.w.org\/{rel}","templated":true}]}}