{"id":8936,"date":"2024-08-30T10:47:07","date_gmt":"2024-08-30T14:47:07","guid":{"rendered":"https:\/\/www.ftsgps.com\/?page_id=8936"},"modified":"2024-09-06T10:19:28","modified_gmt":"2024-09-06T14:19:28","slug":"conditions-de-circulation","status":"publish","type":"page","link":"https:\/\/www.ftsgps.com\/fr\/legal\/flow-thru-terms\/","title":{"rendered":"Syst\u00e8mes de r\u00e9flexion prospective Termes de circulation"},"content":{"rendered":"<h2 class=\"wp-block-heading\">Syst\u00e8mes de r\u00e9flexion prospective Termes de circulation<\/h2>\n\n\n\n<p>En acceptant les conditions d'utilisation de Forward Thinking Systems (\"FTS\") (situ\u00e9es \u00e0 l'adresse : <a href=\"https:\/\/www.ftsgps.com\/fr\/juridique\/conditions-de-service\/\">https:\/\/www.ftsgps.com\/legal\/terms-of-service\/<\/a>), l'utilisateur accepte et reconna\u00eet que les services fournis par FTS en vertu des pr\u00e9sentes peuvent \u00eatre soumis \u00e0 certaines exigences et conditions de tiers, qui peuvent \u00eatre amend\u00e9es, modifi\u00e9es et remplac\u00e9es de temps \u00e0 autre (ces exigences et conditions, telles qu'amend\u00e9es, modifi\u00e9es ou remplac\u00e9es de temps \u00e0 autre, les \"conditions FlowThru\"). L'utilisateur accepte de se conformer et de faire en sorte que tous les utilisateurs autoris\u00e9s (tels que d\u00e9finis ici) se conforment \u00e0 toutes les conditions FlowThru suivantes. L'utilisateur veillera \u00e0 ce que chacun de ses utilisateurs autoris\u00e9s respecte et accepte les conditions de FlowThru. L'utilisateur est responsable de toute violation des conditions de FlowThru par ses utilisateurs autoris\u00e9s.<\/p>\n\n\n\n<figure class=\"wp-block-table\"><table><tbody><tr><td><strong>Tiers<\/strong><\/td><td><strong>Lien vers les conditions g\u00e9n\u00e9rales<\/strong><\/td><\/tr><tr><td>Amazon Web Services<\/td><td><a href=\"https:\/\/aws.amazon.com\/service-terms\/\">https:\/\/aws.amazon.com\/service-terms\/<\/a><\/td><\/tr><tr><td>O\u00f9 que ce soit<\/td><td><a href=\"https:\/\/shop.bewhere.com\/pages\/terms-conditions\">https:\/\/shop.bewhere.com\/pages\/terms-conditions<\/a><\/td><\/tr><tr><td>Cradlepoint<\/td><td><a href=\"https:\/\/cradlepoint.com\/legal\/end-user-agreement\/\">https:\/\/cradlepoint.com\/legal\/end-user-agreement\/<\/a><\/td><\/tr><tr><td>Geotab<\/td><td><a href=\"https:\/\/www.geotab.com\/legal\/end-user-agreement\/\">https:\/\/www.geotab.com\/legal\/end-user-agreement\/<\/a><\/td><\/tr><tr><td>Google Cloud<\/td><td><a href=\"https:\/\/cloud.google.com\/terms\/aup\">https:\/\/cloud.google.com\/terms\/aup<\/a><\/td><\/tr><tr><td>Google Maps<\/td><td><a href=\"https:\/\/cloud.google.com\/maps-platform\/terms\">https:\/\/cloud.google.com\/maps-platform\/terms<\/a><\/td><\/tr><tr><td>Cartes ici<\/td><td><a href=\"https:\/\/legal.here.com\/us-en\/terms\">https:\/\/legal.here.com\/us-en\/terms<\/a><\/td><\/tr><tr><td>Motionpoint<\/td><td><a href=\"https:\/\/www.motionpoint.com\/company\/terms-and-conditions\/\">https:\/\/www.motionpoint.com\/company\/terms-and-conditions\/<\/a><\/td><\/tr><tr><td>Okta<\/td><td><a href=\"https:\/\/www.okta.com\/terms-of-service\/\">https:\/\/www.okta.com\/terms-of-service\/<\/a><\/td><\/tr><tr><td>M\u00e9t\u00e9o ouverte<\/td><td><a href=\"https:\/\/openweathermap.org\/storage\/app\/media\/ow_end_user_license.pdf\">https:\/\/openweathermap.org\/storage\/app\/media\/ow_end_user_license.pdf<\/a><\/td><\/tr><tr><td>Promiles<\/td><td><a href=\"https:\/\/admin.promiles.com\/Company\/Terms.asp\">https:\/\/admin.promiles.com\/Company\/Terms.asp<\/a><\/td><\/tr><tr><td>Rayure<\/td><td><a href=\"https:\/\/stripe.com\/legal\/ssa\">https:\/\/stripe.com\/legal\/ssa<\/a><\/td><\/tr><tr><td>Twilio<\/td><td><a href=\"https:\/\/www.twilio.com\/en-us\/legal\/service-country-specific-terms\/email\">https:\/\/www.twilio.com\/en-us\/legal\/service-country-specific-terms\/email<\/a><\/td><\/tr><tr><td>Wasabi Technologies<\/td><td><a href=\"https:\/\/wasabi.com\/legal\/terms-of-use\">https:\/\/wasabi.com\/legal\/terms-of-use<\/a><\/td><\/tr><\/tbody><\/table><\/figure>\n\n\n\n<div style=\"height:50px\" aria-hidden=\"true\" class=\"wp-block-spacer\"><\/div>\n\n\n\n<h3 class=\"wp-block-heading\"><strong>LES CONDITIONS SUPPL\u00c9MENTAIRES S'APPLIQUENT SI L'UTILISATEUR UTILISE LE WI-FI SUR UN \u00c9QUIPEMENT FTS :<\/strong><\/h3>\n\n\n\n<ol class=\"wp-block-list\">\n<li>L'utilisateur reconna\u00eet que la connectivit\u00e9 Internet disponible via le Wi-Fi est fournie par nos op\u00e9rateurs de communication sans fil tiers.<\/li>\n\n\n\n<li>L'utilisateur est seul responsable de la configuration et de toute utilisation, incapacit\u00e9 d'utilisation ou mauvaise utilisation du Wi-Fi, y compris, sans limitation, la configuration des param\u00e8tres de s\u00e9curit\u00e9 pour le Wi-Fi, et de tout appareil connect\u00e9 \u00e0 l'aide du Wi-Fi et de toutes les donn\u00e9es et mat\u00e9riaux que vous envoyez ou recevez \u00e0 l'aide du Wi-Fi.<\/li>\n\n\n\n<li>Si l'utilisateur permet \u00e0 une autre personne d'utiliser le Wi-Fi, il reste responsable de cette utilisation et du respect des pr\u00e9sentes conditions. L'utilisateur ne doit pas revendre le Wi-Fi.<\/li>\n\n\n\n<li>L'utilisateur ne doit pas :\n<ol class=\"wp-block-list\" style=\"list-style-type:lower-alpha\">\n<li>d'utiliser le Wi-Fi de fa\u00e7on abusive, de mani\u00e8re \u00e0 provoquer directement ou indirectement des interruptions, des interf\u00e9rences, des perturbations ou des pertes, \u00e0 nuire \u00e0 d'autres personnes ou \u00e0 causer un trafic excessif, d\u00e9raisonnable ou disproportionn\u00e9 ou un encombrement du r\u00e9seau ;<\/li>\n\n\n\n<li>interf\u00e9rer, violer, infiltrer ou compromettre l'int\u00e9grit\u00e9 ou la s\u00e9curit\u00e9 de tout service ou ressource, y compris l'acc\u00e8s non autoris\u00e9 ou l'utilisation de tout mot de passe, syst\u00e8me, donn\u00e9e ou information ;<\/li>\n\n\n\n<li>effectuer ou simuler des sondages de s\u00e9curit\u00e9, des balayages de ports, des br\u00e8ches de s\u00e9curit\u00e9, des attaques par d\u00e9ni de service ou tout autre test ou piratage similaire ;<\/li>\n\n\n\n<li>en transmettre :\n<ol class=\"wp-block-list\" style=\"list-style-type:lower-roman\">\n<li>le mat\u00e9riel offensant, abusif, frauduleux, mena\u00e7ant, diffamatoire, pornographique, obsc\u00e8ne ou autrement r\u00e9pr\u00e9hensible ;<\/li>\n\n\n\n<li>message commercial non sollicit\u00e9, appel vocal ou t\u00e9l\u00e9copie, sauf dans la mesure o\u00f9 vous vous \u00eates conform\u00e9 \u00e0 toutes les lois applicables en la mati\u00e8re ; ou<\/li>\n\n\n\n<li>un virus, un cheval de Troie, une porte d\u00e9rob\u00e9e, un bot, un script ou un \u00e9l\u00e9ment similaire ; ou<\/li>\n<\/ol>\n<\/li>\n\n\n\n<li>de tenter, d'autoriser, de provoquer, de permettre ou d'encourager toute autre personne \u00e0 faire ce qui pr\u00e9c\u00e8de.<\/li>\n<\/ol>\n<\/li>\n\n\n\n<li>Si l'utilisateur utilise le Wi-Fi pour connecter une application ou un appareil qui utilise la voix sur Internet ou un protocole similaire, l'utilisateur comprend et accepte que FTS n'est pas responsable et n'aura aucune responsabilit\u00e9 pour toute interruption ou erreur d'appel, y compris tout appel au 911 ou \u00e0 un num\u00e9ro d'urgence similaire, ou la fourniture de toute information de localisation en relation avec de tels appels.<\/li>\n\n\n\n<li>L'utilisateur reconna\u00eet que le Wi-Fi est fourni \"en l'\u00e9tat\" et \"selon la disponibilit\u00e9\" et assume tous les risques d\u00e9coulant de ou li\u00e9s \u00e0 l'utilisation, l'incapacit\u00e9 d'utiliser ou la mauvaise utilisation du Wi-Fi par l'utilisateur. Sans limiter la g\u00e9n\u00e9ralit\u00e9 de ce qui pr\u00e9c\u00e8de, l'utilisateur est seul responsable de, et FTS n'aura aucune responsabilit\u00e9 ou obligation d\u00e9coulant de ou li\u00e9e \u00e0 :\n<ol class=\"wp-block-list\" style=\"list-style-type:lower-alpha\">\n<li>la d\u00e9faillance ou l'incapacit\u00e9 d'utiliser tout appareil connect\u00e9 par Wi-Fi et utilis\u00e9 pour se conformer \u00e0 la l\u00e9gislation ou \u00e0 la r\u00e9glementation en vigueur, y compris, mais sans s'y limiter, les dispositifs d'enregistrement \u00e9lectronique ou autres dispositifs utilis\u00e9s pour se conformer aux exigences en mati\u00e8re d'heures de service, et tous les co\u00fbts, amendes ou p\u00e9nalit\u00e9s qui en r\u00e9sultent ; ou<\/li>\n\n\n\n<li>la corruption, l'interruption ou l'incapacit\u00e9 d'envoyer ou de recevoir des transmissions ou des communications (y compris, mais sans s'y limiter, des courriers \u00e9lectroniques) par l'interm\u00e9diaire du Wi-Fi.<\/li>\n<\/ol>\n<\/li>\n\n\n\n<li>L'utilisateur indemnisera et d\u00e9gagera FTS de toute responsabilit\u00e9 en cas de r\u00e9clamation, cause d'action, perte, d\u00e9pense, responsabilit\u00e9 ou dommage d\u00e9coulant ou li\u00e9, directement ou indirectement, \u00e0 l'utilisation, \u00e0 la mauvaise utilisation ou \u00e0 l'incapacit\u00e9 d'utiliser le Wi-Fi par l'utilisateur ou un tiers, y compris, sans limitation, tout manquement de l'utilisateur ou d'un tiers au respect des pr\u00e9sentes conditions.<\/li>\n\n\n\n<li>FTS se r\u00e9serve le droit de limiter, de suspendre ou de r\u00e9silier le Wi-Fi sans pr\u00e9avis ni responsabilit\u00e9 : (a) en cas de non-respect des pr\u00e9sentes conditions ; ou (b) conform\u00e9ment \u00e0 nos pratiques de gestion du r\u00e9seau, y compris, sans s'y limiter, pour appliquer des plafonds ou des limitations d'utilisation des donn\u00e9es ou pour la gestion de la bande passante.<\/li>\n<\/ol>\n\n\n\n<p class=\"has-small-font-size\">Derni\u00e8re modification le 31 juillet 2024<\/p>","protected":false},"excerpt":{"rendered":"<p>Forward Thinking Systems Flow Thru Terms By accepting the Forward Thinking Systems (\u201cFTS\u201d) User Terms of Service (located at: https:\/\/www.ftsgps.com\/legal\/terms-of-service\/), User agrees and acknowledges that the Services provided by FTS hereunder may be subject to certain requirements and terms of third parties, which may be amended, modified, and substituted from time to time (such requirements&hellip;<\/p>","protected":false},"author":3,"featured_media":0,"parent":8470,"menu_order":0,"comment_status":"closed","ping_status":"closed","template":"templates\/page-privacy-policy.php","meta":{"_acf_changed":false,"content-type":"","footnotes":""},"class_list":["post-8936","page","type-page","status-publish","hentry"],"acf":[],"yoast_head":"<!-- This site is optimized with the Yoast SEO plugin v27.5 - https:\/\/yoast.com\/product\/yoast-seo-wordpress\/ -->\n<title>Forward Thinking Systems Flow Thru Terms<\/title>\n<meta name=\"robots\" content=\"noindex, nofollow\" \/>\n<meta property=\"og:locale\" content=\"fr_FR\" \/>\n<meta property=\"og:type\" content=\"article\" \/>\n<meta property=\"og:title\" content=\"Forward Thinking Systems Flow Thru Terms\" \/>\n<meta property=\"og:description\" content=\"Forward Thinking Systems Flow Thru Terms By accepting the Forward Thinking Systems (\u201cFTS\u201d) User Terms of Service (located at: https:\/\/www.ftsgps.com\/legal\/terms-of-service\/), User agrees and acknowledges that the Services provided by FTS hereunder may be subject to certain requirements and terms of third parties, which may be amended, modified, and substituted from time to time (such requirements&hellip;\" \/>\n<meta property=\"og:url\" content=\"https:\/\/www.ftsgps.com\/fr\/juridique\/conditions-de-circulation\/\" \/>\n<meta property=\"og:site_name\" content=\"Forward Thinking Systems\" \/>\n<meta property=\"article:publisher\" content=\"https:\/\/www.facebook.com\/ftsGPS\/\" \/>\n<meta property=\"article:modified_time\" content=\"2024-09-06T14:19:28+00:00\" \/>\n<meta property=\"og:image\" content=\"https:\/\/www.ftsgps.com\/wp-content\/uploads\/2026\/02\/ForwardThinkingSystems.png\" \/>\n\t<meta property=\"og:image:width\" content=\"1200\" \/>\n\t<meta property=\"og:image:height\" content=\"675\" \/>\n\t<meta property=\"og:image:type\" content=\"image\/png\" \/>\n<meta name=\"twitter:card\" content=\"summary_large_image\" \/>\n<meta name=\"twitter:site\" content=\"@FTSGPS\" \/>\n<meta name=\"twitter:label1\" content=\"Dur\u00e9e de lecture estim\u00e9e\" \/>\n\t<meta name=\"twitter:data1\" content=\"4 minutes\" \/>\n<!-- \/ Yoast SEO plugin. -->","yoast_head_json":{"title":"Syst\u00e8mes de r\u00e9flexion prospective Termes de circulation","robots":{"index":"noindex","follow":"nofollow"},"og_locale":"fr_FR","og_type":"article","og_title":"Forward Thinking Systems Flow Thru Terms","og_description":"Forward Thinking Systems Flow Thru Terms By accepting the Forward Thinking Systems (\u201cFTS\u201d) User Terms of Service (located at: https:\/\/www.ftsgps.com\/legal\/terms-of-service\/), User agrees and acknowledges that the Services provided by FTS hereunder may be subject to certain requirements and terms of third parties, which may be amended, modified, and substituted from time to time (such requirements&hellip;","og_url":"https:\/\/www.ftsgps.com\/fr\/juridique\/conditions-de-circulation\/","og_site_name":"Forward Thinking Systems","article_publisher":"https:\/\/www.facebook.com\/ftsGPS\/","article_modified_time":"2024-09-06T14:19:28+00:00","og_image":[{"width":1200,"height":675,"url":"https:\/\/www.ftsgps.com\/wp-content\/uploads\/2026\/02\/ForwardThinkingSystems.png","type":"image\/png"}],"twitter_card":"summary_large_image","twitter_site":"@FTSGPS","twitter_misc":{"Dur\u00e9e de lecture estim\u00e9e":"4 minutes"},"schema":{"@context":"https:\/\/schema.org","@graph":[{"@type":"WebPage","@id":"https:\/\/www.ftsgps.com\/legal\/flow-thru-terms\/","url":"https:\/\/www.ftsgps.com\/legal\/flow-thru-terms\/","name":"Syst\u00e8mes de r\u00e9flexion prospective Termes de circulation","isPartOf":{"@id":"https:\/\/www.ftsgps.com\/#website"},"datePublished":"2024-08-30T14:47:07+00:00","dateModified":"2024-09-06T14:19:28+00:00","breadcrumb":{"@id":"https:\/\/www.ftsgps.com\/legal\/flow-thru-terms\/#breadcrumb"},"inLanguage":"fr-FR","potentialAction":[{"@type":"ReadAction","target":["https:\/\/www.ftsgps.com\/legal\/flow-thru-terms\/"]}]},{"@type":"BreadcrumbList","@id":"https:\/\/www.ftsgps.com\/legal\/flow-thru-terms\/#breadcrumb","itemListElement":[{"@type":"ListItem","position":1,"name":"Legal","item":"https:\/\/www.ftsgps.com\/legal\/"},{"@type":"ListItem","position":2,"name":"Forward Thinking Systems Flow Thru Terms"}]},{"@type":"WebSite","@id":"https:\/\/www.ftsgps.com\/#website","url":"https:\/\/www.ftsgps.com\/","name":"Syst\u00e8mes de r\u00e9flexion prospective","description":"Garder une longueur d'avance sur les autres","publisher":{"@id":"https:\/\/www.ftsgps.com\/#organization"},"potentialAction":[{"@type":"SearchAction","target":{"@type":"EntryPoint","urlTemplate":"https:\/\/www.ftsgps.com\/?s={search_term_string}"},"query-input":{"@type":"PropertyValueSpecification","valueRequired":true,"valueName":"search_term_string"}}],"inLanguage":"fr-FR"},{"@type":"Organization","@id":"https:\/\/www.ftsgps.com\/#organization","name":"Syst\u00e8mes de r\u00e9flexion prospective","alternateName":"FTSGPS","url":"https:\/\/www.ftsgps.com\/","logo":{"@type":"ImageObject","inLanguage":"fr-FR","@id":"https:\/\/www.ftsgps.com\/#\/schema\/logo\/image\/","url":"https:\/\/www.ftsgps.com\/wp-content\/uploads\/2019\/07\/Forward-Thinking-Systems-logo.svg","contentUrl":"https:\/\/www.ftsgps.com\/wp-content\/uploads\/2019\/07\/Forward-Thinking-Systems-logo.svg","width":656,"height":129,"caption":"Forward Thinking Systems"},"image":{"@id":"https:\/\/www.ftsgps.com\/#\/schema\/logo\/image\/"},"sameAs":["https:\/\/www.facebook.com\/ftsGPS\/","https:\/\/x.com\/FTSGPS","https:\/\/www.linkedin.com\/company\/forward-thinking-systems"]}]}},"_links":{"self":[{"href":"https:\/\/www.ftsgps.com\/fr\/wp-json\/wp\/v2\/pages\/8936","targetHints":{"allow":["GET"]}}],"collection":[{"href":"https:\/\/www.ftsgps.com\/fr\/wp-json\/wp\/v2\/pages"}],"about":[{"href":"https:\/\/www.ftsgps.com\/fr\/wp-json\/wp\/v2\/types\/page"}],"author":[{"embeddable":true,"href":"https:\/\/www.ftsgps.com\/fr\/wp-json\/wp\/v2\/users\/3"}],"replies":[{"embeddable":true,"href":"https:\/\/www.ftsgps.com\/fr\/wp-json\/wp\/v2\/comments?post=8936"}],"version-history":[{"count":13,"href":"https:\/\/www.ftsgps.com\/fr\/wp-json\/wp\/v2\/pages\/8936\/revisions"}],"predecessor-version":[{"id":8982,"href":"https:\/\/www.ftsgps.com\/fr\/wp-json\/wp\/v2\/pages\/8936\/revisions\/8982"}],"up":[{"embeddable":true,"href":"https:\/\/www.ftsgps.com\/fr\/wp-json\/wp\/v2\/pages\/8470"}],"wp:attachment":[{"href":"https:\/\/www.ftsgps.com\/fr\/wp-json\/wp\/v2\/media?parent=8936"}],"curies":[{"name":"wp","href":"https:\/\/api.w.org\/{rel}","templated":true}]}}