{"id":9220,"date":"2025-03-04T09:04:19","date_gmt":"2025-03-04T14:04:19","guid":{"rendered":"https:\/\/www.ftsgps.com\/?page_id=9220"},"modified":"2026-04-24T15:44:12","modified_gmt":"2026-04-24T19:44:12","slug":"services-publics-sur-le-terrain","status":"publish","type":"page","link":"https:\/\/www.ftsgps.com\/fr\/industries\/utility-field-services\/","title":{"rendered":"Services publics sur le terrain Gestion du parc automobile"},"content":{"rendered":"","protected":false},"excerpt":{"rendered":"","protected":false},"author":3,"featured_media":0,"parent":365,"menu_order":0,"comment_status":"closed","ping_status":"closed","template":"templates\/industries-utility-field-services.php","meta":{"_acf_changed":false,"content-type":"","footnotes":""},"class_list":["post-9220","page","type-page","status-publish","hentry"],"acf":[],"yoast_head":"<!-- This site is optimized with the Yoast SEO plugin v27.5 - https:\/\/yoast.com\/product\/yoast-seo-wordpress\/ -->\n<title>Utility Fleet Tracking &amp; Field Services Management | FTSGPS<\/title>\n<meta name=\"description\" content=\"Know where every technician and vehicle is, right now. IntelliHub gives utility fleets real-time GPS tracking, equipment monitoring, and dispatch in one platform.\" \/>\n<meta name=\"robots\" content=\"index, follow, max-snippet:-1, max-image-preview:large, max-video-preview:-1\" \/>\n<link rel=\"canonical\" href=\"https:\/\/www.ftsgps.com\/fr\/secteurs-dactivite\/services-publics-sur-le-terrain\/\" \/>\n<meta property=\"og:locale\" content=\"fr_FR\" \/>\n<meta property=\"og:type\" content=\"article\" \/>\n<meta property=\"og:title\" content=\"Utility Fleet Tracking &amp; Field Services Management | FTSGPS\" \/>\n<meta property=\"og:description\" content=\"Know where every technician and vehicle is, right now. IntelliHub gives utility fleets real-time GPS tracking, equipment monitoring, and dispatch in one platform.\" \/>\n<meta property=\"og:url\" content=\"https:\/\/www.ftsgps.com\/fr\/secteurs-dactivite\/services-publics-sur-le-terrain\/\" \/>\n<meta property=\"og:site_name\" content=\"Forward Thinking Systems\" \/>\n<meta property=\"article:publisher\" content=\"https:\/\/www.facebook.com\/ftsGPS\/\" \/>\n<meta property=\"article:modified_time\" content=\"2026-04-24T19:44:12+00:00\" \/>\n<meta property=\"og:image\" content=\"https:\/\/www.ftsgps.com\/wp-content\/uploads\/2026\/02\/ForwardThinkingSystems.png\" \/>\n\t<meta property=\"og:image:width\" content=\"1200\" \/>\n\t<meta property=\"og:image:height\" content=\"675\" \/>\n\t<meta property=\"og:image:type\" content=\"image\/png\" \/>\n<meta name=\"twitter:card\" content=\"summary_large_image\" \/>\n<meta name=\"twitter:site\" content=\"@FTSGPS\" \/>\n<!-- \/ Yoast SEO plugin. -->","yoast_head_json":{"title":"Suivi de flotte utilitaire et gestion des services sur le terrain | FTSGPS","description":"Sachez o\u00f9 se trouvent chaque technicien et chaque v\u00e9hicule, d\u00e8s maintenant. IntelliHub offre aux flottes de services publics un suivi GPS en temps r\u00e9el, une surveillance des \u00e9quipements et un dispatch sur une seule plateforme.","robots":{"index":"index","follow":"follow","max-snippet":"max-snippet:-1","max-image-preview":"max-image-preview:large","max-video-preview":"max-video-preview:-1"},"canonical":"https:\/\/www.ftsgps.com\/fr\/secteurs-dactivite\/services-publics-sur-le-terrain\/","og_locale":"fr_FR","og_type":"article","og_title":"Utility Fleet Tracking & Field Services Management | FTSGPS","og_description":"Know where every technician and vehicle is, right now. IntelliHub gives utility fleets real-time GPS tracking, equipment monitoring, and dispatch in one platform.","og_url":"https:\/\/www.ftsgps.com\/fr\/secteurs-dactivite\/services-publics-sur-le-terrain\/","og_site_name":"Forward Thinking Systems","article_publisher":"https:\/\/www.facebook.com\/ftsGPS\/","article_modified_time":"2026-04-24T19:44:12+00:00","og_image":[{"width":1200,"height":675,"url":"https:\/\/www.ftsgps.com\/wp-content\/uploads\/2026\/02\/ForwardThinkingSystems.png","type":"image\/png"}],"twitter_card":"summary_large_image","twitter_site":"@FTSGPS","schema":{"@context":"https:\/\/schema.org","@graph":[{"@type":"WebPage","@id":"https:\/\/www.ftsgps.com\/industries\/utility-field-services\/","url":"https:\/\/www.ftsgps.com\/industries\/utility-field-services\/","name":"Suivi de flotte utilitaire et gestion des services sur le terrain | FTSGPS","isPartOf":{"@id":"https:\/\/www.ftsgps.com\/#website"},"datePublished":"2025-03-04T14:04:19+00:00","dateModified":"2026-04-24T19:44:12+00:00","description":"Sachez o\u00f9 se trouvent chaque technicien et chaque v\u00e9hicule, d\u00e8s maintenant. IntelliHub offre aux flottes de services publics un suivi GPS en temps r\u00e9el, une surveillance des \u00e9quipements et un dispatch sur une seule plateforme.","breadcrumb":{"@id":"https:\/\/www.ftsgps.com\/industries\/utility-field-services\/#breadcrumb"},"inLanguage":"fr-FR","potentialAction":[{"@type":"ReadAction","target":["https:\/\/www.ftsgps.com\/industries\/utility-field-services\/"]}]},{"@type":"BreadcrumbList","@id":"https:\/\/www.ftsgps.com\/industries\/utility-field-services\/#breadcrumb","itemListElement":[{"@type":"ListItem","position":1,"name":"Industries","item":"https:\/\/www.ftsgps.com\/industries\/"},{"@type":"ListItem","position":2,"name":"Utility Field Services Fleet Management"}]},{"@type":"WebSite","@id":"https:\/\/www.ftsgps.com\/#website","url":"https:\/\/www.ftsgps.com\/","name":"Syst\u00e8mes de r\u00e9flexion prospective","description":"Garder une longueur d'avance sur les autres","publisher":{"@id":"https:\/\/www.ftsgps.com\/#organization"},"potentialAction":[{"@type":"SearchAction","target":{"@type":"EntryPoint","urlTemplate":"https:\/\/www.ftsgps.com\/?s={search_term_string}"},"query-input":{"@type":"PropertyValueSpecification","valueRequired":true,"valueName":"search_term_string"}}],"inLanguage":"fr-FR"},{"@type":"Organization","@id":"https:\/\/www.ftsgps.com\/#organization","name":"Syst\u00e8mes de r\u00e9flexion prospective","alternateName":"FTSGPS","url":"https:\/\/www.ftsgps.com\/","logo":{"@type":"ImageObject","inLanguage":"fr-FR","@id":"https:\/\/www.ftsgps.com\/#\/schema\/logo\/image\/","url":"https:\/\/www.ftsgps.com\/wp-content\/uploads\/2019\/07\/Forward-Thinking-Systems-logo.svg","contentUrl":"https:\/\/www.ftsgps.com\/wp-content\/uploads\/2019\/07\/Forward-Thinking-Systems-logo.svg","width":656,"height":129,"caption":"Forward Thinking Systems"},"image":{"@id":"https:\/\/www.ftsgps.com\/#\/schema\/logo\/image\/"},"sameAs":["https:\/\/www.facebook.com\/ftsGPS\/","https:\/\/x.com\/FTSGPS","https:\/\/www.linkedin.com\/company\/forward-thinking-systems"]}]}},"_links":{"self":[{"href":"https:\/\/www.ftsgps.com\/fr\/wp-json\/wp\/v2\/pages\/9220","targetHints":{"allow":["GET"]}}],"collection":[{"href":"https:\/\/www.ftsgps.com\/fr\/wp-json\/wp\/v2\/pages"}],"about":[{"href":"https:\/\/www.ftsgps.com\/fr\/wp-json\/wp\/v2\/types\/page"}],"author":[{"embeddable":true,"href":"https:\/\/www.ftsgps.com\/fr\/wp-json\/wp\/v2\/users\/3"}],"replies":[{"embeddable":true,"href":"https:\/\/www.ftsgps.com\/fr\/wp-json\/wp\/v2\/comments?post=9220"}],"version-history":[{"count":5,"href":"https:\/\/www.ftsgps.com\/fr\/wp-json\/wp\/v2\/pages\/9220\/revisions"}],"predecessor-version":[{"id":10246,"href":"https:\/\/www.ftsgps.com\/fr\/wp-json\/wp\/v2\/pages\/9220\/revisions\/10246"}],"up":[{"embeddable":true,"href":"https:\/\/www.ftsgps.com\/fr\/wp-json\/wp\/v2\/pages\/365"}],"wp:attachment":[{"href":"https:\/\/www.ftsgps.com\/fr\/wp-json\/wp\/v2\/media?parent=9220"}],"curies":[{"name":"wp","href":"https:\/\/api.w.org\/{rel}","templated":true}]}}